{"id":11128,"date":"2025-11-26T18:13:34","date_gmt":"2025-11-26T18:13:34","guid":{"rendered":"https:\/\/rossymina.cat\/?page_id=11128"},"modified":"2026-01-21T07:39:50","modified_gmt":"2026-01-21T07:39:50","slug":"cookie-policy","status":"publish","type":"page","link":"https:\/\/rossymina.cat\/en\/cookie-policy\/","title":{"rendered":"Cookie policy"},"content":{"rendered":"<div data-elementor-type=\"wp-page\" data-elementor-id=\"11128\" class=\"elementor elementor-11128\" data-elementor-post-type=\"page\">\n\t\t\t\t<div class=\"elementor-element elementor-element-e289e60 e-flex e-con-boxed e-con e-parent\" data-id=\"e289e60\" data-element_type=\"container\" data-e-type=\"container\">\n\t\t\t\t\t<div class=\"e-con-inner\">\n\t\t\t\t<div class=\"elementor-element elementor-element-b7e9460 elementor-widget elementor-widget-heading\" data-id=\"b7e9460\" data-element_type=\"widget\" data-e-type=\"widget\" data-widget_type=\"heading.default\">\n\t\t\t\t\t<h2 class=\"elementor-heading-title elementor-size-default\">Cookie policy<\/h2>\t\t\t\t<\/div>\n\t\t\t\t<div class=\"elementor-element elementor-element-ac3e0fd elementor-widget elementor-widget-text-editor\" data-id=\"ac3e0fd\" data-element_type=\"widget\" data-e-type=\"widget\" data-widget_type=\"text-editor.default\">\n\t\t\t\t\t\t\t\t\t<p><b>What are the <\/b><b><i>cookies<\/i><\/b><b>?<\/b><\/p><p><span style=\"font-weight: 400;\">The <\/span><i><span style=\"font-weight: 400;\">cookies<\/span><\/i><span style=\"font-weight: 400;\"> Cookies are small data files that are received on the terminal from the website visited and are used to record certain navigation interactions on a website by storing data that can be updated and retrieved. These files are stored on the user&#039;s computer and contain anonymous data that is not harmful to their computer. They are used to remember the user&#039;s preferences, such as the selected language, access data or page personalization.<\/span><\/p><p><span style=\"font-weight: 400;\">The <\/span><i><span style=\"font-weight: 400;\">cookies<\/span><\/i><span style=\"font-weight: 400;\"> They can also be used to record anonymous information about how the visitor uses the site. For example, from which web page they accessed it or if they used an advertising banner to reach it.<\/span><\/p><p><b>Why THIS WEBSITE uses <\/b><b><i>cookies<\/i><\/b><b>?<\/b><\/p><p><span style=\"font-weight: 400;\">THIS WEBSITE uses <\/span><i><span style=\"font-weight: 400;\">cookies<\/span><\/i><span style=\"font-weight: 400;\"> strictly necessary and essential for you to use our websites and be able to move freely, use secure areas, configure personalized options, etc. In addition, it uses <\/span><i><span style=\"font-weight: 400;\">cookies<\/span><\/i><span style=\"font-weight: 400;\"> which collect data relating to the analysis of website usage. These are used to help improve the service for the user, measuring the use and performance of the page to optimize and personalize it.<\/span><\/p><p><span style=\"font-weight: 400;\">Our sites may also contain links to social networks (such as Facebook or Twitter). THIS WEBSITE does not control the <\/span><i><span style=\"font-weight: 400;\">cookies<\/span><\/i><span style=\"font-weight: 400;\"> used by these external websites. For more information about the<\/span><i><span style=\"font-weight: 400;\">cookies<\/span><\/i><span style=\"font-weight: 400;\"> of social networks or other external websites, we advise you to review their own policies <\/span><i><span style=\"font-weight: 400;\">cookies<\/span><\/i><span style=\"font-weight: 400;\">.<\/span><\/p><p><b>What use do we give to the different types of <\/b><b><i>cookies<\/i><\/b><b>?<\/b><\/p><p><b>According to its purpose:<\/b><\/p><p><b>Technical cookies<\/b><\/p><p><span style=\"font-weight: 400;\">The <\/span><i><span style=\"font-weight: 400;\">cookies<\/span><\/i><span style=\"font-weight: 400;\"> Technical requirements are those that are essential and strictly necessary for the correct functioning of a web portal and the use of the different options and services it offers.<\/span><\/p><p><span style=\"font-weight: 400;\">\u00a0For example, those used for session maintenance, response time management, performance or option validation, use of security elements, sharing content with social networks, etc.<\/span><\/p><p><b>Personalization cookies<\/b><\/p><p><span style=\"font-weight: 400;\">These <\/span><i><span style=\"font-weight: 400;\">cookies<\/span><\/i><span style=\"font-weight: 400;\"> They allow the user to specify or customize some characteristics of the general options of the web page. For example, defining the language, regional configuration or browser type.<\/span><\/p><p><b>Analytical cookies<\/b><\/p><p><span style=\"font-weight: 400;\">The <\/span><i><span style=\"font-weight: 400;\">cookies<\/span><\/i><span style=\"font-weight: 400;\"> Analytics are those used by our web portals to create browsing profiles and learn about user preferences in order to improve the range of products and services offered.<\/span><\/p><p><span style=\"font-weight: 400;\">For example, through a <\/span><i><span style=\"font-weight: 400;\">cookie<\/span><\/i><span style=\"font-weight: 400;\"> Analytics would control the geographical areas of greatest interest to a user, which product is most accepted, etc.<\/span><\/p><p><b>Advertising\/marketing cookies<\/b><\/p><p><span style=\"font-weight: 400;\">The <\/span><i><span style=\"font-weight: 400;\">cookies<\/span><\/i><span style=\"font-weight: 400;\"> Advertising platforms allow the management of advertising spaces according to specific criteria. For example, frequency of access, edited content, etc.<\/span><\/p><p><span style=\"font-weight: 400;\">The <\/span><i><span style=\"font-weight: 400;\">cookies<\/span><\/i><span style=\"font-weight: 400;\"> Advertising systems allow, through advertising management, to store behavioral information through the observation of habits, studying accesses and forming a profile of user preferences, to offer them advertising related to the interests of their profile.<\/span><\/p><p><b>According to term:<\/b><\/p><p><b>Session cookies<\/b><\/p><p><span style=\"font-weight: 400;\">The <\/span><i><span style=\"font-weight: 400;\">cookies<\/span><\/i><span style=\"font-weight: 400;\"> Session cookies are those that last for the time that the user is browsing the web page and are deleted when they finish doing so.<\/span><\/p><p><b>Persistent cookies<\/b><\/p><p><span style=\"font-weight: 400;\">These <\/span><i><span style=\"font-weight: 400;\">cookies<\/span><\/i><span style=\"font-weight: 400;\"> they are stored on the user&#039;s terminal for a longer time, thus facilitating control of the chosen preferences without having to repeat certain parameters each time the website is visited.<\/span><\/p><p><b>And if I don&#039;t want to have these <\/b><b><i>cookies<\/i><\/b><b> or do I do nothing?<\/b><\/p><p><span style=\"font-weight: 400;\">To comply with current legislation, we must ask for permission to manage <\/span><i><span style=\"font-weight: 400;\">cookies<\/span><\/i><span style=\"font-weight: 400;\">. If you decide not to authorize the processing by indicating to us that you do not agree, we would only use the <\/span><i><span style=\"font-weight: 400;\">cookies<\/span><\/i><span style=\"font-weight: 400;\"> technical, as they are essential to browse our website. In this case, we would not store any <\/span><i><span style=\"font-weight: 400;\">cookie<\/span><\/i><span style=\"font-weight: 400;\">. If you continue to browse our website without denying authorization, this implies that you accept its use.<\/span><\/p><p><span style=\"font-weight: 400;\">Please note that if you reject or delete the <\/span><i><span style=\"font-weight: 400;\">cookies<\/span><\/i><span style=\"font-weight: 400;\"> of browsing the web, we will not be able to maintain your preferences, some features of the pages will not be operational, we will not be able to offer you personalized services and each time you browse our website we will have to request your authorization again for the use of <\/span><i><span style=\"font-weight: 400;\">cookies<\/span><\/i><span style=\"font-weight: 400;\">.<\/span><\/p><p><span style=\"font-weight: 400;\">If, however, you decide to modify the configuration of your access to the website, you should know that it is possible to delete the <\/span><i><span style=\"font-weight: 400;\">cookies<\/span><\/i><span style=\"font-weight: 400;\"> or prevent this information from being recorded on your computer at any time by modifying your browser configuration settings:<\/span><\/p><ul><li style=\"font-weight: 400;\" aria-level=\"1\"><a href=\"https:\/\/windows.microsoft.com\/es-es\/windows-vista\/block-or-allow-cookies\" target=\"_blank\" rel=\"noopener\"><span style=\"font-weight: 400;\">Configuration of <\/span><i><span style=\"font-weight: 400;\">cookies<\/span><\/i><span style=\"font-weight: 400;\"> from Internet Explorer<\/span><\/a><\/li><li style=\"font-weight: 400;\" aria-level=\"1\"><a href=\"https:\/\/support.mozilla.org\/ca\/kb\/enable-and-disable-cookies-website-preferences\" target=\"_blank\" rel=\"noopener\"><span style=\"font-weight: 400;\">Configuration of <\/span><i><span style=\"font-weight: 400;\">cookies<\/span><\/i><span style=\"font-weight: 400;\"> from Firefox<\/span><\/a><\/li><li style=\"font-weight: 400;\" aria-level=\"1\"><a href=\"https:\/\/support.google.com\/chrome\/answer\/95647?hl=ca\" target=\"_blank\" rel=\"noopener\"><span style=\"font-weight: 400;\">Configuration of <\/span><i><span style=\"font-weight: 400;\">cookies<\/span><\/i><span style=\"font-weight: 400;\"> from Google Chrome<\/span><\/a><\/li><li style=\"font-weight: 400;\" aria-level=\"1\"><a href=\"https:\/\/support.apple.com\/kb\/HT1677?viewlocale=es_ES&amp;locale=es_ES\" target=\"_blank\" rel=\"noopener\"><span style=\"font-weight: 400;\">Configuration of <\/span><i><span style=\"font-weight: 400;\">cookies<\/span><\/i><span style=\"font-weight: 400;\"> Safari<\/span><\/a><\/li><\/ul><p><span style=\"font-weight: 400;\">These browsers are subject to updates or modifications, so we cannot guarantee that they will fully adapt to your browser version. You may also be using another browser not included in these links, such as Konqueror, Arora, Flock, etc.<\/span><\/p><p><span style=\"font-weight: 400;\">To avoid these mismatches, you can access them directly from your browser options, which are generally found in the Options menu, in the \u201cPrivacy\u201d section. (Please consult your browser&#039;s help for more information.)<\/span><\/p><p><b>The data collected in the <\/b><b><i>cookies<\/i><\/b><b>, are they used on websites that are not from THIS WEBSITE?<\/b><\/p><p><span style=\"font-weight: 400;\">Some of our <\/span><i><span style=\"font-weight: 400;\">cookies<\/span><\/i><span style=\"font-weight: 400;\"> is used to generate advertising on third-party networks or to perform analytics for which we use tools external to THIS WEBSITE. <\/span><i><span style=\"font-weight: 400;\">cookies<\/span><\/i><span style=\"font-weight: 400;\"> used are for the exclusive use of the bank and its group of companies, which in no case commercializes them.<\/span><\/p><p><span style=\"font-weight: 400;\">On THIS WEBSITE we work with trusted providers who help us in the management and personalization of our websites.<\/span><\/p><p><b>So, what does the above information mean?<\/b><\/p><p><span style=\"font-weight: 400;\">If you accept our <\/span><i><span style=\"font-weight: 400;\">cookies<\/span><\/i><span style=\"font-weight: 400;\">, allows us to improve the websites of THIS WEBSITE to offer you optimal access and give you a more effective and personalized service.<\/span><\/p><p><span style=\"font-weight: 400;\">Additionally, you can configure your browser to establish that only trusted websites or the pages you are currently browsing can handle <\/span><i><span style=\"font-weight: 400;\">cookies<\/span><\/i><span style=\"font-weight: 400;\">, which allows you to select your preferences.<\/span><\/p><p><span style=\"font-weight: 400;\">With this policy, THIS WEBSITE demonstrates its commitment to current legislation on the use of <\/span><i><span style=\"font-weight: 400;\">cookies<\/span><\/i><span style=\"font-weight: 400;\">, giving you information so you can understand what type of <\/span><i><span style=\"font-weight: 400;\">cookies<\/span><\/i><span style=\"font-weight: 400;\">we will use and why we do it. With this we aim to provide you with transparency in relation to the data processed during navigation from your computer on our website.<\/span><\/p><p><span style=\"font-weight: 400;\">This policy is reviewed periodically to ensure its validity, so it may be modified. We recommend that you visit the page regularly, where we will inform you of any updates.<\/span><\/p><p><b>Where can I get more information?<\/b><\/p><p><span style=\"font-weight: 400;\">If you need more information about the directive <\/span><i><span style=\"font-weight: 400;\">cookies<\/span><\/i><span style=\"font-weight: 400;\">, please consult the Official State Gazette published on 31 March 2012 (for Spain), which transposes the directives on electronic communications. The directive can also be consulted at <\/span><a href=\"https:\/\/ico.org.uk\/\" target=\"_blank\" rel=\"noopener\"><span style=\"font-weight: 400;\">Information Commissioner&#039;s Office<\/span><\/a><span style=\"font-weight: 400;\"> (in English).<\/span><\/p><p><span style=\"font-weight: 400;\">Additionally, you can access some educational videos published by the Spanish Data Protection Agency that explain, step by step, how to configure the privacy options of browsers, social networks and the most common mobile operating systems, in <\/span><a href=\"https:\/\/www.youtube.com\/user\/desdelaAEPD\" target=\"_blank\" rel=\"noopener\"><span style=\"font-weight: 400;\">AEPD Videos<\/span><\/a><\/p>\t\t\t\t\t\t\t\t<\/div>\n\t\t\t\t\t<\/div>\n\t\t\t\t<\/div>\n\t\t\t\t<\/div>","protected":false},"excerpt":{"rendered":"<p>Qu\u00e8 s\u00f3n les cookies? Les cookies s\u00f3n petits arxius de dades que es reben en el terminal des del lloc web visitat i s\u2019usen per registrar certes interacciones de la navegaci\u00f3 en un lloc web emmagatzemant dades que podran ser actualitzades i recuperades. Aquests arxius s\u2019emmagatzemen en l\u2019ordinador de l\u2019usuari i contenen dades an\u00f2nimes que [&hellip;]<\/p>\n","protected":false},"author":1,"featured_media":0,"parent":0,"menu_order":0,"comment_status":"closed","ping_status":"closed","template":"","meta":{"footnotes":""},"class_list":["post-11128","page","type-page","status-publish","hentry"],"_links":{"self":[{"href":"https:\/\/rossymina.cat\/en\/wp-json\/wp\/v2\/pages\/11128","targetHints":{"allow":["GET"]}}],"collection":[{"href":"https:\/\/rossymina.cat\/en\/wp-json\/wp\/v2\/pages"}],"about":[{"href":"https:\/\/rossymina.cat\/en\/wp-json\/wp\/v2\/types\/page"}],"author":[{"embeddable":true,"href":"https:\/\/rossymina.cat\/en\/wp-json\/wp\/v2\/users\/1"}],"replies":[{"embeddable":true,"href":"https:\/\/rossymina.cat\/en\/wp-json\/wp\/v2\/comments?post=11128"}],"version-history":[{"count":10,"href":"https:\/\/rossymina.cat\/en\/wp-json\/wp\/v2\/pages\/11128\/revisions"}],"predecessor-version":[{"id":13451,"href":"https:\/\/rossymina.cat\/en\/wp-json\/wp\/v2\/pages\/11128\/revisions\/13451"}],"wp:attachment":[{"href":"https:\/\/rossymina.cat\/en\/wp-json\/wp\/v2\/media?parent=11128"}],"curies":[{"name":"wp","href":"https:\/\/api.w.org\/{rel}","templated":true}]}}