{"id":238,"date":"2025-11-25T12:08:31","date_gmt":"2025-11-25T12:08:31","guid":{"rendered":"https:\/\/rossymina.cat\/tienda\/"},"modified":"2025-12-09T11:28:09","modified_gmt":"2025-12-09T11:28:09","slug":"leather-goods-in-barcelona","status":"publish","type":"page","link":"https:\/\/rossymina.cat\/en\/leather-goods-in-barcelona\/","title":{"rendered":"Shop"},"content":{"rendered":"<h2 class=\"wp-block-heading oculto-seo\">Handmade leather goods store in Barcelona.<\/h2>\n\n\n\n<p>At Rossymina you will find bags, wallets and leather accessories handmade in our leather goods workshop in Barcelona.<\/p>\n\n\n\n<p>Each piece is handcrafted, with premium materials, traditional techniques and a dedication that makes them unique.<\/p>\n\n\n\n<p><a href=\"https:\/\/rossymina.cat\/en\/leather-goods-in-barcelona\/\" data-type=\"page\" data-id=\"238\">Explora la nostra col\u00b7lecci\u00f3<\/a> i descobreix dissenys pensats per acompanyar-te durant molts anys.<\/p>\n\n\n\n<figure class=\"wp-block-image size-large\"><img fetchpriority=\"high\" decoding=\"async\" width=\"1024\" height=\"683\" src=\"https:\/\/rossymina.cat\/wp-content\/uploads\/2025\/12\/black-bag-zip-xs-1-scaled-1-1024x683.jpg\" alt=\"Leather goods in Barcelona\" class=\"wp-image-11519\" title=\"\" srcset=\"https:\/\/rossymina.cat\/wp-content\/uploads\/2025\/12\/black-bag-zip-xs-1-scaled-1-1024x683.jpg 1024w, https:\/\/rossymina.cat\/wp-content\/uploads\/2025\/12\/black-bag-zip-xs-1-scaled-1-300x200.jpg 300w, https:\/\/rossymina.cat\/wp-content\/uploads\/2025\/12\/black-bag-zip-xs-1-scaled-1-768x512.jpg 768w, https:\/\/rossymina.cat\/wp-content\/uploads\/2025\/12\/black-bag-zip-xs-1-scaled-1-1536x1024.jpg 1536w, https:\/\/rossymina.cat\/wp-content\/uploads\/2025\/12\/black-bag-zip-xs-1-scaled-1-18x12.jpg 18w, https:\/\/rossymina.cat\/wp-content\/uploads\/2025\/12\/black-bag-zip-xs-1-scaled-1-600x400.jpg 600w, https:\/\/rossymina.cat\/wp-content\/uploads\/2025\/12\/black-bag-zip-xs-1-scaled-1.jpg 1920w\" sizes=\"(max-width: 1024px) 100vw, 1024px\" \/><\/figure>","protected":false},"excerpt":{"rendered":"<p>Botiga d\u2019articles de cuir a Barcelona fets a m\u00e0. A Rossymina hi trobar\u00e0s bosses, carteres i accessoris de cuir fets a m\u00e0 al nostre taller amb articles de cuir a Barcelona. Cada pe\u00e7a est\u00e0 creada artesanalment, amb materials premium, t\u00e8cniques tradicionals i una dedicaci\u00f3 que les fa \u00faniques. Explora la nostra col\u00b7lecci\u00f3 i descobreix dissenys [&hellip;]<\/p>\n","protected":false},"author":1,"featured_media":0,"parent":0,"menu_order":0,"comment_status":"closed","ping_status":"closed","template":"","meta":{"footnotes":""},"class_list":["post-238","page","type-page","status-publish","hentry"],"_links":{"self":[{"href":"https:\/\/rossymina.cat\/en\/wp-json\/wp\/v2\/pages\/238","targetHints":{"allow":["GET"]}}],"collection":[{"href":"https:\/\/rossymina.cat\/en\/wp-json\/wp\/v2\/pages"}],"about":[{"href":"https:\/\/rossymina.cat\/en\/wp-json\/wp\/v2\/types\/page"}],"author":[{"embeddable":true,"href":"https:\/\/rossymina.cat\/en\/wp-json\/wp\/v2\/users\/1"}],"replies":[{"embeddable":true,"href":"https:\/\/rossymina.cat\/en\/wp-json\/wp\/v2\/comments?post=238"}],"version-history":[{"count":5,"href":"https:\/\/rossymina.cat\/en\/wp-json\/wp\/v2\/pages\/238\/revisions"}],"predecessor-version":[{"id":13169,"href":"https:\/\/rossymina.cat\/en\/wp-json\/wp\/v2\/pages\/238\/revisions\/13169"}],"wp:attachment":[{"href":"https:\/\/rossymina.cat\/en\/wp-json\/wp\/v2\/media?parent=238"}],"curies":[{"name":"wp","href":"https:\/\/api.w.org\/{rel}","templated":true}]}}