{"id":242,"date":"2026-04-28T11:47:42","date_gmt":"2026-04-28T11:47:42","guid":{"rendered":"https:\/\/rossymina.cat\/?page_id=242"},"modified":"2026-04-28T11:52:56","modified_gmt":"2026-04-28T11:52:56","slug":"terms-of-purchase-and-returns","status":"publish","type":"page","link":"https:\/\/rossymina.cat\/en\/terms-of-purchase-and-returns\/","title":{"rendered":"Terms of purchase and returns"},"content":{"rendered":"<div data-elementor-type=\"wp-page\" data-elementor-id=\"242\" class=\"elementor elementor-242\" data-elementor-post-type=\"page\">\n\t\t\t\t<div class=\"elementor-element elementor-element-5598831 e-flex e-con-boxed e-con e-parent\" data-id=\"5598831\" data-element_type=\"container\" data-e-type=\"container\">\n\t\t\t\t\t<div class=\"e-con-inner\">\n\t\t\t\t<div class=\"elementor-element elementor-element-2e6ebb7 elementor-widget elementor-widget-heading\" data-id=\"2e6ebb7\" data-element_type=\"widget\" data-e-type=\"widget\" data-widget_type=\"heading.default\">\n\t\t\t\t\t<h2 class=\"elementor-heading-title elementor-size-default\">Terms of purchase and returns<\/h2>\t\t\t\t<\/div>\n\t\t\t\t<div class=\"elementor-element elementor-element-d1ba621 elementor-widget elementor-widget-text-editor\" data-id=\"d1ba621\" data-element_type=\"widget\" data-e-type=\"widget\" data-widget_type=\"text-editor.default\">\n\t\t\t\t\t\t\t\t\t<p><span style=\"text-decoration: underline;\"><strong>Purchase process<\/strong><\/span><\/p><p><span style=\"font-weight: 400;\">To place an order on the Website, the customer must select the products, add them to the cart, complete the requested data, review the summary of the order (products, final price, taxes and shipping costs) and confirm the purchase by paying using the available methods.<\/span><\/p><p><span style=\"font-weight: 400;\">After completing the purchase, the customer will receive an order confirmation. If you do not receive it, you can contact us through the service channels indicated on the Website.<\/span><\/p><p>\u00a0<\/p><p><span style=\"text-decoration: underline;\"><strong>Product availability<\/strong><\/span><\/p><p><span style=\"font-weight: 400;\">Orders are subject to availability. If, once the purchase has been made, it is not possible to supply a product, the customer will be informed and a solution will be offered (substitution by an equivalent product if the customer accepts it, or refund of the amount corresponding to the unavailable product).<\/span><\/p><p>\u00a0<\/p><p><span style=\"text-decoration: underline;\"><strong>Prices, taxes and shipping costs<\/strong><\/span><\/p><p><span style=\"font-weight: 400;\">Prices are shown in euros (\u20ac) and include applicable taxes, unless otherwise indicated. Shipping costs, if any, will be shown before finalizing the order.<\/span><\/p><p>\u00a0<\/p><p><span style=\"text-decoration: underline;\"><strong>Payment methods<\/strong><\/span><\/p><p><span style=\"font-weight: 400;\">The order can be paid using the methods enabled in the purchase process. The Website can use secure payment platforms for payment management.<\/span><\/p><p>\u00a0<\/p><p><span style=\"text-decoration: underline;\"><strong>Shipping and delivery<\/strong><\/span><\/p><p><span style=\"font-weight: 400;\">Delivery times depend on the destination and the type of shipment selected. In general, the delivery will be made within the period indicated during the purchase process. In periods of high demand or for reasons beyond the control of the Website (logistics operator, incidents or force majeure), deadlines may vary.<br \/><br \/><\/span><\/p><p>\u00a0<\/p><p><span style=\"text-decoration: underline;\"><strong>Returns (right of withdrawal)<\/strong><\/span><\/p><p><span style=\"text-decoration: underline;\"><span style=\"font-weight: 400;\">Deadline<\/span><\/span><\/p><p><span style=\"font-weight: 400;\">The client has <\/span><b>14 calendar days<\/b><span style=\"font-weight: 400;\"> from the receipt of the order to exercise it <\/span><b>right of withdrawal<\/b><span style=\"font-weight: 400;\">, without needing to justify the reason.<\/span><\/p><p><span style=\"text-decoration: underline;\"><span style=\"font-weight: 400;\">Conditions for accepting a return<\/span><\/span><\/p><p><span style=\"font-weight: 400;\">For the return to be accepted, the product must:<\/span><\/p><ul><li style=\"font-weight: 400;\" aria-level=\"1\"><span style=\"font-weight: 400;\">to be <\/span><b>unused<\/b><span style=\"font-weight: 400;\">, <\/span><b>unopened<\/b><span style=\"font-weight: 400;\"> and in perfect condition,<\/span><\/li><li style=\"font-weight: 400;\" aria-level=\"1\"><span style=\"font-weight: 400;\">to preserve, if applicable, <\/span><b>original packaging<\/b><span style=\"font-weight: 400;\">, labels, accessories and documentation,<\/span><\/li><li style=\"font-weight: 400;\" aria-level=\"1\"><span style=\"font-weight: 400;\">return properly packed to avoid damage during transport.<\/span><\/li><\/ul><p><span style=\"font-weight: 400;\">If the product shows signs of use, damage or lack of essential elements, the return may be rejected or a depreciation may be applied in accordance with the applicable regulations.<\/span><\/p><p><span style=\"text-decoration: underline;\">Exception: personalized items<\/span><\/p><p><span style=\"font-weight: 400;\">Returns are not accepted. <\/span><b>personalized items<\/b><span style=\"font-weight: 400;\">, made according to the customer&#039;s specifications or clearly personalized.<\/span><\/p><p>\u00a0<\/p><p><span style=\"text-decoration: underline;\"><strong>How to request a refund<\/strong><\/span><\/p><p><span style=\"font-weight: 400;\">To request a return, the customer must contact through the service channels indicated on the Website, indicating:<\/span><\/p><ul><li style=\"font-weight: 400;\" aria-level=\"1\"><span style=\"font-weight: 400;\">order number,<\/span><\/li><li style=\"font-weight: 400;\" aria-level=\"1\"><span style=\"font-weight: 400;\">product(s) to be returned,<\/span><\/li><li style=\"font-weight: 400;\" aria-level=\"1\"><span style=\"font-weight: 400;\">contact details.<\/span><\/li><\/ul><p><span style=\"font-weight: 400;\">Instructions and the return address will be provided.<\/span><\/p><p>\u00a0<\/p><p><span style=\"text-decoration: underline;\"><strong>Return costs<\/strong><\/span><\/p><p><span style=\"font-weight: 400;\">Unless expressly indicated otherwise, los <\/span><b>return costs<\/b><span style=\"font-weight: 400;\"> will be borne by the client.<\/span><\/p><p>\u00a0<\/p><p><span style=\"text-decoration: underline;\"><strong>Refund<\/strong><\/span><\/p><p><span style=\"font-weight: 400;\">Once the returned products have been received and their status verified, the refund will be made using the same payment method used in the purchase, unless expressly agreed otherwise.<\/span><\/p><p><span style=\"font-weight: 400;\">The refund will be made within a maximum period of <\/span><b>14 calendar days<\/b><span style=\"font-weight: 400;\"> from the communication of the withdrawal, being able to be retained until receiving the products or until the customer presents proof of return.<\/span><\/p><p>\u00a0<\/p><p><span style=\"text-decoration: underline;\"><strong>Incidents: defective product or error in the order<\/strong><\/span><\/p><p><span style=\"font-weight: 400;\">If the customer receives a defective, damaged or different product from the one requested, he must communicate it as soon as possible through the contact channels on the Website, indicating the order number and, if applicable, attaching photographs. In these cases, the procedure will be indicated and the corresponding replacement, return or refund will be managed.<\/span><\/p>\t\t\t\t\t\t\t\t<\/div>\n\t\t\t\t\t<\/div>\n\t\t\t\t<\/div>\n\t\t\t\t<\/div>","protected":false},"excerpt":{"rendered":"<p>Proceso de compra Para realizar un pedido en el Sitio Web, el cliente debe seleccionar los productos, a\u00f1adirlos al carrito, completar los datos solicitados, revisar el resumen del pedido (productos, precio final, impuestos y gastos de env\u00edo) y confirmar la compra realizando el pago mediante los m\u00e9todos disponibles. Tras finalizar la compra, el cliente recibir\u00e1 [&hellip;]<\/p>\n","protected":false},"author":1,"featured_media":0,"parent":0,"menu_order":0,"comment_status":"closed","ping_status":"closed","template":"","meta":{"footnotes":""},"class_list":["post-242","page","type-page","status-publish","hentry"],"_links":{"self":[{"href":"https:\/\/rossymina.cat\/en\/wp-json\/wp\/v2\/pages\/242","targetHints":{"allow":["GET"]}}],"collection":[{"href":"https:\/\/rossymina.cat\/en\/wp-json\/wp\/v2\/pages"}],"about":[{"href":"https:\/\/rossymina.cat\/en\/wp-json\/wp\/v2\/types\/page"}],"author":[{"embeddable":true,"href":"https:\/\/rossymina.cat\/en\/wp-json\/wp\/v2\/users\/1"}],"replies":[{"embeddable":true,"href":"https:\/\/rossymina.cat\/en\/wp-json\/wp\/v2\/comments?post=242"}],"version-history":[{"count":4,"href":"https:\/\/rossymina.cat\/en\/wp-json\/wp\/v2\/pages\/242\/revisions"}],"predecessor-version":[{"id":13527,"href":"https:\/\/rossymina.cat\/en\/wp-json\/wp\/v2\/pages\/242\/revisions\/13527"}],"wp:attachment":[{"href":"https:\/\/rossymina.cat\/en\/wp-json\/wp\/v2\/media?parent=242"}],"curies":[{"name":"wp","href":"https:\/\/api.w.org\/{rel}","templated":true}]}}