{"id":12559,"date":"2025-12-01T19:07:48","date_gmt":"2025-12-01T19:07:48","guid":{"rendered":"https:\/\/rossymina.cat\/producto\/bossa-rodona-petita-melo\/"},"modified":"2026-01-13T21:14:42","modified_gmt":"2026-01-13T21:14:42","slug":"small-round-melo-bag","status":"publish","type":"product","link":"https:\/\/rossymina.cat\/en\/small-round-melo-bag\/","title":{"rendered":"Small round Melon bag"},"content":{"rendered":"<blockquote><p>This small round leather bag is painted with a geometric design on soft black or brown cowhide. Its design makes it the perfect artistic accessory to carry every day. It is light, fun and casual, making it an ideal gift for girls or women. It is an original accessory, but also a practical crossbody bag. Its sweet design gives it a nice feeling of freedom and you can wear it with any color combination or occasion. The handbag is large enough to carry your phone, keys and wallet, so you can go for a walk, dance or travel happily with your different and unique bag.<\/p>\n<p>Designed as a minimalist bag<\/p>\n<p>The strap adjusts from shoulder to shoulder. You can wear it high or low. Or even take it off and have it as a shoulder bag and wear it as a wedding bag.<\/p>\n<p>Dimensions: 20cm x 15cm<\/p>\n<p>Zipper width: 15 cm<\/p>\n<p>Strap length: shortened and lengthened from: 60 to 125 cm<\/p>","protected":false},"excerpt":{"rendered":"<p>Aquesta petita bossa rodona de cuir est\u00e0 pintada amb un disseny geom\u00e8tric sobre pell suau de vaca negra o marr\u00f3. El seu disseny la converteix en l&#8217;accessori art\u00edstic perfecte per portar cada dia. \u00c9s lleugera, divertida i informal, cosa que la converteix en un regal ideal per a nenes o dones. \u00c9s un accessori original, [&hellip;]<\/p>\n","protected":false},"featured_media":3433,"template":"","meta":[],"product_brand":[],"product_cat":[246,247],"product_tag":[],"class_list":{"0":"post-12559","1":"product","2":"type-product","3":"status-publish","4":"has-post-thumbnail","6":"product_cat-bosses-de-pell","7":"product_cat-bosses-pintats","8":"pa_color-marro","9":"pa_color-negre","11":"first","12":"instock","13":"shipping-taxable","14":"purchasable","15":"product-type-variable"},"booking_location":null,"booking_location_type":null,"booking_duration":null,"booking_duration_unit":null,"booking_buffer":null,"booking_cost":null,"booking_resources":null,"_links":{"self":[{"href":"https:\/\/rossymina.cat\/en\/wp-json\/wp\/v2\/product\/12559","targetHints":{"allow":["GET"]}}],"collection":[{"href":"https:\/\/rossymina.cat\/en\/wp-json\/wp\/v2\/product"}],"about":[{"href":"https:\/\/rossymina.cat\/en\/wp-json\/wp\/v2\/types\/product"}],"wp:featuredmedia":[{"embeddable":true,"href":"https:\/\/rossymina.cat\/en\/wp-json\/wp\/v2\/media\/3433"}],"wp:attachment":[{"href":"https:\/\/rossymina.cat\/en\/wp-json\/wp\/v2\/media?parent=12559"}],"wp:term":[{"taxonomy":"product_brand","embeddable":true,"href":"https:\/\/rossymina.cat\/en\/wp-json\/wp\/v2\/product_brand?post=12559"},{"taxonomy":"product_cat","embeddable":true,"href":"https:\/\/rossymina.cat\/en\/wp-json\/wp\/v2\/product_cat?post=12559"},{"taxonomy":"product_tag","embeddable":true,"href":"https:\/\/rossymina.cat\/en\/wp-json\/wp\/v2\/product_tag?post=12559"}],"curies":[{"name":"wp","href":"https:\/\/api.w.org\/{rel}","templated":true}]}}