{"id":12609,"date":"2025-12-01T19:08:06","date_gmt":"2025-12-01T19:08:06","guid":{"rendered":"https:\/\/rossymina.cat\/producto\/ronyonera-de-pell-negra\/"},"modified":"2026-01-13T21:14:41","modified_gmt":"2026-01-13T21:14:41","slug":"black-leather-waist-bag","status":"publish","type":"product","link":"https:\/\/rossymina.cat\/en\/black-leather-waist-bag\/","title":{"rendered":"Black leather waist bag"},"content":{"rendered":"<blockquote><p>Leather waist bag, waist bag, waist bag, leather waist bag made of genuine\/authentic 100% leather from Italy and Spain. This leather waist bag\/waist bag has a single compartment that closes with a YKK metal zipper. You can wear this waist bag both on your waist and as a shoulder bag thanks to the adjustable belt. It has enough space inside for your small essentials such as keys, a mobile phone, a wallet and your cosmetics.<\/p>\n<p>The belt opens and closes comfortably with a carabiner.<\/p>\n<p>Each fanny pack is handmade to ensure elegance and durability.<br \/>\nGenuine cowhide leather may have minor imperfections and color variations due to the nature of the material. This adds uniqueness to each item.<br \/>\nLeather is a noble, flexible, breathable and resistant material. It ages wonderfully.<\/p>\n<p>SIZE GUIDE<\/p>\n<p>Length: 23 cm or 9\u2033<br \/>\nHeight: 14 cm or 5\u2033 1\/2<br \/>\nWidth: 4 cm or 1\u2033 1\/2<br \/>\nThe length of the strap adjusts to the hip size from 70 cm or 27\u2033 1\/2 (shortest) to 110 cm or 43\u2033 (longest)<\/p>\n<p>Let us know if you need a special size and we will accommodate it.<\/p><\/blockquote>","protected":false},"excerpt":{"rendered":"<p>Ronyonera de cuir, bossa de cintura, bossa de cintura, bossa de cintura de cuir feta de cuir 100% aut\u00e8ntic\/aut\u00e8ntic d&#8217;It\u00e0lia i Espanya. Aquesta bossa de cintura\/ronyonera de cuir t\u00e9 un \u00fanic compartiment que es tanca amb una cremallera met\u00e0l\u00b7lica YKK. Pots portar aquesta ronyonera tant a la cintura com com a bandolera gr\u00e0cies al cintur\u00f3 [&hellip;]<\/p>\n","protected":false},"featured_media":8840,"template":"","meta":[],"product_brand":[],"product_cat":[260],"product_tag":[296,256,297,295,265],"class_list":{"0":"post-12609","1":"product","2":"type-product","3":"status-publish","4":"has-post-thumbnail","6":"product_cat-ronyoneres","7":"product_tag-bossa-de-cinturo-de-cuir","8":"product_tag-bossa-de-cuir-negre","9":"product_tag-ronyonera-de-cuir","10":"product_tag-ronyonera-de-cuir-negre","11":"product_tag-ronyonera-feta-a-ma","13":"first","14":"instock","15":"shipping-taxable","16":"purchasable","17":"product-type-simple"},"booking_location":null,"booking_location_type":null,"booking_duration":null,"booking_duration_unit":null,"booking_buffer":null,"booking_cost":null,"booking_resources":null,"_links":{"self":[{"href":"https:\/\/rossymina.cat\/en\/wp-json\/wp\/v2\/product\/12609","targetHints":{"allow":["GET"]}}],"collection":[{"href":"https:\/\/rossymina.cat\/en\/wp-json\/wp\/v2\/product"}],"about":[{"href":"https:\/\/rossymina.cat\/en\/wp-json\/wp\/v2\/types\/product"}],"wp:featuredmedia":[{"embeddable":true,"href":"https:\/\/rossymina.cat\/en\/wp-json\/wp\/v2\/media\/8840"}],"wp:attachment":[{"href":"https:\/\/rossymina.cat\/en\/wp-json\/wp\/v2\/media?parent=12609"}],"wp:term":[{"taxonomy":"product_brand","embeddable":true,"href":"https:\/\/rossymina.cat\/en\/wp-json\/wp\/v2\/product_brand?post=12609"},{"taxonomy":"product_cat","embeddable":true,"href":"https:\/\/rossymina.cat\/en\/wp-json\/wp\/v2\/product_cat?post=12609"},{"taxonomy":"product_tag","embeddable":true,"href":"https:\/\/rossymina.cat\/en\/wp-json\/wp\/v2\/product_tag?post=12609"}],"curies":[{"name":"wp","href":"https:\/\/api.w.org\/{rel}","templated":true}]}}