{"id":12706,"date":"2025-12-01T19:09:18","date_gmt":"2025-12-01T19:09:18","guid":{"rendered":"https:\/\/rossymina.cat\/producto\/motxilla-elegant-de-pell-convertible-a-bossa-de-ma\/"},"modified":"2026-01-13T21:16:10","modified_gmt":"2026-01-13T21:16:10","slug":"elegant-leather-backpack-convertible-into-handbag","status":"publish","type":"product","link":"https:\/\/rossymina.cat\/en\/elegant-leather-backpack-convertible-into-handbag\/","title":{"rendered":"Elegant leather backpack convertible into a handbag"},"content":{"rendered":"<h1><a href=\"https:\/\/studio.youtube.com\/video\/ALk4MWzbiZ4\" target=\"_blank\" rel=\"noopener\">Easily convertible tote backpack<\/a><\/h1>\n<h1>Thin convertible bag in black leather<\/h1>\n<p>Brown leather convertible backpack to tote bag. Brown leather convertible backpack to shopping bag.<br \/>\nThis smart design of our backpack can easily be converted into a tote bag with a single hand gesture. Simply pull the strap up to carry it as a shopping bag. No need to carry additional straps or change positions. You can adjust the length of the straps for more comfort. Organize your personal belongings and your laptop using the two zippered compartments. The leather backpack bag is large enough for a computer. Our high-quality soft leather comes from local Spanish or Italian companies.<br \/>\nThis convertible bag is lightweight and has a very soft touch.<br \/>\nCheck out the other color options available. <\/p>\n<p>DIMENSIONS:<\/p>\n<p>30cm x 41cm<\/p>\n<p>Front pocket:<\/p>\n<p>30cm x 30cm<\/p>","protected":false},"excerpt":{"rendered":"<p>Motxilla tote f\u00e0cilment convertible Bossa convertible fina de pell negra Motxilla convertible de pell marr\u00f3 a bossa tote. Motxilla convertible de pell marr\u00f3 a bossa de compra. Aquest disseny intel\u00b7ligent de la nostra motxilla es pot convertir f\u00e0cilment en una bossa tote amb un sol gest de la m\u00e0. Nom\u00e9s cal que estireu la corretja [&hellip;]<\/p>\n","protected":false},"featured_media":5875,"template":"","meta":[],"product_brand":[],"product_cat":[318],"product_tag":[],"class_list":{"0":"post-12706","1":"product","2":"type-product","3":"status-publish","4":"has-post-thumbnail","6":"product_cat-motxilles","8":"first","9":"instock","10":"shipping-taxable","11":"purchasable","12":"product-type-simple"},"booking_location":null,"booking_location_type":null,"booking_duration":null,"booking_duration_unit":null,"booking_buffer":null,"booking_cost":null,"booking_resources":null,"_links":{"self":[{"href":"https:\/\/rossymina.cat\/en\/wp-json\/wp\/v2\/product\/12706","targetHints":{"allow":["GET"]}}],"collection":[{"href":"https:\/\/rossymina.cat\/en\/wp-json\/wp\/v2\/product"}],"about":[{"href":"https:\/\/rossymina.cat\/en\/wp-json\/wp\/v2\/types\/product"}],"wp:featuredmedia":[{"embeddable":true,"href":"https:\/\/rossymina.cat\/en\/wp-json\/wp\/v2\/media\/5875"}],"wp:attachment":[{"href":"https:\/\/rossymina.cat\/en\/wp-json\/wp\/v2\/media?parent=12706"}],"wp:term":[{"taxonomy":"product_brand","embeddable":true,"href":"https:\/\/rossymina.cat\/en\/wp-json\/wp\/v2\/product_brand?post=12706"},{"taxonomy":"product_cat","embeddable":true,"href":"https:\/\/rossymina.cat\/en\/wp-json\/wp\/v2\/product_cat?post=12706"},{"taxonomy":"product_tag","embeddable":true,"href":"https:\/\/rossymina.cat\/en\/wp-json\/wp\/v2\/product_tag?post=12706"}],"curies":[{"name":"wp","href":"https:\/\/api.w.org\/{rel}","templated":true}]}}