{"id":12741,"date":"2025-12-01T19:09:22","date_gmt":"2025-12-01T19:09:22","guid":{"rendered":"https:\/\/rossymina.cat\/producto\/bossa-de-pell-amb-libel%c2%b7lules\/"},"modified":"2026-01-13T21:15:06","modified_gmt":"2026-01-13T21:15:06","slug":"leather-bag-with-dragonflies","status":"publish","type":"product","link":"https:\/\/rossymina.cat\/en\/leather-bag-with-dragonflies\/","title":{"rendered":"Leather bag with dragonflies"},"content":{"rendered":"<p>This unique shoulder bag in a deep chocolate brown color with a dragonfly design is made entirely by hand with the finest quality Spanish cowhide leather. It is very lightweight and soft and smooth to the touch.<br \/>\nWe design and hand-paint our products by carefully selecting the leather and each piece is unique and special. We use vibrant and resistant leather colors and decorated with natural stones such as tiger&#039;s eye, amethyst and corals.<br \/>\nIt&#039;s the perfect size bag, big enough for all your essentials (fits an A5 notebook, phone, wallet, money, keys and more) and is a great choice for any occasion, dressy or casual. The strap is adjustable, long enough to wear the bag crossbody or short as a handbag.<br \/>\nThe lining is 100% cotton and has an interior zippered pocket, large enough to fit your phone or wallet.<br \/>\nIt comes in various colors that match the most demanding tastes and trends.<\/p>\n<p>DETAILS<\/p>\n<p>\u2022 Hand painted with special resistant colors<br \/>\n\u2022 Spanish and Italian leather of the highest quality<br \/>\n\u2022 Easy to clean and Water resistant<br \/>\n\u2022 Secure with zipper<br \/>\n\u2022 Durable leather strap with high-quality brass hardware<br \/>\n\u2022 Inner pocket<\/p>\n<p>DIMENSIONS<\/p>\n<p>30 cm wide \/ 21 cm high<\/p>\n<p>Inner pocket:<br \/>\n15 cm wide \/ 11 cm high<\/p>","protected":false},"excerpt":{"rendered":"<p>Aquesta bossa bandolera \u00fanica en un intens color marr\u00f3 xocolata amb disseny de lib\u00e8l\u00b7lula est\u00e0 feta completament a m\u00e0 amb la pell de vaca espanyola de la millor qualitat. \u00c9s molt lleugera i suau i llisa al tacte. Dissenyem i pintem a m\u00e0 els nostres productes seleccionant acuradament la pell i cada pe\u00e7a \u00e9s \u00fanica [&hellip;]<\/p>\n","protected":false},"featured_media":8827,"template":"","meta":[],"product_brand":[],"product_cat":[246,247],"product_tag":[333,282],"class_list":{"0":"post-12741","1":"product","2":"type-product","3":"status-publish","4":"has-post-thumbnail","6":"product_cat-bosses-de-pell","7":"product_cat-bosses-pintats","8":"product_tag-bossa-de-cuir-feta-a-ma","9":"product_tag-libellules-pintades-a-ma","11":"first","12":"instock","13":"shipping-taxable","14":"purchasable","15":"product-type-simple"},"booking_location":null,"booking_location_type":null,"booking_duration":null,"booking_duration_unit":null,"booking_buffer":null,"booking_cost":null,"booking_resources":null,"_links":{"self":[{"href":"https:\/\/rossymina.cat\/en\/wp-json\/wp\/v2\/product\/12741","targetHints":{"allow":["GET"]}}],"collection":[{"href":"https:\/\/rossymina.cat\/en\/wp-json\/wp\/v2\/product"}],"about":[{"href":"https:\/\/rossymina.cat\/en\/wp-json\/wp\/v2\/types\/product"}],"wp:featuredmedia":[{"embeddable":true,"href":"https:\/\/rossymina.cat\/en\/wp-json\/wp\/v2\/media\/8827"}],"wp:attachment":[{"href":"https:\/\/rossymina.cat\/en\/wp-json\/wp\/v2\/media?parent=12741"}],"wp:term":[{"taxonomy":"product_brand","embeddable":true,"href":"https:\/\/rossymina.cat\/en\/wp-json\/wp\/v2\/product_brand?post=12741"},{"taxonomy":"product_cat","embeddable":true,"href":"https:\/\/rossymina.cat\/en\/wp-json\/wp\/v2\/product_cat?post=12741"},{"taxonomy":"product_tag","embeddable":true,"href":"https:\/\/rossymina.cat\/en\/wp-json\/wp\/v2\/product_tag?post=12741"}],"curies":[{"name":"wp","href":"https:\/\/api.w.org\/{rel}","templated":true}]}}