{"id":13816,"date":"2026-05-14T11:22:26","date_gmt":"2026-05-14T11:22:26","guid":{"rendered":"https:\/\/rossymina.cat\/?post_type=product&#038;p=13816"},"modified":"2026-05-14T11:42:12","modified_gmt":"2026-05-14T11:42:12","slug":"bossa-pintada-amb-papallona","status":"publish","type":"product","link":"https:\/\/rossymina.cat\/en\/bossa-pintada-amb-papallona\/","title":{"rendered":"Butterfly painted bag"},"content":{"rendered":"<h1>Bossa petita pintada amb Papallona<\/h1>\n<pre>Bossa petita \u00fanica per a dona, aquesta mini bossa multifuncional s'adapta a qualsevol ocasi\u00f3. Pintada a m\u00e0 amb colors neutres, aquesta bossa bandolera rodona de pell de vaca suau de color negre \u00e9s l'accessori imprescindible per al dia o la nit. Est\u00e0 disponible en pell negra, marr\u00f3 xocolata, blau turquesa, groc.\r\nPorta una moneder, el tel\u00e8fon i les claus, i tens la bossa perfecta per a una passejada d'un dia o una discoteca. Pintem acuradament aquestes bosses, una per una, sobre la pell de la millor qualitat, perqu\u00e8 tinguis el mini regal perfecte per a una amiga o per a tu mateixa. Bossa de festa o bossa de nit per sortir.<\/pre>\n<p>The length of the strap shortens and lengthens from 60 to 125 cm (24\u2033 to 47\u2033)<\/p>\n<p>We make this bag in 3 sizes<\/p>\n<p>It&#039;s the perfect SIZE bag at 25cm wide \/ 19cm high (25cm), big enough for all your essentials (fits a laptop, phone, wallet, money, keys). It&#039;s a great choice for any occasion, dressy or casual. The strap is adjustable, long enough to wear the bag crossbody or short as a handbag.<\/p>\n<p>The lining is 100% cotton and has a 15cm wide \/ 11cm high (6&quot;) interior pocket with zipper, large enough to fit your phone or wallet.<\/p>\n<p>Pintat a m\u00e0 amb colors especials resistents\u00a0Pell espanyola i italiana de la millor qualitat<\/p>\n<p>F\u00e0cil de netejar i resistent a l&#8217;aigua<\/p>\n<p>Segur amb cremallera<br \/>\nCorretja de pell duradora amb ferramentes de llaut\u00f3 d&#8217;alta qualitat<br \/>\nButxaca interior<\/p>\n<p>Also available in one size <a href=\"https:\/\/rossymina.com\/shop\/bags\/handpainted-bags\/crossbody-leather-bag-with-geometrical-design\" target=\"_blank\" rel=\"noopener\">BIGGER<\/a> 12\u2033 wide \/ 8\u2033 high (30 cm \/ 21 cm)<\/p>","protected":false},"excerpt":{"rendered":"<p>This unique shoulder bag is hand-painted with a geometric design and is completely handmade with the finest quality Spanish cowhide leather.<\/p>","protected":false},"featured_media":13821,"template":"","meta":[],"product_brand":[],"product_cat":[246,247],"product_tag":[333,341,281,256],"class_list":{"0":"post-13816","1":"product","2":"type-product","3":"status-publish","4":"has-post-thumbnail","6":"product_cat-bosses-de-pell","7":"product_cat-bosses-pintats","8":"product_tag-bossa-de-cuir-feta-a-ma","9":"product_tag-cuir-pintada-a-ma","10":"product_tag-bossa-de-cuir-marro","11":"product_tag-bossa-de-cuir-negre","12":"pa_color-groc","13":"pa_color-marro","14":"pa_color-negre","15":"pa_color-turquesa","17":"first","18":"instock","19":"shipping-taxable","20":"purchasable","21":"product-type-variable"},"booking_location":null,"booking_location_type":null,"booking_duration":null,"booking_duration_unit":null,"booking_buffer":null,"booking_cost":null,"booking_resources":null,"_links":{"self":[{"href":"https:\/\/rossymina.cat\/en\/wp-json\/wp\/v2\/product\/13816","targetHints":{"allow":["GET"]}}],"collection":[{"href":"https:\/\/rossymina.cat\/en\/wp-json\/wp\/v2\/product"}],"about":[{"href":"https:\/\/rossymina.cat\/en\/wp-json\/wp\/v2\/types\/product"}],"wp:featuredmedia":[{"embeddable":true,"href":"https:\/\/rossymina.cat\/en\/wp-json\/wp\/v2\/media\/13821"}],"wp:attachment":[{"href":"https:\/\/rossymina.cat\/en\/wp-json\/wp\/v2\/media?parent=13816"}],"wp:term":[{"taxonomy":"product_brand","embeddable":true,"href":"https:\/\/rossymina.cat\/en\/wp-json\/wp\/v2\/product_brand?post=13816"},{"taxonomy":"product_cat","embeddable":true,"href":"https:\/\/rossymina.cat\/en\/wp-json\/wp\/v2\/product_cat?post=13816"},{"taxonomy":"product_tag","embeddable":true,"href":"https:\/\/rossymina.cat\/en\/wp-json\/wp\/v2\/product_tag?post=13816"}],"curies":[{"name":"wp","href":"https:\/\/api.w.org\/{rel}","templated":true}]}}