{"id":13859,"date":"2026-05-14T15:08:36","date_gmt":"2026-05-14T15:08:36","guid":{"rendered":"https:\/\/rossymina.cat\/?post_type=product&#038;p=13859"},"modified":"2026-05-14T15:32:06","modified_gmt":"2026-05-14T15:32:06","slug":"rinonera-de-cuir","status":"publish","type":"product","link":"https:\/\/rossymina.cat\/en\/rinonera-de-cuir\/","title":{"rendered":"Leather waist bag"},"content":{"rendered":"<pre class=\"tw-data-text tw-text-large tw-ta\" dir=\"ltr\" role=\"text\" data-placeholder=\"Traduction\" data-ved=\"2ahUKEwijq-P4-LOUAxWSgP0HHRnmOG0Q3ewLegQIDRAV\" aria-label=\"Translated text: We make this leather fanny pack with soft Spanish leather. It has a single compartment secured with a metal YKK zipper. You can wear this fanny pack both on your waist and as a crossbody bag because it has an adjustable belt. It has enough space inside to fit all your essentials such as a mobile phone, wallet, keys and cosmetics. The belt opens and closes conveniently with a carabiner. Genuine cowhide leather may have small imperfections and color variations due to the nature of the material. This adds uniqueness to each item. Leather is a noble, flexible, breathable and resistant material. It ages very well. DIMENSIONS: Length: 23 cm or 9&quot; Height: 14 cm or 5&quot; 1\/2 Width: 4cm or 1&quot;1\/2 The length of the strap is adjustable so you can wear it on your hips and cross body. The total length of the fanny pack and belt is adjustable from the shortest 70 cm (27 &quot;1\/2) to the longest 110 cm or (43&quot;) (let us know if you need another size and length). Let us know if you need a special size for you and we will adapt it.\"><span class=\"Y2IQFc\" lang=\"ca\"><strong>Belt bag with zipper, adjustable strap\r\n\r\n<\/strong><\/span>Compact design with amazing storage capacity. We make this leather waist bag with genuine Italian 100% leather. This leather waist bag has two compartments: one secured with a metal ykk zipper and the front pocket with flap and magnetic closure, perfect for mobile phones. You can carry this waist bag both on your waist and as a crossbody bag because it has a wide adjustable soft and comfortable belt. This shoulder bag has enough space inside for your small essentials, such as keys, a mobile phone, wallet and cosmetics. Each piece is handmade to ensure elegance and durability. Genuine cowhide leather may have small imperfections and color variations due to the nature of the material. This adds uniqueness to each item. Leather is a noble, flexible, breathable and resistant material. It ages very well.<\/pre>\n<p>DIMENSIONS:<br \/>\nThe front pocket is 10 x 20 cm or 4\u2033 x 7 1\/2\u2033<br \/>\nMain compartment opens 20 cm or 8\u2033<br \/>\nLength: 23 cm or 9\u2033<br \/>\nHeight: 14 cm or 5\u2033 1\/2<br \/>\nWidth: 4cm or 1\u20331\/2<\/p>\n<p>Belt: 4 cm wide. Please provide hip measurements to adjust length.<br \/>\nAlternatively we will leave the belt long to adjust from 75 cm | 30\u2033 shorter to 125 cm | 41\u2033 longer<\/p>\n<p>Let us know if you need a special size for yourself and we will adapt it.<\/p>\n<pre id=\"tw-target-text\" class=\"tw-data-text tw-text-large tw-ta\" dir=\"ltr\" role=\"text\" data-placeholder=\"Traduction\" data-ved=\"2ahUKEwijq-P4-LOUAxWSgP0HHRnmOG0Q3ewLegQIDRAV\" aria-label=\"Translated text: We make this leather fanny pack with soft Spanish leather. It has a single compartment secured with a metal YKK zipper. You can wear this fanny pack both on your waist and as a crossbody bag because it has an adjustable belt. It has enough space inside to fit all your essentials such as a mobile phone, wallet, keys and cosmetics. The belt opens and closes conveniently with a carabiner. Genuine cowhide leather may have small imperfections and color variations due to the nature of the material. This adds uniqueness to each item. Leather is a noble, flexible, breathable and resistant material. It ages very well. DIMENSIONS: Length: 23 cm or 9&quot; Height: 14 cm or 5&quot; 1\/2 Width: 4cm or 1&quot;1\/2 The length of the strap is adjustable so you can wear it on your hips and cross body. The total length of the fanny pack and belt is adjustable from the shortest 70 cm (27 &quot;1\/2) to the longest 110 cm or (43&quot;) (let us know if you need another size and length). Let us know if you need a special size for you and we will adapt it.\"><span class=\"Y2IQFc\" lang=\"ca\">\u00a0<\/span><\/pre>","protected":false},"excerpt":{"rendered":"<p>Bossa de cintur\u00f3 amb cremallera, corretja ajustable Disseny compacte amb capacitat d&#8217;emmagatzematge sorprenent. Fem aquesta ri\u00f1onera de pell amb cuir itali\u00e0 100% aut\u00e8ntic. Aquesta bossa de cintura de pell t\u00e9 dos compartiments: un assegurat amb una cremallera ykk met\u00e0l\u00b7lica i la butxaca davantera amb solapa i tanca magn\u00e8tica, perfecta per a tel\u00e8fons m\u00f2bils. Pots portar [&hellip;]<\/p>\n","protected":false},"featured_media":13872,"template":"","meta":[],"product_brand":[],"product_cat":[260],"product_tag":[],"class_list":{"0":"post-13859","1":"product","2":"type-product","3":"status-publish","4":"has-post-thumbnail","6":"product_cat-ronyoneres","7":"pa_color-blau","8":"pa_color-cuir","9":"pa_color-groc-mostassa","10":"pa_color-marro","11":"pa_color-negre","12":"pa_color-verd","13":"pa_color-vi","15":"first","16":"instock","17":"shipping-taxable","18":"purchasable","19":"product-type-variable"},"booking_location":null,"booking_location_type":null,"booking_duration":null,"booking_duration_unit":null,"booking_buffer":null,"booking_cost":null,"booking_resources":null,"_links":{"self":[{"href":"https:\/\/rossymina.cat\/en\/wp-json\/wp\/v2\/product\/13859","targetHints":{"allow":["GET"]}}],"collection":[{"href":"https:\/\/rossymina.cat\/en\/wp-json\/wp\/v2\/product"}],"about":[{"href":"https:\/\/rossymina.cat\/en\/wp-json\/wp\/v2\/types\/product"}],"wp:featuredmedia":[{"embeddable":true,"href":"https:\/\/rossymina.cat\/en\/wp-json\/wp\/v2\/media\/13872"}],"wp:attachment":[{"href":"https:\/\/rossymina.cat\/en\/wp-json\/wp\/v2\/media?parent=13859"}],"wp:term":[{"taxonomy":"product_brand","embeddable":true,"href":"https:\/\/rossymina.cat\/en\/wp-json\/wp\/v2\/product_brand?post=13859"},{"taxonomy":"product_cat","embeddable":true,"href":"https:\/\/rossymina.cat\/en\/wp-json\/wp\/v2\/product_cat?post=13859"},{"taxonomy":"product_tag","embeddable":true,"href":"https:\/\/rossymina.cat\/en\/wp-json\/wp\/v2\/product_tag?post=13859"}],"curies":[{"name":"wp","href":"https:\/\/api.w.org\/{rel}","templated":true}]}}