{"id":11098,"date":"2025-11-26T16:25:19","date_gmt":"2025-11-26T16:25:19","guid":{"rendered":"https:\/\/rossymina.cat\/?post_type=product&#038;p=11098"},"modified":"2026-02-16T08:09:09","modified_gmt":"2026-02-16T08:09:09","slug":"talleres-de-cuero-en-barcelona-2","status":"publish","type":"product","link":"https:\/\/rossymina.cat\/es\/talleres-de-cuero-en-barcelona-2\/","title":{"rendered":"Talleres de cuero en Barcelona"},"content":{"rendered":"<p><strong>\u00bfQu\u00e9 ofrecemos?<\/strong><\/p>\n<p>En nuestros talleres de cuero podr\u00e1s:<\/p>\n<ul>\n<li>Conocer los tipos de cuero y herramientas b\u00e1sicas.<\/li>\n<li>Aprender t\u00e9cnicas tradicionales de corte, perforado y montaje.<\/li>\n<li>Elaborar tu propia pieza artesanal (llavero, cartera, tarjetero o peque\u00f1o accesorio).<\/li>\n<li>Personalizar tu creaci\u00f3n con iniciales, formas o detalles \u00fanicos.<\/li>\n<li>Vivir una experiencia aut\u00e9ntica en un taller real del Born, Barcelona.<\/li>\n<\/ul>","protected":false},"excerpt":{"rendered":"<p>Descubre la experiencia de crear con tus propias manos una prenda de cuero aut\u00e9ntico.<br \/>\nEn Rossymina ofrecemos talleres presenciales en Barcelona donde aprender\u00e1s t\u00e9cnicas b\u00e1sicas de marroquiner\u00eda, trabajar\u00e1s con materiales premium y elaborar\u00e1s un art\u00edculo propio para llevarte a casa.<\/p>\n<p>Nuestros talleres son pr\u00e1cticos, cercanos y pensados para todas las edades. No necesitas experiencia previa: s\u00f3lo ganas de aprender y disfrutar del proceso.<\/p>","protected":false},"featured_media":11093,"template":"","meta":[],"product_brand":[],"product_cat":[549],"product_tag":[202],"class_list":{"0":"post-11098","1":"product","2":"type-product","3":"status-publish","4":"has-post-thumbnail","6":"product_cat-tallers-de-cuir","7":"product_tag-taller","9":"first","10":"instock","11":"virtual","12":"sold-individually","13":"purchasable","14":"product-type-booking"},"booking_location":"","booking_location_type":"","booking_duration":1,"booking_duration_unit":"hour","booking_buffer":0,"booking_cost":40,"booking_resources":[],"_links":{"self":[{"href":"https:\/\/rossymina.cat\/es\/wp-json\/wp\/v2\/product\/11098","targetHints":{"allow":["GET"]}}],"collection":[{"href":"https:\/\/rossymina.cat\/es\/wp-json\/wp\/v2\/product"}],"about":[{"href":"https:\/\/rossymina.cat\/es\/wp-json\/wp\/v2\/types\/product"}],"wp:featuredmedia":[{"embeddable":true,"href":"https:\/\/rossymina.cat\/es\/wp-json\/wp\/v2\/media\/11093"}],"wp:attachment":[{"href":"https:\/\/rossymina.cat\/es\/wp-json\/wp\/v2\/media?parent=11098"}],"wp:term":[{"taxonomy":"product_brand","embeddable":true,"href":"https:\/\/rossymina.cat\/es\/wp-json\/wp\/v2\/product_brand?post=11098"},{"taxonomy":"product_cat","embeddable":true,"href":"https:\/\/rossymina.cat\/es\/wp-json\/wp\/v2\/product_cat?post=11098"},{"taxonomy":"product_tag","embeddable":true,"href":"https:\/\/rossymina.cat\/es\/wp-json\/wp\/v2\/product_tag?post=11098"}],"curies":[{"name":"wp","href":"https:\/\/api.w.org\/{rel}","templated":true}]}}