{"id":12543,"date":"2025-12-01T19:07:48","date_gmt":"2025-12-01T19:07:48","guid":{"rendered":"https:\/\/rossymina.cat\/producto\/motxilla-de-pell-de-color-marro-clar\/"},"modified":"2026-01-13T21:14:31","modified_gmt":"2026-01-13T21:14:31","slug":"mochila-de-piel-de-color-marron-claro","status":"publish","type":"product","link":"https:\/\/rossymina.cat\/es\/mochila-de-piel-de-color-marron-claro\/","title":{"rendered":"Mochila de piel de color marr\u00f3n claro"},"content":{"rendered":"<p><iframe title=\"tan backpack\" width=\"800\" height=\"450\" data-src=\"https:\/\/www.youtube.com\/embed\/IyG3haVhH1s?feature=oembed\" frameborder=\"0\" allow=\"accelerometer; autoplay; clipboard-write; encrypted-media; gyroscope; picture-in-picture; web-share\" referrerpolicy=\"strict-origin-when-cross-origin\" allowfullscreen src=\"data:image\/svg+xml;base64,PHN2ZyB3aWR0aD0iMSIgaGVpZ2h0PSIxIiB4bWxucz0iaHR0cDovL3d3dy53My5vcmcvMjAwMC9zdmciPjwvc3ZnPg==\" class=\"lazyload\" data-load-mode=\"1\"><\/iframe><\/p>\n<p>&nbsp;<\/p>\n<p>Esta mochila de color marr\u00f3n claro est\u00e1 hecha a mano con piel de vaca 100% de alta calidad. Hemos dise\u00f1ado esta bolsa minimalista con un compartimento grande y dos bolsillos con cremallera, uno en frente y otro en la parte trasera. Lo guarda todo dentro de forma segura y se cierra con una cremallera met\u00e1lica. Las correas se ajustan para adaptarse perfectamente a los hombros y tienen una parte m\u00e1s ancha y suave. Esta mochila o mochila minimalista ser\u00e1 tu compa\u00f1era diaria y durar\u00e1 toda su vida.<\/p>\n<p>La mochila tiene espacio suficiente para un ordenador port\u00e1til de 17 pulgadas.<\/p>\n<p>Hemos a\u00f1adido un bolsillo exterior trasero para acceder oculto al m\u00f3vil, la cartera y las llaves mientras el bolso est\u00e1 cerrado. Estas mochilas de dise\u00f1o sencillo y limpio est\u00e1n disponibles en varios colores y completar\u00e1n tu look elegante e informal.<\/p>\n<p>_<\/p>","protected":false},"excerpt":{"rendered":"<p>Mochila de piel hecha a mano para hombre o mujer con forro de algod\u00f3n y cremallera met\u00e1lica.<\/p>","protected":false},"featured_media":8784,"template":"","meta":[],"product_brand":[],"product_cat":[23],"product_tag":[241,243,245,242,244],"class_list":{"0":"post-12543","1":"product","2":"type-product","3":"status-publish","4":"has-post-thumbnail","6":"product_cat-sin-categorizar","7":"product_tag-pell-de-color-marro-clar","8":"product_tag-botiga-etsy","9":"product_tag-motxilla-de-pell","10":"product_tag-motxilla-etsy","11":"product_tag-motxilla-feta-a-ma","13":"first","14":"instock","15":"shipping-taxable","16":"purchasable","17":"product-type-simple"},"booking_location":null,"booking_location_type":null,"booking_duration":null,"booking_duration_unit":null,"booking_buffer":null,"booking_cost":null,"booking_resources":null,"_links":{"self":[{"href":"https:\/\/rossymina.cat\/es\/wp-json\/wp\/v2\/product\/12543","targetHints":{"allow":["GET"]}}],"collection":[{"href":"https:\/\/rossymina.cat\/es\/wp-json\/wp\/v2\/product"}],"about":[{"href":"https:\/\/rossymina.cat\/es\/wp-json\/wp\/v2\/types\/product"}],"wp:featuredmedia":[{"embeddable":true,"href":"https:\/\/rossymina.cat\/es\/wp-json\/wp\/v2\/media\/8784"}],"wp:attachment":[{"href":"https:\/\/rossymina.cat\/es\/wp-json\/wp\/v2\/media?parent=12543"}],"wp:term":[{"taxonomy":"product_brand","embeddable":true,"href":"https:\/\/rossymina.cat\/es\/wp-json\/wp\/v2\/product_brand?post=12543"},{"taxonomy":"product_cat","embeddable":true,"href":"https:\/\/rossymina.cat\/es\/wp-json\/wp\/v2\/product_cat?post=12543"},{"taxonomy":"product_tag","embeddable":true,"href":"https:\/\/rossymina.cat\/es\/wp-json\/wp\/v2\/product_tag?post=12543"}],"curies":[{"name":"wp","href":"https:\/\/api.w.org\/{rel}","templated":true}]}}