{"id":12553,"date":"2025-12-01T19:07:48","date_gmt":"2025-12-01T19:07:48","guid":{"rendered":"https:\/\/rossymina.cat\/producto\/bossa-de-pell-negra-amb-disseny-de-ploma-de-pao\/"},"modified":"2026-01-13T21:14:31","modified_gmt":"2026-01-13T21:14:31","slug":"bolsa-de-piel-negra-con-diseno-de-pluma-de-pao","status":"publish","type":"product","link":"https:\/\/rossymina.cat\/es\/bolsa-de-piel-negra-con-diseno-de-pluma-de-pao\/","title":{"rendered":"Bolsa de piel negra con dise\u00f1o de pluma de pavo real"},"content":{"rendered":"<p>Esta bolsa bandolera \u00fanica de color negro con dise\u00f1o de plumas de pavo real est\u00e1 hecha completamente a mano con piel de vaca espa\u00f1ola de la mejor calidad. Es muy ligera y suave y tersa al tacto.<br \/>\nDise\u00f1amos y pintamos a mano nuestros productos seleccionando cuidadosamente la piel y cada prenda es \u00fanica y especial. Utilizamos colores de piel vibrantes y resistentes y decorados con piedras naturales tales como ojo de tigre, amatista y corales.<br \/>\nEs una bolsa del tama\u00f1o perfecto, lo suficientemente grande para todos tus objetos esenciales (hacia un cuaderno A5, tel\u00e9fono, cartera, dinero, llaves y m\u00e1s) y es una gran opci\u00f3n para cualquier ocasi\u00f3n, elegante o informal. La correa es ajustable, lo suficientemente larga para llevar la bolsa cruzada o corta como bolso.<br \/>\nEl forro es 100% algod\u00f3n y tiene un bolsillo interior con cremallera, lo suficientemente grande para cabre el tel\u00e9fono o la cartera.<br \/>\nSe presenta en varios colores que coinciden con los gustos y tendencias m\u00e1s exigentes.<\/p>\n<p>DETALLES<\/p>\n<p>\u2022 Pintado a mano con colores especiales resistentes<br \/>\n\u2022 Piel espa\u00f1ola e italiana de la mejor calidad<br \/>\n\u2022 F\u00e1cil de limpiar y Resistente al agua<br \/>\n\u2022 Seguro con cremallera<br \/>\n\u2022 Correa de cuero duradera con herrajes de lat\u00f3n de alta calidad<br \/>\n\u2022 Bolsillo interior<\/p>\n<p>DIMENSIONES<\/p>\n<p>Bolsa m\u00e1s peque\u00f1a:<\/p>\n<p>25 cm de ancho \/ 19 cm de altura (25 cm \/ 19 cm),<\/p>\n<p>Bolsa m\u00e1s grande:<\/p>\n<p>30 cm de ancho \/ 20 cm de altura (30 cm \/ 21 cm)<\/p>\n<p>Bolsillo interior:<\/p>\n<p>15 cm de ancho \/ 11 cm de altura (15 cm \/ 11 cm)<\/p>","protected":false},"excerpt":{"rendered":"<p>Bolsa bandolera negra con dise\u00f1o de plumas de pavo real<\/p>","protected":false},"featured_media":8917,"template":"","meta":[],"product_brand":[],"product_cat":[246,247],"product_tag":[255,249],"class_list":{"0":"post-12553","1":"product","2":"type-product","3":"status-publish","4":"has-post-thumbnail","6":"product_cat-bosses-de-pell","7":"product_cat-bosses-pintats","8":"product_tag-cuir-pintat-a-ma","9":"product_tag-plomes-de-pao","11":"first","12":"outofstock","13":"shipping-taxable","14":"purchasable","15":"product-type-simple"},"booking_location":null,"booking_location_type":null,"booking_duration":null,"booking_duration_unit":null,"booking_buffer":null,"booking_cost":null,"booking_resources":null,"_links":{"self":[{"href":"https:\/\/rossymina.cat\/es\/wp-json\/wp\/v2\/product\/12553","targetHints":{"allow":["GET"]}}],"collection":[{"href":"https:\/\/rossymina.cat\/es\/wp-json\/wp\/v2\/product"}],"about":[{"href":"https:\/\/rossymina.cat\/es\/wp-json\/wp\/v2\/types\/product"}],"wp:featuredmedia":[{"embeddable":true,"href":"https:\/\/rossymina.cat\/es\/wp-json\/wp\/v2\/media\/8917"}],"wp:attachment":[{"href":"https:\/\/rossymina.cat\/es\/wp-json\/wp\/v2\/media?parent=12553"}],"wp:term":[{"taxonomy":"product_brand","embeddable":true,"href":"https:\/\/rossymina.cat\/es\/wp-json\/wp\/v2\/product_brand?post=12553"},{"taxonomy":"product_cat","embeddable":true,"href":"https:\/\/rossymina.cat\/es\/wp-json\/wp\/v2\/product_cat?post=12553"},{"taxonomy":"product_tag","embeddable":true,"href":"https:\/\/rossymina.cat\/es\/wp-json\/wp\/v2\/product_tag?post=12553"}],"curies":[{"name":"wp","href":"https:\/\/api.w.org\/{rel}","templated":true}]}}