{"id":12556,"date":"2025-12-01T19:07:48","date_gmt":"2025-12-01T19:07:48","guid":{"rendered":"https:\/\/rossymina.cat\/producto\/bossa-de-pell-negra-amb-rosa\/"},"modified":"2026-01-13T21:14:31","modified_gmt":"2026-01-13T21:14:31","slug":"bolsa-de-piel-negra-con-rosa","status":"publish","type":"product","link":"https:\/\/rossymina.cat\/es\/bolsa-de-piel-negra-con-rosa\/","title":{"rendered":"Bolsa de piel negra con rosa"},"content":{"rendered":"<h1>Bolsa de piel negra con una rosa roja<\/h1>\n<p>Este bolso bandolero \u00fanico en color negro absoluto con dise\u00f1o de rosa roja est\u00e1 hecha completamente a mano con piel de vaca espa\u00f1ola de la mejor calidad. Es muy ligera y suave y tersa al tacto.<br \/>\nDise\u00f1amos y pintamos a mano nuestros productos seleccionando cuidadosamente la piel y cada prenda es \u00fanica y especial. Utilizamos colores de piel vibrantes y resistentes y decorados con piedras naturales como la piedra de ojo de tigre, la amatista y los corales.<br \/>\nEs la bolsa del tama\u00f1o perfecto de 25 cm de ancho \/ 19 cm de altura, lo suficientemente grande para todos sus elementos esenciales (hacia un port\u00e1til, tel\u00e9fono, cartera, dinero, llaves) y es una gran opci\u00f3n para cualquier ocasi\u00f3n, elegante o informal. La correa es ajustable, lo suficientemente larga para llevar la bolsa cruzada o corta como bolso.<br \/>\nEl forro es 100% algod\u00f3n y tiene un bolsillo interior de 15 cm de ancho \/ 11 cm de altura con cremallera, lo suficientemente grande para un tel\u00e9fono o una cartera.<\/p>\n<p>\u2022 Pintado a mano con colores especiales resistentes<br \/>\n\u2022 Piel espa\u00f1ola e italiana de la mejor calidad<br \/>\n\u2022 F\u00e1cil de limpiar y resistente al agua<br \/>\n\u2022 Seguro con cremallera<br \/>\n\u2022 Correa de piel duradera con herrajes de lat\u00f3n de alta calidad<br \/>\n\u2022 Bolsillo interior<\/p>\n<p>&nbsp;<\/p>","protected":false},"excerpt":{"rendered":"<p>Esta bolsa bandolera \u00fanica en color negro absoluto con un dise\u00f1o de rosas rojas est\u00e1 hecha completamente a mano con piel de vaca espa\u00f1ola de mejor calidad. Es muy ligera y suave y tersa al tacto.<\/p>","protected":false},"featured_media":8242,"template":"","meta":[],"product_brand":[],"product_cat":[246,247],"product_tag":[256,258,257],"class_list":{"0":"post-12556","1":"product","2":"type-product","3":"status-publish","4":"has-post-thumbnail","6":"product_cat-bosses-de-pell","7":"product_cat-bosses-pintats","8":"product_tag-bossa-de-cuir-negre","9":"product_tag-bossa-de-rosa-vermella","10":"product_tag-bosses-de-cuir","12":"first","13":"instock","14":"shipping-taxable","15":"purchasable","16":"product-type-simple"},"booking_location":null,"booking_location_type":null,"booking_duration":null,"booking_duration_unit":null,"booking_buffer":null,"booking_cost":null,"booking_resources":null,"_links":{"self":[{"href":"https:\/\/rossymina.cat\/es\/wp-json\/wp\/v2\/product\/12556","targetHints":{"allow":["GET"]}}],"collection":[{"href":"https:\/\/rossymina.cat\/es\/wp-json\/wp\/v2\/product"}],"about":[{"href":"https:\/\/rossymina.cat\/es\/wp-json\/wp\/v2\/types\/product"}],"wp:featuredmedia":[{"embeddable":true,"href":"https:\/\/rossymina.cat\/es\/wp-json\/wp\/v2\/media\/8242"}],"wp:attachment":[{"href":"https:\/\/rossymina.cat\/es\/wp-json\/wp\/v2\/media?parent=12556"}],"wp:term":[{"taxonomy":"product_brand","embeddable":true,"href":"https:\/\/rossymina.cat\/es\/wp-json\/wp\/v2\/product_brand?post=12556"},{"taxonomy":"product_cat","embeddable":true,"href":"https:\/\/rossymina.cat\/es\/wp-json\/wp\/v2\/product_cat?post=12556"},{"taxonomy":"product_tag","embeddable":true,"href":"https:\/\/rossymina.cat\/es\/wp-json\/wp\/v2\/product_tag?post=12556"}],"curies":[{"name":"wp","href":"https:\/\/api.w.org\/{rel}","templated":true}]}}