{"id":12559,"date":"2025-12-01T19:07:48","date_gmt":"2025-12-01T19:07:48","guid":{"rendered":"https:\/\/rossymina.cat\/producto\/bossa-rodona-petita-melo\/"},"modified":"2026-01-13T21:14:42","modified_gmt":"2026-01-13T21:14:42","slug":"bossa-rodona-petita-melo","status":"publish","type":"product","link":"https:\/\/rossymina.cat\/es\/bossa-rodona-petita-melo\/","title":{"rendered":"Bolsa redonda peque\u00f1a Mel\u00f3n"},"content":{"rendered":"<blockquote><p>Aquesta petita bossa rodona de cuir est\u00e0 pintada amb un disseny geom\u00e8tric sobre pell suau de vaca negra o marr\u00f3. El seu disseny la converteix en l&#8217;accessori art\u00edstic perfecte per portar cada dia. \u00c9s lleugera, divertida i informal, cosa que la converteix en un regal ideal per a nenes o dones. \u00c9s un accessori original, per\u00f2 tamb\u00e9 una bossa creuada pr\u00e0ctica. El seu disseny dol\u00e7 li d\u00f3na una agradable sensaci\u00f3 de llibertat i la pots portar amb qualsevol combinaci\u00f3 de colors o ocasi\u00f3. La bossa de m\u00e0 \u00e9s prou gran per portar el tel\u00e8fon, les claus i la cartera, de manera que pots anar a passejar, ballar o viatjar feli\u00e7 amb la teva bossa diferent i \u00fanica.<\/p>\n<p>Dissenyada com una bossa minimalista<\/p>\n<p>La corretja s&#8217;ajusta de bandolera a bandolera. La pots portar alta i baixa. O fins i tot treure-te-la i tenir-la com a bandolera i portar-la com a bossa de casament.<\/p>\n<p>Dimensiones: 20 cm x 15 cm<\/p>\n<p>Ancho de la cremallera: 15 cm<\/p>\n<p>Longitud de la correa: acortada y se alarga de: 60 a 125 cm<\/p>","protected":false},"excerpt":{"rendered":"<p>Aquesta petita bossa rodona de cuir est\u00e0 pintada amb un disseny geom\u00e8tric sobre pell suau de vaca negra o marr\u00f3. El seu disseny la converteix en l&#8217;accessori art\u00edstic perfecte per portar cada dia. \u00c9s lleugera, divertida i informal, cosa que la converteix en un regal ideal per a nenes o dones. \u00c9s un accessori original, [&hellip;]<\/p>\n","protected":false},"featured_media":3433,"template":"","meta":[],"product_brand":[],"product_cat":[246,247],"product_tag":[],"class_list":{"0":"post-12559","1":"product","2":"type-product","3":"status-publish","4":"has-post-thumbnail","6":"product_cat-bosses-de-pell","7":"product_cat-bosses-pintats","8":"pa_color-marro","9":"pa_color-negre","11":"first","12":"instock","13":"shipping-taxable","14":"purchasable","15":"product-type-variable"},"booking_location":null,"booking_location_type":null,"booking_duration":null,"booking_duration_unit":null,"booking_buffer":null,"booking_cost":null,"booking_resources":null,"_links":{"self":[{"href":"https:\/\/rossymina.cat\/es\/wp-json\/wp\/v2\/product\/12559","targetHints":{"allow":["GET"]}}],"collection":[{"href":"https:\/\/rossymina.cat\/es\/wp-json\/wp\/v2\/product"}],"about":[{"href":"https:\/\/rossymina.cat\/es\/wp-json\/wp\/v2\/types\/product"}],"wp:featuredmedia":[{"embeddable":true,"href":"https:\/\/rossymina.cat\/es\/wp-json\/wp\/v2\/media\/3433"}],"wp:attachment":[{"href":"https:\/\/rossymina.cat\/es\/wp-json\/wp\/v2\/media?parent=12559"}],"wp:term":[{"taxonomy":"product_brand","embeddable":true,"href":"https:\/\/rossymina.cat\/es\/wp-json\/wp\/v2\/product_brand?post=12559"},{"taxonomy":"product_cat","embeddable":true,"href":"https:\/\/rossymina.cat\/es\/wp-json\/wp\/v2\/product_cat?post=12559"},{"taxonomy":"product_tag","embeddable":true,"href":"https:\/\/rossymina.cat\/es\/wp-json\/wp\/v2\/product_tag?post=12559"}],"curies":[{"name":"wp","href":"https:\/\/api.w.org\/{rel}","templated":true}]}}