{"id":12562,"date":"2025-12-01T19:07:48","date_gmt":"2025-12-01T19:07:48","guid":{"rendered":"https:\/\/rossymina.cat\/producto\/arracades-penjants-de-cuir\/"},"modified":"2026-01-13T21:14:36","modified_gmt":"2026-01-13T21:14:36","slug":"pendientes-colgantes-de-cuero","status":"publish","type":"product","link":"https:\/\/rossymina.cat\/es\/pendientes-colgantes-de-cuero\/","title":{"rendered":"Pendientes colgantes de cuero"},"content":{"rendered":"<blockquote><p>&nbsp;<\/p><\/blockquote>\n<p>Preciosos pendientes con flecos en forma de pavo real \u2665<\/p>\n<p>TENGA EN CUENTA QUE EL ENV\u00cdO EST\u00c1NDAR<br \/>\nES SIN SEGUIMIENTO (lento). PUEDE ESCOGER UN ENV\u00cdO<br \/>\nCON SEGUIMIENTO AL FINALIZACI\u00d3N DE LA COMPRA.<\/p>\n<p>\u2192 MEDIDAS:<\/p>\n<p>\u2022 Pendientes de aproximadamente 8 cm x 3 cm \/ 3\u2033 x 1 1\/4\u2033 (largo x ancho).<\/p>\n<p>\u2192 MATERIALES:<\/p>\n<p>\u2022<br \/>\nEstos pendientes est\u00e1n disponibles para orejas perforadas (seleccione el estilo cuando haga el pedido desde el men\u00fa desplegable).<br \/>\n\u2022 Imagen de alta calidad impresa en papel impermeable y protegida con un cabuz\u00f3n de cristal.<br \/>\n\u2022 Todos los accesorios no contienen n\u00edquel.<\/p>\n<p>\u2192 EMBALAJE:<\/p>\n<p>\u2022 Estos pendientes se enviar\u00e1n en una caja de regalo, listas para regalar (o guardar!).<br \/>\n\u2022 Si desea a\u00f1adir una nota manuscrita, d\u00e9jeme un mensaje con su pedido.<\/p>\n<p>\u2022<br \/>\nInternacional: Tenga en cuenta que TODAS los pedidos internacionales tardan entre 2 y 4 semanas en llegar. No es raro que tarden las 4 semanas.<br \/>\nT\u00e9ngalo en cuenta a la hora de realizar el pedido.<\/p>","protected":false},"excerpt":{"rendered":"<p>&nbsp; Precioses arracades amb serrells en forma de pa\u00f3 \u2665 TINGUEU EN COMPTE QUE L&#8217;ENVIAMENT EST\u00c0NDARD \u00c9S SENSE SEGUIMENT (lent). PODEU TRIAR UN ENVIAMENT AMB SEGUIMENT AL FINALITZACI\u00d3 DE LA COMPRA. \u2192 MIDES: \u2022 Arracades d&#8217;aproximadament 8 cm x 3 cm \/ 3&#8243; x 1 1\/4&#8243; (llargada x amplada). \u2192 MATERIALS: \u2022 Aquestes arracades estan [&hellip;]<\/p>\n","protected":false},"featured_media":3206,"template":"","meta":[],"product_brand":[],"product_cat":[251],"product_tag":[255,249,269,266,270,271,268,267],"class_list":{"0":"post-12562","1":"product","2":"type-product","3":"status-publish","4":"has-post-thumbnail","6":"product_cat-joieria","7":"product_tag-cuir-pintat-a-ma","8":"product_tag-plomes-de-pao","9":"product_tag-arracada-de-disseny-de-cuir","10":"product_tag-arracada-de-plomes","11":"product_tag-arracada-vermella-i-daurada","12":"product_tag-cuir-turquesa","13":"product_tag-joieria-casolana","14":"product_tag-joieria-feta-a-ma","15":"pa_color-blau-verdos","16":"pa_color-or","17":"pa_color-taronja","18":"pa_color-vermell","20":"first","21":"instock","22":"shipping-taxable","23":"purchasable","24":"product-type-variable"},"booking_location":null,"booking_location_type":null,"booking_duration":null,"booking_duration_unit":null,"booking_buffer":null,"booking_cost":null,"booking_resources":null,"_links":{"self":[{"href":"https:\/\/rossymina.cat\/es\/wp-json\/wp\/v2\/product\/12562","targetHints":{"allow":["GET"]}}],"collection":[{"href":"https:\/\/rossymina.cat\/es\/wp-json\/wp\/v2\/product"}],"about":[{"href":"https:\/\/rossymina.cat\/es\/wp-json\/wp\/v2\/types\/product"}],"wp:featuredmedia":[{"embeddable":true,"href":"https:\/\/rossymina.cat\/es\/wp-json\/wp\/v2\/media\/3206"}],"wp:attachment":[{"href":"https:\/\/rossymina.cat\/es\/wp-json\/wp\/v2\/media?parent=12562"}],"wp:term":[{"taxonomy":"product_brand","embeddable":true,"href":"https:\/\/rossymina.cat\/es\/wp-json\/wp\/v2\/product_brand?post=12562"},{"taxonomy":"product_cat","embeddable":true,"href":"https:\/\/rossymina.cat\/es\/wp-json\/wp\/v2\/product_cat?post=12562"},{"taxonomy":"product_tag","embeddable":true,"href":"https:\/\/rossymina.cat\/es\/wp-json\/wp\/v2\/product_tag?post=12562"}],"curies":[{"name":"wp","href":"https:\/\/api.w.org\/{rel}","templated":true}]}}