{"id":12564,"date":"2025-12-01T19:07:54","date_gmt":"2025-12-01T19:07:54","guid":{"rendered":"https:\/\/rossymina.cat\/producto\/bossa-de-pell-de-color-marro-pintada-amb-flors\/"},"modified":"2026-01-13T21:14:35","modified_gmt":"2026-01-13T21:14:35","slug":"bolsa-de-piel-de-color-marron-pintada-con-flores","status":"publish","type":"product","link":"https:\/\/rossymina.cat\/es\/bolsa-de-piel-de-color-marron-pintada-con-flores\/","title":{"rendered":"Bolsa de piel color marr\u00f3n pintada con flores"},"content":{"rendered":"<h1>Bolsa de piel de color marr\u00f3n claro con flores pintadas<\/h1>\n<p>Esta bolsa bandolera especial de piel de color marr\u00f3n claro est\u00e1 pintada a mano con un dise\u00f1o floral de crisantemos o <span class=\"ILfuVd NA6bn\"><span class=\"e24Kjd\"><b>cri\u00e1s<\/b><\/span>. Las flores burdeas est\u00e1n elegantemente adornadas con oro. El bolso est\u00e1 hecho completamente a mano con piel de vaca espa\u00f1ola de la mejor calidad. Es muy ligera y la piel es suave y natural al tacto.<\/p>\n<p>Dise\u00f1amos y pintamos a mano nuestros productos seleccionando cuidadosamente la piel y cada prenda es \u00fanica y especial.<\/p>\n<p>Es el tama\u00f1o perfecto de la bolsa de 12\u2033 de ancho \/ 8\u2033 de altura (30 cm \/ 21 cm), lo suficientemente grande para todos sus elementos esenciales (hacia un port\u00e1til, tel\u00e9fono, cartera, dinero, llaves). Es una gran opci\u00f3n para cualquier ocasi\u00f3n, elegante o informal. La correa es ajustable, lo suficientemente larga para llevar la bolsa cruzada o corta como bolso.<br \/>\nEl forro es 100% algod\u00f3n y tiene un bolsillo interior de 15 cm de ancho\/11 cm de altura con cremallera, lo suficientemente grande para el tel\u00e9fono o la cartera.<\/p>\n<p>Comprueba una bolsa de menor tama\u00f1o <a href=\"https:\/\/rossymina.com\/shop\/bags\/handpainted-bags\/casual-tan-leather-bag-flower\/\" target=\"_blank\" rel=\"noopener\">aqu\u00ed<\/a>.<\/p>","protected":false},"excerpt":{"rendered":"<p>Bolsa de piel de color marr\u00f3n claro con flores de vid y hojas doradas.<\/p>\n<div>Piel y artesan\u00eda de calidad duradera. Es ligera, delgada, pero lo suficientemente grande para todo lo esencial (incluido un iPad o un port\u00e1til m\u00e1s peque\u00f1o).<\/div>\n<div>Tambi\u00e9n es muy vers\u00e1til, puede ser elegante o m\u00e1s deportiva, dependiendo de tu conjunto \ud83d\ude42<\/div>\n<div>Puede llevar todo lo esencial y nunca pasa de moda!<\/div>\n<\/div>\n<div>La piel es robusta, pero suave; la pintura en el bolso es resistente y vibrante; la atenci\u00f3n al por menor es fant\u00e1stica.<\/div>","protected":false},"featured_media":5350,"template":"","meta":[],"product_brand":[],"product_cat":[246,247],"product_tag":[],"class_list":{"0":"post-12564","1":"product","2":"type-product","3":"status-publish","4":"has-post-thumbnail","6":"product_cat-bosses-de-pell","7":"product_cat-bosses-pintats","9":"first","10":"instock","11":"shipping-taxable","12":"purchasable","13":"product-type-simple"},"booking_location":null,"booking_location_type":null,"booking_duration":null,"booking_duration_unit":null,"booking_buffer":null,"booking_cost":null,"booking_resources":null,"_links":{"self":[{"href":"https:\/\/rossymina.cat\/es\/wp-json\/wp\/v2\/product\/12564","targetHints":{"allow":["GET"]}}],"collection":[{"href":"https:\/\/rossymina.cat\/es\/wp-json\/wp\/v2\/product"}],"about":[{"href":"https:\/\/rossymina.cat\/es\/wp-json\/wp\/v2\/types\/product"}],"wp:featuredmedia":[{"embeddable":true,"href":"https:\/\/rossymina.cat\/es\/wp-json\/wp\/v2\/media\/5350"}],"wp:attachment":[{"href":"https:\/\/rossymina.cat\/es\/wp-json\/wp\/v2\/media?parent=12564"}],"wp:term":[{"taxonomy":"product_brand","embeddable":true,"href":"https:\/\/rossymina.cat\/es\/wp-json\/wp\/v2\/product_brand?post=12564"},{"taxonomy":"product_cat","embeddable":true,"href":"https:\/\/rossymina.cat\/es\/wp-json\/wp\/v2\/product_cat?post=12564"},{"taxonomy":"product_tag","embeddable":true,"href":"https:\/\/rossymina.cat\/es\/wp-json\/wp\/v2\/product_tag?post=12564"}],"curies":[{"name":"wp","href":"https:\/\/api.w.org\/{rel}","templated":true}]}}