{"id":12576,"date":"2025-12-01T19:07:54","date_gmt":"2025-12-01T19:07:54","guid":{"rendered":"https:\/\/rossymina.cat\/producto\/bossa-de-pell-blanca-amb-flors\/"},"modified":"2026-01-13T21:14:36","modified_gmt":"2026-01-13T21:14:36","slug":"bolsa-de-piel-blanca-con-flores","status":"publish","type":"product","link":"https:\/\/rossymina.cat\/es\/bolsa-de-piel-blanca-con-flores\/","title":{"rendered":"Bolsa de piel blanca con flores"},"content":{"rendered":"<h1>Bolsa de piel blanca pintada con flores<\/h1>\n<p>Este bolso bandolero \u00fanico en color blanco nupcial con dise\u00f1o floral est\u00e1 hecho completamente a mano con piel de vaca espa\u00f1ola de la mejor calidad. La bolsa de piel es muy ligera y tiene un tacto suave y liso.<\/p>\n<p>Dise\u00f1amos y pintamos a mano nuestros productos seleccionando cuidadosamente la piel y cada prenda es \u00fanica y especial. Utilizamos colores de piel vibrantes y resistentes que combinan con las piedras naturales que utilizamos, que son la piedra de ojo de tigre, la amatista y los corales.<\/p>\n<p>Dise\u00f1amos y pintamos a mano nuestros productos seleccionando cuidadosamente la piel y cada prenda es \u00fanica y especial. Utilizamos colores de piel vibrantes y resistentes y decorada con colgantes de piedras naturales.<\/p>\n<p>Es el tama\u00f1o perfecto de la bolsa de 25 cm de ancho \/ 19 cm de altura (25 cm \/ 19 cm), lo suficientemente grande para todos sus elementos esenciales (hacia un port\u00e1til, tel\u00e9fono, cartera, dinero, llaves). Es una gran opci\u00f3n para cualquier ocasi\u00f3n, elegante o informal. La correa es ajustable, lo suficientemente larga para llevar la bolsa cruzada o corta como bolso.<br \/>\nEl forro es 100% algod\u00f3n y tiene un bolsillo interior de 15 cm de ancho\/11 cm de altura (15 cm) con cremallera, lo suficientemente grande para el tel\u00e9fono o la cartera.<\/p>\n<p>Consulta otros colores disponibles <a href=\"https:\/\/rossymina.com\/shop\/bags\/handpainted-bags\/everyday-leather-bag-with-painted-flowers\/\" target=\"_blank\" rel=\"noopener\">aqu\u00ed.<\/a><\/p>\n<p>y se adapta a los gustos y tendencias m\u00e1s exigentes.<\/p>\n<p>\u2022 Pintado a mano con colores especiales resistentes<br \/>\n\u2022 Piel espa\u00f1ola e italiana de la mejor calidad.<\/p>","protected":false},"excerpt":{"rendered":"<p>Este bolso bandolero \u00fanico en color blanco nupcial con dise\u00f1o floral est\u00e1 hecho completamente a mano con piel de vaca espa\u00f1ola de la mejor calidad. La bolsa de piel es muy ligera y suave y lisa al tacto.<\/p>","protected":false},"featured_media":3336,"template":"","meta":[],"product_brand":[],"product_cat":[246,247],"product_tag":[255,259,277,280,279,278],"class_list":{"0":"post-12576","1":"product","2":"type-product","3":"status-publish","4":"has-post-thumbnail","6":"product_cat-bosses-de-pell","7":"product_cat-bosses-pintats","8":"product_tag-cuir-pintat-a-ma","9":"product_tag-flors-mexicanes","10":"product_tag-blanc-de-nuvia","11":"product_tag-bossa-blanca-de-casament","12":"product_tag-bossa-de-cuir-de-casament","13":"product_tag-bossa-de-nuvia","15":"first","16":"instock","17":"shipping-taxable","18":"purchasable","19":"product-type-simple"},"booking_location":null,"booking_location_type":null,"booking_duration":null,"booking_duration_unit":null,"booking_buffer":null,"booking_cost":null,"booking_resources":null,"_links":{"self":[{"href":"https:\/\/rossymina.cat\/es\/wp-json\/wp\/v2\/product\/12576","targetHints":{"allow":["GET"]}}],"collection":[{"href":"https:\/\/rossymina.cat\/es\/wp-json\/wp\/v2\/product"}],"about":[{"href":"https:\/\/rossymina.cat\/es\/wp-json\/wp\/v2\/types\/product"}],"wp:featuredmedia":[{"embeddable":true,"href":"https:\/\/rossymina.cat\/es\/wp-json\/wp\/v2\/media\/3336"}],"wp:attachment":[{"href":"https:\/\/rossymina.cat\/es\/wp-json\/wp\/v2\/media?parent=12576"}],"wp:term":[{"taxonomy":"product_brand","embeddable":true,"href":"https:\/\/rossymina.cat\/es\/wp-json\/wp\/v2\/product_brand?post=12576"},{"taxonomy":"product_cat","embeddable":true,"href":"https:\/\/rossymina.cat\/es\/wp-json\/wp\/v2\/product_cat?post=12576"},{"taxonomy":"product_tag","embeddable":true,"href":"https:\/\/rossymina.cat\/es\/wp-json\/wp\/v2\/product_tag?post=12576"}],"curies":[{"name":"wp","href":"https:\/\/api.w.org\/{rel}","templated":true}]}}