{"id":12578,"date":"2025-12-01T19:07:54","date_gmt":"2025-12-01T19:07:54","guid":{"rendered":"https:\/\/rossymina.cat\/producto\/bossa-de-pell-marro-amb-libel%c2%b7lules\/"},"modified":"2026-01-13T21:14:36","modified_gmt":"2026-01-13T21:14:36","slug":"bolsa-de-piel-marron-con-libelulas","status":"publish","type":"product","link":"https:\/\/rossymina.cat\/es\/bolsa-de-piel-marron-con-libelulas\/","title":{"rendered":"Bolsa de piel marr\u00f3n con lib\u00e9lulas"},"content":{"rendered":"<p>Esta bolsa bandolera \u00fanica en un intenso color pardo chocolate con un dise\u00f1o de lib\u00e9lula est\u00e1 hecha completamente a mano con piel de vaca espa\u00f1ola de la mejor calidad. Es muy ligera y suave y tersa al tacto.<br \/>\nDise\u00f1amos y pintamos a mano nuestros productos seleccionando cuidadosamente la piel y cada prenda es \u00fanica y especial. Utilizamos colores de piel vibrantes y resistentes y decorada con piedras naturales como el ojo de tigre, el amatista y los corales.<br \/>\nEs el tama\u00f1o perfecto de la bolsa, con una anchura de 25 cm \/ 19 cm de altura, lo suficientemente grande para todos sus objetos esenciales (hacia un port\u00e1til, un tel\u00e9fono, una cartera, dinero, llaves y m\u00e1s) y es una gran opci\u00f3n para cualquier ocasi\u00f3n, elegante o informal.<\/p>\n<p>La correa es ajustable, lo suficientemente larga para llevar la bolsa cruzada o corta como bolso.<br \/>\nEl forro es 100% algod\u00f3n y tiene un bolsillo interior con cremallera, lo suficientemente grande para cabre el tel\u00e9fono o la cartera.<br \/>\nEst\u00e1 disponible en varios colores que se adaptan a los gustos y tendencias m\u00e1s exigentes.<\/p>\n<p>DETALLES<\/p>\n<p>\u2022 Pintado a mano con colores especiales resistentes<br \/>\n\u2022 Piel espa\u00f1ola e italiana de la mejor calidad<br \/>\n\u2022 F\u00e1cil de limpiar y resistente al agua<br \/>\n\u2022 Seguro con cremallera<br \/>\n\u2022 Correa de piel duradera con herrajes de lat\u00f3n de alta calidad<br \/>\n\u2022 Bolsillo interior<\/p>\n<p>Tambi\u00e9n disponible en un tama\u00f1o mayor de 30 cm de ancho \/ 20 cm de altura (30 cm \/ 21 cm)<\/p>\n<p>Bolsillo interior:<br \/>\n15 cm de ancho \/ 11 cm de altura (15 cm \/ 11 cm)<\/p>","protected":false},"excerpt":{"rendered":"<p>Esta bolsa bandolera \u00fanica en un intenso color pardo chocolate con un dise\u00f1o de lib\u00e9lula est\u00e1 hecha completamente a mano con la piel de vaca espa\u00f1ola de la mejor calidad. Es muy ligera y suave y tersa al tacto.<\/p>","protected":false},"featured_media":6907,"template":"","meta":[],"product_brand":[],"product_cat":[246,247],"product_tag":[255,281,282],"class_list":{"0":"post-12578","1":"product","2":"type-product","3":"status-publish","4":"has-post-thumbnail","6":"product_cat-bosses-de-pell","7":"product_cat-bosses-pintats","8":"product_tag-cuir-pintat-a-ma","9":"product_tag-bossa-de-cuir-marro","10":"product_tag-libellules-pintades-a-ma","12":"first","13":"instock","14":"shipping-taxable","15":"purchasable","16":"product-type-simple"},"booking_location":null,"booking_location_type":null,"booking_duration":null,"booking_duration_unit":null,"booking_buffer":null,"booking_cost":null,"booking_resources":null,"_links":{"self":[{"href":"https:\/\/rossymina.cat\/es\/wp-json\/wp\/v2\/product\/12578","targetHints":{"allow":["GET"]}}],"collection":[{"href":"https:\/\/rossymina.cat\/es\/wp-json\/wp\/v2\/product"}],"about":[{"href":"https:\/\/rossymina.cat\/es\/wp-json\/wp\/v2\/types\/product"}],"wp:featuredmedia":[{"embeddable":true,"href":"https:\/\/rossymina.cat\/es\/wp-json\/wp\/v2\/media\/6907"}],"wp:attachment":[{"href":"https:\/\/rossymina.cat\/es\/wp-json\/wp\/v2\/media?parent=12578"}],"wp:term":[{"taxonomy":"product_brand","embeddable":true,"href":"https:\/\/rossymina.cat\/es\/wp-json\/wp\/v2\/product_brand?post=12578"},{"taxonomy":"product_cat","embeddable":true,"href":"https:\/\/rossymina.cat\/es\/wp-json\/wp\/v2\/product_cat?post=12578"},{"taxonomy":"product_tag","embeddable":true,"href":"https:\/\/rossymina.cat\/es\/wp-json\/wp\/v2\/product_tag?post=12578"}],"curies":[{"name":"wp","href":"https:\/\/api.w.org\/{rel}","templated":true}]}}