{"id":12586,"date":"2025-12-01T19:07:58","date_gmt":"2025-12-01T19:07:58","guid":{"rendered":"https:\/\/rossymina.cat\/producto\/ronyonera-de-pell-de-color-marro-clar\/"},"modified":"2026-01-13T21:14:38","modified_gmt":"2026-01-13T21:14:38","slug":"rinonera-de-piel-de-color-marron-claro","status":"publish","type":"product","link":"https:\/\/rossymina.cat\/es\/rinonera-de-piel-de-color-marron-claro\/","title":{"rendered":"Ri\u00f1onera de piel de color marr\u00f3n claro"},"content":{"rendered":"<h1>Ri\u00f1ona de piel Rossymina en color marr\u00f3n claro<\/h1>\n<p><iframe title=\"Rossymina fannypack tan\" width=\"800\" height=\"450\" data-src=\"https:\/\/www.youtube.com\/embed\/PLKjV_Smr58?feature=oembed\" frameborder=\"0\" allow=\"accelerometer; autoplay; clipboard-write; encrypted-media; gyroscope; picture-in-picture; web-share\" referrerpolicy=\"strict-origin-when-cross-origin\" allowfullscreen src=\"data:image\/svg+xml;base64,PHN2ZyB3aWR0aD0iMSIgaGVpZ2h0PSIxIiB4bWxucz0iaHR0cDovL3d3dy53My5vcmcvMjAwMC9zdmciPjwvc3ZnPg==\" class=\"lazyload\" data-load-mode=\"1\"><\/iframe><\/p>\n<p>Ri\u00f1ona de piel, bolsa de cintura, bolsa de cintura, bolsa de cintura hecha de piel 100% aut\u00e9ntica de Italia y Espa\u00f1a. Esta bolsa de cintura\/ri\u00f1onera de piel tiene un \u00fanico compartimento que se cierra con una cremallera YKK met\u00e1lica. Puedes llevar esta ri\u00f1onera tanto en la cintura como en la bandolera gracias al cintur\u00f3n ajustable. Tiene espacio suficiente en el interior para tus peque\u00f1os objetos esenciales como llaves, un tel\u00e9fono m\u00f3vil, una cartera y tus cosm\u00e9ticos.<\/p>\n<p>El cintur\u00f3n se abre y se cierra c\u00f3modamente con un mosquet\u00f3n.<\/p>\n<p>Cada ri\u00f1onera est\u00e1 hecha a mano para garantizar la elegancia y durabilidad.<br \/>\nLa piel aut\u00e9ntica de vaca puede presentar peque\u00f1as imperfecciones y variaciones de color a causa de la naturaleza del material. Esto a\u00f1ade singularidad a cada art\u00edculo.<br \/>\nLa piel es un material noble, flexible, transpirable y resistente. Madura maravillosamente.<\/p>\n<p>GU\u00cdA DE TALLAS<\/p>\n<p>Longitud: 23 cm o 9\u2033<br \/>\nAltura: 14 cm o 5\u2033 1\/2<br \/>\nAncho: 4 cm o 1\u2033 1\/2<br \/>\nLa longitud de la correa se ajusta al tama\u00f1o de la cadera desde 70 cm o 27\u2033 1\/2 (la m\u00e1s corta) hasta 110 cm o 43\u2033 (la m\u00e1s larga)<\/p>\n<p>H\u00e1ganos saber si necesita un tama\u00f1o especial y lo adaptaremos.<\/p>","protected":false},"excerpt":{"rendered":"<p>Ri\u00f1onera de color marr\u00f3n claro<\/p>","protected":false},"featured_media":8828,"template":"","meta":[],"product_brand":[],"product_cat":[260],"product_tag":[],"class_list":{"0":"post-12586","1":"product","2":"type-product","3":"status-publish","4":"has-post-thumbnail","6":"product_cat-ronyoneres","8":"first","9":"instock","10":"shipping-taxable","11":"purchasable","12":"product-type-simple"},"booking_location":null,"booking_location_type":null,"booking_duration":null,"booking_duration_unit":null,"booking_buffer":null,"booking_cost":null,"booking_resources":null,"_links":{"self":[{"href":"https:\/\/rossymina.cat\/es\/wp-json\/wp\/v2\/product\/12586","targetHints":{"allow":["GET"]}}],"collection":[{"href":"https:\/\/rossymina.cat\/es\/wp-json\/wp\/v2\/product"}],"about":[{"href":"https:\/\/rossymina.cat\/es\/wp-json\/wp\/v2\/types\/product"}],"wp:featuredmedia":[{"embeddable":true,"href":"https:\/\/rossymina.cat\/es\/wp-json\/wp\/v2\/media\/8828"}],"wp:attachment":[{"href":"https:\/\/rossymina.cat\/es\/wp-json\/wp\/v2\/media?parent=12586"}],"wp:term":[{"taxonomy":"product_brand","embeddable":true,"href":"https:\/\/rossymina.cat\/es\/wp-json\/wp\/v2\/product_brand?post=12586"},{"taxonomy":"product_cat","embeddable":true,"href":"https:\/\/rossymina.cat\/es\/wp-json\/wp\/v2\/product_cat?post=12586"},{"taxonomy":"product_tag","embeddable":true,"href":"https:\/\/rossymina.cat\/es\/wp-json\/wp\/v2\/product_tag?post=12586"}],"curies":[{"name":"wp","href":"https:\/\/api.w.org\/{rel}","templated":true}]}}