{"id":12591,"date":"2025-12-01T19:07:58","date_gmt":"2025-12-01T19:07:58","guid":{"rendered":"https:\/\/rossymina.cat\/producto\/cartera-compacta-de-pell-s\/"},"modified":"2026-01-13T21:14:39","modified_gmt":"2026-01-13T21:14:39","slug":"cartera-compacta-de-piel-s","status":"publish","type":"product","link":"https:\/\/rossymina.cat\/es\/cartera-compacta-de-piel-s\/","title":{"rendered":"Cartera compacta de piel S"},"content":{"rendered":"<blockquote><p>Esta cartera compacta de piel peque\u00f1a tiene capacidad para monedas, tarjetas y billetes, pero los mantiene juntos de forma segura y se mantiene compacta. La cartera Barcelona es ligera y delgada, a la vez que funcional y minimalista. La piel de vaca que utilizamos es piel aut\u00e9ntica, abonada naturalmente y tiene un tacto suave y agradable. Seleccionamos y escogemos cuidadosamente cada combinaci\u00f3n de colores para crear una pieza \u00fanica para que disfrute de su piel hecha a mano. En el interior encontrar\u00e1 2 compartimentos o ranuras para tarjetas, una secci\u00f3n para billetes y un compartimento para monedas con cremallera. El bot\u00f3n de presi\u00f3n es para la seguridad y comodidad.<\/p>\n<p>Ll\u00e1mala como desee: cartera, monedero o monedero, sus tarjetas y billetes estar\u00e1n seguros y ajustados.<\/p>\n<p>DIMENSIONES<\/p>\n<p>Una vez abierta, mide 15 x 10 cm o 7\u2033x 4\u2033<\/p>\n<p>Una vez cerrada, mide 10 por 7 cm o 4\u2033x 2,5\u2033<\/p>\n<p>2 ranuras para tarjetas<\/p>\n<p>compartimiento con cremallera para monedas<\/p>\n<p>bolsillo para billetes<\/p>\n<p>bot\u00f3n de presi\u00f3n para cierre de seguridad<\/p><\/blockquote>","protected":false},"excerpt":{"rendered":"<p>Organizador de cartera compacto<\/p>","protected":false},"featured_media":8801,"template":"","meta":[],"product_brand":[],"product_cat":[272],"product_tag":[],"class_list":{"0":"post-12591","1":"product","2":"type-product","3":"status-publish","4":"has-post-thumbnail","6":"product_cat-carteres-i-targeters","7":"pa_color-bronzejat","8":"pa_color-groc","9":"pa_color-la-teva-eleccio-de-colors","10":"pa_color-negre","11":"pa_color-turquesa","13":"first","14":"instock","15":"shipping-taxable","16":"purchasable","17":"product-type-variable"},"booking_location":null,"booking_location_type":null,"booking_duration":null,"booking_duration_unit":null,"booking_buffer":null,"booking_cost":null,"booking_resources":null,"_links":{"self":[{"href":"https:\/\/rossymina.cat\/es\/wp-json\/wp\/v2\/product\/12591","targetHints":{"allow":["GET"]}}],"collection":[{"href":"https:\/\/rossymina.cat\/es\/wp-json\/wp\/v2\/product"}],"about":[{"href":"https:\/\/rossymina.cat\/es\/wp-json\/wp\/v2\/types\/product"}],"wp:featuredmedia":[{"embeddable":true,"href":"https:\/\/rossymina.cat\/es\/wp-json\/wp\/v2\/media\/8801"}],"wp:attachment":[{"href":"https:\/\/rossymina.cat\/es\/wp-json\/wp\/v2\/media?parent=12591"}],"wp:term":[{"taxonomy":"product_brand","embeddable":true,"href":"https:\/\/rossymina.cat\/es\/wp-json\/wp\/v2\/product_brand?post=12591"},{"taxonomy":"product_cat","embeddable":true,"href":"https:\/\/rossymina.cat\/es\/wp-json\/wp\/v2\/product_cat?post=12591"},{"taxonomy":"product_tag","embeddable":true,"href":"https:\/\/rossymina.cat\/es\/wp-json\/wp\/v2\/product_tag?post=12591"}],"curies":[{"name":"wp","href":"https:\/\/api.w.org\/{rel}","templated":true}]}}