{"id":12597,"date":"2025-12-01T19:07:58","date_gmt":"2025-12-01T19:07:58","guid":{"rendered":"https:\/\/rossymina.cat\/producto\/organitzador-de-cartera-de-cuir-gran-en-colors\/"},"modified":"2026-01-13T21:15:32","modified_gmt":"2026-01-13T21:15:32","slug":"organizador-de-cartera-de-cuero-grande-en-colores","status":"publish","type":"product","link":"https:\/\/rossymina.cat\/es\/organizador-de-cartera-de-cuero-grande-en-colores\/","title":{"rendered":"Organizador de cartera de cuero grande en colores"},"content":{"rendered":"<h1>Organizador de cartera de cuero Rossymina<\/h1>\n<p>Esta cartera de cuero unisex es el protector de dinero esencial que necesitas para el d\u00eda a d\u00eda. Es ligera y delgada ya la vez funcional y minimalista. La piel de vaca que utilizamos es piel genuina, abonada naturalmente y tiene un tacto suave y agradable. Seleccionamos y escogemos cuidadosamente cada combinaci\u00f3n de colores para crear una prenda \u00fanica para que disfrutes de tu accesorio de cuero hecho a mano. En su interior encontrar\u00e1s tres ranuras para tarjetas, una secci\u00f3n para billetes o billetes y un compartimento para monedas con cremallera. El bot\u00f3n de presi\u00f3n es para mayor seguridad y comodidad.<br \/>\nUn regalo o compra perfecto que mantendr\u00e1 tus pertenencias seguras y organizadas.<\/p>\n<p>colores:<\/p>\n<p>\u2014 azul verdoso | turquesa<\/p>\n<p>\u2014 naranja<\/p>\n<p>\u2014 marr\u00f3n claro | camel<\/p>\n<p>\u2014 marr\u00f3n<\/p>\n<p>DIMENSIONES<\/p>\n<p>Una vez abierta, mide 20 x 10 cm o 8\u2033x 4\u2033<\/p>\n<p>Una vez cerrada, mide 10 x 10 cm o 4\u2033x 4\u2033<\/p>\n<p>8 ranuras para tarjetas<\/p>\n<p>Compartimento con cremallera para monedas<\/p>\n<p>Bolsillo grande para billetes<\/p>\n<p>Bot\u00f3n de presi\u00f3n para cierre de seguridad<\/p>","protected":false},"excerpt":{"rendered":"<p>cartera de mujer<\/p>","protected":false},"featured_media":8286,"template":"","meta":[],"product_brand":[],"product_cat":[272],"product_tag":[],"class_list":{"0":"post-12597","1":"product","2":"type-product","3":"status-publish","4":"has-post-thumbnail","6":"product_cat-carteres-i-targeters","7":"pa_color-vermell","9":"first","10":"instock","11":"shipping-taxable","12":"purchasable","13":"product-type-variable"},"booking_location":null,"booking_location_type":null,"booking_duration":null,"booking_duration_unit":null,"booking_buffer":null,"booking_cost":null,"booking_resources":null,"_links":{"self":[{"href":"https:\/\/rossymina.cat\/es\/wp-json\/wp\/v2\/product\/12597","targetHints":{"allow":["GET"]}}],"collection":[{"href":"https:\/\/rossymina.cat\/es\/wp-json\/wp\/v2\/product"}],"about":[{"href":"https:\/\/rossymina.cat\/es\/wp-json\/wp\/v2\/types\/product"}],"wp:featuredmedia":[{"embeddable":true,"href":"https:\/\/rossymina.cat\/es\/wp-json\/wp\/v2\/media\/8286"}],"wp:attachment":[{"href":"https:\/\/rossymina.cat\/es\/wp-json\/wp\/v2\/media?parent=12597"}],"wp:term":[{"taxonomy":"product_brand","embeddable":true,"href":"https:\/\/rossymina.cat\/es\/wp-json\/wp\/v2\/product_brand?post=12597"},{"taxonomy":"product_cat","embeddable":true,"href":"https:\/\/rossymina.cat\/es\/wp-json\/wp\/v2\/product_cat?post=12597"},{"taxonomy":"product_tag","embeddable":true,"href":"https:\/\/rossymina.cat\/es\/wp-json\/wp\/v2\/product_tag?post=12597"}],"curies":[{"name":"wp","href":"https:\/\/api.w.org\/{rel}","templated":true}]}}