{"id":12602,"date":"2025-12-01T19:07:58","date_gmt":"2025-12-01T19:07:58","guid":{"rendered":"https:\/\/rossymina.cat\/producto\/moneder-de-canvi\/"},"modified":"2026-01-13T21:15:26","modified_gmt":"2026-01-13T21:15:26","slug":"monedero-de-cambio","status":"publish","type":"product","link":"https:\/\/rossymina.cat\/es\/monedero-de-cambio\/","title":{"rendered":"monedero de cambio"},"content":{"rendered":"<p>Monedero peque\u00f1o con cremallera. Tambi\u00e9n se adapta a tarjetas de cr\u00e9dito<\/p>\n<p>Monedero peque\u00f1o con cierre de cremallera en diferentes colores de cuero. Capacidad para tarjetas, as\u00ed como billetes y monedas juntos<\/p>","protected":false},"excerpt":{"rendered":"<p>Monedero peque\u00f1o con cierre de cremallera en diferentes colores de piel. Capacidad para tarjetas, as\u00ed como billetes y monedas juntos.<\/p>","protected":false},"featured_media":4675,"template":"","meta":[],"product_brand":[],"product_cat":[272],"product_tag":[289],"class_list":{"0":"post-12602","1":"product","2":"type-product","3":"status-publish","4":"has-post-thumbnail","6":"product_cat-carteres-i-targeters","7":"product_tag-moneder-de-canvi-de-cuir","8":"pa_color-mostassa","9":"pa_color-negre","10":"pa_color-tan","11":"pa_color-taronja","12":"pa_color-turquesa","13":"pa_color-vermell","15":"first","16":"instock","17":"shipping-taxable","18":"purchasable","19":"product-type-variable"},"booking_location":null,"booking_location_type":null,"booking_duration":null,"booking_duration_unit":null,"booking_buffer":null,"booking_cost":null,"booking_resources":null,"_links":{"self":[{"href":"https:\/\/rossymina.cat\/es\/wp-json\/wp\/v2\/product\/12602","targetHints":{"allow":["GET"]}}],"collection":[{"href":"https:\/\/rossymina.cat\/es\/wp-json\/wp\/v2\/product"}],"about":[{"href":"https:\/\/rossymina.cat\/es\/wp-json\/wp\/v2\/types\/product"}],"wp:featuredmedia":[{"embeddable":true,"href":"https:\/\/rossymina.cat\/es\/wp-json\/wp\/v2\/media\/4675"}],"wp:attachment":[{"href":"https:\/\/rossymina.cat\/es\/wp-json\/wp\/v2\/media?parent=12602"}],"wp:term":[{"taxonomy":"product_brand","embeddable":true,"href":"https:\/\/rossymina.cat\/es\/wp-json\/wp\/v2\/product_brand?post=12602"},{"taxonomy":"product_cat","embeddable":true,"href":"https:\/\/rossymina.cat\/es\/wp-json\/wp\/v2\/product_cat?post=12602"},{"taxonomy":"product_tag","embeddable":true,"href":"https:\/\/rossymina.cat\/es\/wp-json\/wp\/v2\/product_tag?post=12602"}],"curies":[{"name":"wp","href":"https:\/\/api.w.org\/{rel}","templated":true}]}}