{"id":12607,"date":"2025-12-01T19:08:06","date_gmt":"2025-12-01T19:08:06","guid":{"rendered":"https:\/\/rossymina.cat\/producto\/ronyonera-de-pell-vermella\/"},"modified":"2026-01-13T21:14:41","modified_gmt":"2026-01-13T21:14:41","slug":"rinonera-de-piel-roja","status":"publish","type":"product","link":"https:\/\/rossymina.cat\/es\/rinonera-de-piel-roja\/","title":{"rendered":"Ri\u00f1onera de piel roja"},"content":{"rendered":"<blockquote><p>Ri\u00f1onera\/ri\u00f1onera\/bolsa de cintura de cuero hecha de cuero 100% aut\u00e9ntico\/aut\u00e9ntico de Italia y Espa\u00f1a. Esta ri\u00f1onera\/bolsa de cintura de cuero tiene un \u00fanico compartimento que se cierra con una cremallera met\u00e1lica YKK. Puedes llevar esta ri\u00f1onera tanto en la cintura como en la bandolera gracias al cintur\u00f3n ajustable. Tiene espacio suficiente en el interior para tus peque\u00f1os objetos esenciales como llaves, un tel\u00e9fono m\u00f3vil, una cartera y tus cosm\u00e9ticos.<br \/>\nSe abre y cierra c\u00f3modamente con un mosquet\u00f3n.<\/p>\n<p>Cada bolsa est\u00e1 hecha a mano para garantizar la elegancia y durabilidad.<br \/>\nEl cuero aut\u00e9ntico de piel de vaca puede presentar peque\u00f1as imperfecciones y variaciones de color debido a la naturaleza del material. Esto a\u00f1ade singularidad a cada art\u00edculo.<br \/>\nEl cuero es un material noble, flexible, transpirable y resistente. Madura maravillosamente.<\/p>\n<p>GU\u00cdA DE TALLAS<\/p>\n<p>Longitud: 22 cm u 8 pulgadas<br \/>\nAltura: 13 cm o 5,12 pulgadas<br \/>\nAncho: 4 cm o 2 pulgadas<br \/>\nLongitud de la correa ajustable de 60 cm o 24 pulgadas (la m\u00e1s corta con bolsa de 60) a 120 cm o 45 pulgadas (la m\u00e1s larga)<\/p>\n<p>ri\u00f1onera, bolsa de cintura, ri\u00f1onera<\/p>\n<p>un bolsillo, correa ajustable<\/p>","protected":false},"excerpt":{"rendered":"<p>Ronyonera\/ronyonera\/bossa de cintura de cuir feta de cuir 100% aut\u00e8ntic\/aut\u00e8ntic d&#8217;It\u00e0lia i Espanya. Aquesta ronyonera\/bossa de cintura de cuir t\u00e9 un \u00fanic compartiment que es tanca amb una cremallera met\u00e0l\u00b7lica YKK. Pots portar aquesta ronyonera tant a la cintura com com a bandolera gr\u00e0cies al cintur\u00f3 ajustable. T\u00e9 prou espai a l&#8217;interior per als teus [&hellip;]<\/p>\n","protected":false},"featured_media":8825,"template":"","meta":[],"product_brand":[],"product_cat":[260],"product_tag":[],"class_list":{"0":"post-12607","1":"product","2":"type-product","3":"status-publish","4":"has-post-thumbnail","6":"product_cat-ronyoneres","8":"first","9":"instock","10":"shipping-taxable","11":"purchasable","12":"product-type-simple"},"booking_location":null,"booking_location_type":null,"booking_duration":null,"booking_duration_unit":null,"booking_buffer":null,"booking_cost":null,"booking_resources":null,"_links":{"self":[{"href":"https:\/\/rossymina.cat\/es\/wp-json\/wp\/v2\/product\/12607","targetHints":{"allow":["GET"]}}],"collection":[{"href":"https:\/\/rossymina.cat\/es\/wp-json\/wp\/v2\/product"}],"about":[{"href":"https:\/\/rossymina.cat\/es\/wp-json\/wp\/v2\/types\/product"}],"wp:featuredmedia":[{"embeddable":true,"href":"https:\/\/rossymina.cat\/es\/wp-json\/wp\/v2\/media\/8825"}],"wp:attachment":[{"href":"https:\/\/rossymina.cat\/es\/wp-json\/wp\/v2\/media?parent=12607"}],"wp:term":[{"taxonomy":"product_brand","embeddable":true,"href":"https:\/\/rossymina.cat\/es\/wp-json\/wp\/v2\/product_brand?post=12607"},{"taxonomy":"product_cat","embeddable":true,"href":"https:\/\/rossymina.cat\/es\/wp-json\/wp\/v2\/product_cat?post=12607"},{"taxonomy":"product_tag","embeddable":true,"href":"https:\/\/rossymina.cat\/es\/wp-json\/wp\/v2\/product_tag?post=12607"}],"curies":[{"name":"wp","href":"https:\/\/api.w.org\/{rel}","templated":true}]}}