{"id":12608,"date":"2025-12-01T19:08:06","date_gmt":"2025-12-01T19:08:06","guid":{"rendered":"https:\/\/rossymina.cat\/producto\/motxilla-de-pell-negra\/"},"modified":"2026-01-13T21:14:41","modified_gmt":"2026-01-13T21:14:41","slug":"mochila-de-piel-negra","status":"publish","type":"product","link":"https:\/\/rossymina.cat\/es\/mochila-de-piel-negra\/","title":{"rendered":"Mochila de piel negra"},"content":{"rendered":"<p><iframe title=\"Black backpack\" width=\"800\" height=\"450\" data-src=\"https:\/\/www.youtube.com\/embed\/z18CQWV95Pc?feature=oembed\" frameborder=\"0\" allow=\"accelerometer; autoplay; clipboard-write; encrypted-media; gyroscope; picture-in-picture; web-share\" referrerpolicy=\"strict-origin-when-cross-origin\" allowfullscreen src=\"data:image\/svg+xml;base64,PHN2ZyB3aWR0aD0iMSIgaGVpZ2h0PSIxIiB4bWxucz0iaHR0cDovL3d3dy53My5vcmcvMjAwMC9zdmciPjwvc3ZnPg==\" class=\"lazyload\" data-load-mode=\"1\"><\/iframe><\/p>\n<p>Esta mochila negra est\u00e1 hecha a mano con piel de vaca 100% de alta calidad. Hemos dise\u00f1ado esta bolsa minimalista con un compartimento grande y dos bolsillos con cremallera, uno delante y otro detr\u00e1s. Lo guarda todo dentro con seguridad y se cierra con una cremallera met\u00e1lica. Las correas se ajustan para adaptarse perfectamente a los hombros y tienen una parte m\u00e1s ancha y c\u00f3moda. Esta mochila o mochila minimalista ser\u00e1 tu compa\u00f1era diaria y durar\u00e1 toda su vida.<\/p>\n<p>La mochila tiene espacio suficiente para llevar un port\u00e1til de 13 pulgadas y tambi\u00e9n hacemos una versi\u00f3n m\u00e1s grande para un port\u00e1til de 15 pulgadas.<\/p>\n<p>Podr\u00e1s traer todas tus pertenencias personales, documentos o un cuaderno. Los bolsillos ser\u00e1n perfectos para m\u00f3viles, cartera o cosm\u00e9ticos y llaves.<\/p>\n<p>Hemos a\u00f1adido un bolsillo exterior trasero para acceder ocultamente al m\u00f3vil, la cartera y las llaves mientras el bolso est\u00e1 cerrado. Estas mochilas de dise\u00f1o sencillo y limpio est\u00e1n disponibles en varios colores y completar\u00e1n tu look informal con estilo.<\/p>","protected":false},"excerpt":{"rendered":"<p>&nbsp; <\/p>\n<p>Mochila de piel hecha a mano para hombre o mujer con forro de algod\u00f3n y cremallera met\u00e1lica.<\/p>\n<p>&nbsp;<\/p>","protected":false},"featured_media":8904,"template":"","meta":[],"product_brand":[],"product_cat":[23],"product_tag":[292,291,294,293],"class_list":{"0":"post-12608","1":"product","2":"type-product","3":"status-publish","4":"has-post-thumbnail","6":"product_cat-sin-categorizar","7":"product_tag-bossa-minimalista","8":"product_tag-motxilla-de-pell-negra","9":"product_tag-pell-adobada-vegetal","10":"product_tag-pell-suau-i-natural","12":"first","13":"instock","14":"shipping-taxable","15":"purchasable","16":"product-type-simple"},"booking_location":null,"booking_location_type":null,"booking_duration":null,"booking_duration_unit":null,"booking_buffer":null,"booking_cost":null,"booking_resources":null,"_links":{"self":[{"href":"https:\/\/rossymina.cat\/es\/wp-json\/wp\/v2\/product\/12608","targetHints":{"allow":["GET"]}}],"collection":[{"href":"https:\/\/rossymina.cat\/es\/wp-json\/wp\/v2\/product"}],"about":[{"href":"https:\/\/rossymina.cat\/es\/wp-json\/wp\/v2\/types\/product"}],"wp:featuredmedia":[{"embeddable":true,"href":"https:\/\/rossymina.cat\/es\/wp-json\/wp\/v2\/media\/8904"}],"wp:attachment":[{"href":"https:\/\/rossymina.cat\/es\/wp-json\/wp\/v2\/media?parent=12608"}],"wp:term":[{"taxonomy":"product_brand","embeddable":true,"href":"https:\/\/rossymina.cat\/es\/wp-json\/wp\/v2\/product_brand?post=12608"},{"taxonomy":"product_cat","embeddable":true,"href":"https:\/\/rossymina.cat\/es\/wp-json\/wp\/v2\/product_cat?post=12608"},{"taxonomy":"product_tag","embeddable":true,"href":"https:\/\/rossymina.cat\/es\/wp-json\/wp\/v2\/product_tag?post=12608"}],"curies":[{"name":"wp","href":"https:\/\/api.w.org\/{rel}","templated":true}]}}