{"id":12617,"date":"2025-12-01T19:08:06","date_gmt":"2025-12-01T19:08:06","guid":{"rendered":"https:\/\/rossymina.cat\/producto\/cartera-de-pell-negra\/"},"modified":"2026-01-13T21:14:42","modified_gmt":"2026-01-13T21:14:42","slug":"cartera-de-piel-negra","status":"publish","type":"product","link":"https:\/\/rossymina.cat\/es\/cartera-de-piel-negra\/","title":{"rendered":"Cartera de piel negra"},"content":{"rendered":"<blockquote><p>Esta cartera de cuero unisex es el protector de dinero esencial para el d\u00eda a d\u00eda que necesitas. Es ligera y delgada ya la vez funcional y minimalista. La piel de vaca que utilizamos es piel genuina, abonada naturalmente y tiene un tacto suave y agradable. Seleccionamos y escogemos cuidadosamente cada combinaci\u00f3n de colores para crear una prenda \u00fanica para que disfrutes de tu accesorio de cuero hecho a mano. En su interior encontrar\u00e1s tres ranuras para tarjetas, una secci\u00f3n para billetes o billetes y un compartimento con cremallera para monedas. El bot\u00f3n de presi\u00f3n es para la seguridad y comodidad.<\/p>\n<p>Un regalo o una compra perfectas que mantendr\u00e1n tus pertenencias seguras y organizadas.<\/p>\n<p>DIMENSIONES<\/p>\n<p>Una vez abierta, mide 20 x 10 cm o 8\u2033x 4\u2033<\/p>\n<p>Una vez cerrada, mide 10 x 10 cm o 4\u2033x 4\u2033<\/p>\n<p>3 ranuras para tarjetas<\/p>\n<p>Compartimento con cremallera para monedas<\/p>\n<p>Bolsillo grande para billetes<\/p>\n<p>Bot\u00f3n de presi\u00f3n para cierre de seguridad<\/p><\/blockquote>","protected":false},"excerpt":{"rendered":"<p>cartera de cuero unisex<\/p>","protected":false},"featured_media":8220,"template":"","meta":[],"product_brand":[],"product_cat":[272],"product_tag":[],"class_list":{"0":"post-12617","1":"product","2":"type-product","3":"status-publish","4":"has-post-thumbnail","6":"product_cat-carteres-i-targeters","8":"first","9":"instock","10":"shipping-taxable","11":"purchasable","12":"product-type-simple"},"booking_location":null,"booking_location_type":null,"booking_duration":null,"booking_duration_unit":null,"booking_buffer":null,"booking_cost":null,"booking_resources":null,"_links":{"self":[{"href":"https:\/\/rossymina.cat\/es\/wp-json\/wp\/v2\/product\/12617","targetHints":{"allow":["GET"]}}],"collection":[{"href":"https:\/\/rossymina.cat\/es\/wp-json\/wp\/v2\/product"}],"about":[{"href":"https:\/\/rossymina.cat\/es\/wp-json\/wp\/v2\/types\/product"}],"wp:featuredmedia":[{"embeddable":true,"href":"https:\/\/rossymina.cat\/es\/wp-json\/wp\/v2\/media\/8220"}],"wp:attachment":[{"href":"https:\/\/rossymina.cat\/es\/wp-json\/wp\/v2\/media?parent=12617"}],"wp:term":[{"taxonomy":"product_brand","embeddable":true,"href":"https:\/\/rossymina.cat\/es\/wp-json\/wp\/v2\/product_brand?post=12617"},{"taxonomy":"product_cat","embeddable":true,"href":"https:\/\/rossymina.cat\/es\/wp-json\/wp\/v2\/product_cat?post=12617"},{"taxonomy":"product_tag","embeddable":true,"href":"https:\/\/rossymina.cat\/es\/wp-json\/wp\/v2\/product_tag?post=12617"}],"curies":[{"name":"wp","href":"https:\/\/api.w.org\/{rel}","templated":true}]}}