{"id":12620,"date":"2025-12-01T19:08:06","date_gmt":"2025-12-01T19:08:06","guid":{"rendered":"https:\/\/rossymina.cat\/producto\/bossa-rodona-petita-amb-plomes-de-pao\/"},"modified":"2026-01-13T21:14:45","modified_gmt":"2026-01-13T21:14:45","slug":"bolsa-redonda-pequena-con-plumas-de-pao","status":"publish","type":"product","link":"https:\/\/rossymina.cat\/es\/bolsa-redonda-pequena-con-plumas-de-pao\/","title":{"rendered":"Bolsa redonda peque\u00f1a con plumas de pavo real"},"content":{"rendered":"<blockquote><p>Esta peque\u00f1a bolsa redonda de cuero est\u00e1 pintada con un dise\u00f1o de plumas de pavo real sobre piel suave de vaca negra, turquesa, bronceada o marr\u00f3n. Su dise\u00f1o la convierte en el accesorio art\u00edstico perfecto para llevar todos los d\u00edas. Es ligera, divertida e informal, lo que la convierte en un regalo ideal para ni\u00f1as o mujeres. Es un accesorio original, pero tambi\u00e9n una bolsa cruzada pr\u00e1ctica. Su dise\u00f1o dulce le da una agradable sensaci\u00f3n de libertad y puedes llevarla con cualquier combinaci\u00f3n de colores u ocasi\u00f3n. El bolso es lo suficientemente grande para llevar el tel\u00e9fono, las llaves y la cartera, por lo que puedes ir a pasear, bailar o viajar feliz con tu bolso diferente y \u00fanico.<\/p>\n<p>Dise\u00f1ada como una bolsa minimalista.<\/p>\n<p>La correa se ajusta de bolso a bolso cruzado. La puedes llevar alta y baja. O incluso quit\u00e1rtela y tenerla como manga corta y llevarla como bolsa de boda.<\/p>\n<p>Dimensiones: 20 cm x 15 cm<\/p>\n<p>Ancho de la cremallera: 15 cm<\/p>\n<p>Longitud de la correa: acortada y se alarga de: 60 a 125 cm<\/p>","protected":false},"excerpt":{"rendered":"<p>Aquesta petita bossa rodona de cuir est\u00e0 pintada amb un disseny de plomes de pa\u00f3 sobre pell suau de vaca negra, turquesa, bronzejada o marr\u00f3. El seu disseny la converteix en l&#8217;accessori art\u00edstic perfecte per portar cada dia. \u00c9s lleugera, divertida i informal, cosa que la converteix en un regal ideal per a nenes o [&hellip;]<\/p>\n","protected":false},"featured_media":3409,"template":"","meta":[],"product_brand":[],"product_cat":[246,247],"product_tag":[255,249],"class_list":{"0":"post-12620","1":"product","2":"type-product","3":"status-publish","4":"has-post-thumbnail","6":"product_cat-bosses-de-pell","7":"product_cat-bosses-pintats","8":"product_tag-cuir-pintat-a-ma","9":"product_tag-plomes-de-pao","10":"pa_color-blanc","11":"pa_color-bronzejat","12":"pa_color-marro","13":"pa_color-mostassa","14":"pa_color-negre","15":"pa_color-turquesa","17":"first","18":"instock","19":"shipping-taxable","20":"purchasable","21":"product-type-variable"},"booking_location":null,"booking_location_type":null,"booking_duration":null,"booking_duration_unit":null,"booking_buffer":null,"booking_cost":null,"booking_resources":null,"_links":{"self":[{"href":"https:\/\/rossymina.cat\/es\/wp-json\/wp\/v2\/product\/12620","targetHints":{"allow":["GET"]}}],"collection":[{"href":"https:\/\/rossymina.cat\/es\/wp-json\/wp\/v2\/product"}],"about":[{"href":"https:\/\/rossymina.cat\/es\/wp-json\/wp\/v2\/types\/product"}],"wp:featuredmedia":[{"embeddable":true,"href":"https:\/\/rossymina.cat\/es\/wp-json\/wp\/v2\/media\/3409"}],"wp:attachment":[{"href":"https:\/\/rossymina.cat\/es\/wp-json\/wp\/v2\/media?parent=12620"}],"wp:term":[{"taxonomy":"product_brand","embeddable":true,"href":"https:\/\/rossymina.cat\/es\/wp-json\/wp\/v2\/product_brand?post=12620"},{"taxonomy":"product_cat","embeddable":true,"href":"https:\/\/rossymina.cat\/es\/wp-json\/wp\/v2\/product_cat?post=12620"},{"taxonomy":"product_tag","embeddable":true,"href":"https:\/\/rossymina.cat\/es\/wp-json\/wp\/v2\/product_tag?post=12620"}],"curies":[{"name":"wp","href":"https:\/\/api.w.org\/{rel}","templated":true}]}}