{"id":12631,"date":"2025-12-01T19:08:31","date_gmt":"2025-12-01T19:08:31","guid":{"rendered":"https:\/\/rossymina.cat\/producto\/bossa-de-pell-negra\/"},"modified":"2026-01-13T21:14:45","modified_gmt":"2026-01-13T21:14:45","slug":"bolsa-de-piel-negra","status":"publish","type":"product","link":"https:\/\/rossymina.cat\/es\/bolsa-de-piel-negra\/","title":{"rendered":"Bolsa de piel negra"},"content":{"rendered":"<p><iframe title=\"black crossbody flap\" width=\"800\" height=\"450\" data-src=\"https:\/\/www.youtube.com\/embed\/PdPMeQwqB5Y?feature=oembed\" frameborder=\"0\" allow=\"accelerometer; autoplay; clipboard-write; encrypted-media; gyroscope; picture-in-picture; web-share\" referrerpolicy=\"strict-origin-when-cross-origin\" allowfullscreen src=\"data:image\/svg+xml;base64,PHN2ZyB3aWR0aD0iMSIgaGVpZ2h0PSIxIiB4bWxucz0iaHR0cDovL3d3dy53My5vcmcvMjAwMC9zdmciPjwvc3ZnPg==\" class=\"lazyload\" data-load-mode=\"1\"><\/iframe> <\/p>\n<h1>Bolsa de piel negra<\/h1>\n<div>Con o sin solapa<\/div>\n<p>Esta bolsa bandolera de piel negra est\u00e1 hecha a mano con piel de vaca de la mejor calidad. La bolsa est\u00e1 elaborada con piel suave y tersa. Es ligera y delgada, pero lo suficientemente grande para caber todos los elementos esenciales. Esta c\u00f3moda bolsa cl\u00e1sica tiene una solapa y cierre con cremallera para mayor seguridad.<\/p>\n<p>La bolsa de mujer de piel negra fina tambi\u00e9n es muy vers\u00e1til, puede ser elegante o m\u00e1s deportiva. La correa de piel resistente es ajustable, por lo que se puede utilizar como bolso bandolero o como bolso de mano.<\/p>\n<p>Tiene un forro 100% algod\u00f3n e incluye un bolsillo interior<\/p>\n<p>&nbsp;<\/p>\n<p>CAPACIDAD:<\/p>\n<p>Caben el tel\u00e9fono, la cartera, las llaves, el maquillaje, etc.<\/p>\n<p>La piel es robusta, pero suave, resistente y vibrante; la atenci\u00f3n al por menor es fant\u00e1stica.<\/p>\n<p>DETALLES<\/p>\n<p>\u2022 Piel espa\u00f1ola e italiana de la mejor calidad<br \/>\n\u2022 Seguridad con cremallera<br \/>\n\u2022 Correa ajustable de piel duradera con herrajes de lat\u00f3n de alta calidad<br \/>\n\u2022 Bolsillo interior<\/p>\n<p>&nbsp;<\/p>","protected":false},"excerpt":{"rendered":"<p>La bolsa de mujer de piel fina negra tambi\u00e9n es muy vers\u00e1til, puede ser elegante o m\u00e1s deportiva. La correa de piel resistente es ajustable, por lo que se puede llevar como bolsa cruzada o como bolso.<\/p>","protected":false},"featured_media":5802,"template":"","meta":[],"product_brand":[],"product_cat":[273,246],"product_tag":[304,256],"class_list":{"0":"post-12631","1":"product","2":"type-product","3":"status-publish","4":"has-post-thumbnail","6":"product_cat-bosses-llises-pell","7":"product_cat-bosses-de-pell","8":"product_tag-bossa-de-cuir-de-color-negre","9":"product_tag-bossa-de-cuir-negre","11":"first","12":"instock","13":"shipping-taxable","14":"purchasable","15":"product-type-simple"},"booking_location":null,"booking_location_type":null,"booking_duration":null,"booking_duration_unit":null,"booking_buffer":null,"booking_cost":null,"booking_resources":null,"_links":{"self":[{"href":"https:\/\/rossymina.cat\/es\/wp-json\/wp\/v2\/product\/12631","targetHints":{"allow":["GET"]}}],"collection":[{"href":"https:\/\/rossymina.cat\/es\/wp-json\/wp\/v2\/product"}],"about":[{"href":"https:\/\/rossymina.cat\/es\/wp-json\/wp\/v2\/types\/product"}],"wp:featuredmedia":[{"embeddable":true,"href":"https:\/\/rossymina.cat\/es\/wp-json\/wp\/v2\/media\/5802"}],"wp:attachment":[{"href":"https:\/\/rossymina.cat\/es\/wp-json\/wp\/v2\/media?parent=12631"}],"wp:term":[{"taxonomy":"product_brand","embeddable":true,"href":"https:\/\/rossymina.cat\/es\/wp-json\/wp\/v2\/product_brand?post=12631"},{"taxonomy":"product_cat","embeddable":true,"href":"https:\/\/rossymina.cat\/es\/wp-json\/wp\/v2\/product_cat?post=12631"},{"taxonomy":"product_tag","embeddable":true,"href":"https:\/\/rossymina.cat\/es\/wp-json\/wp\/v2\/product_tag?post=12631"}],"curies":[{"name":"wp","href":"https:\/\/api.w.org\/{rel}","templated":true}]}}