{"id":12665,"date":"2025-12-01T19:09:03","date_gmt":"2025-12-01T19:09:03","guid":{"rendered":"https:\/\/rossymina.cat\/producto\/cinturo-de-pell-marro-amb-sivella-metal%c2%b7lica\/"},"modified":"2026-01-13T21:14:52","modified_gmt":"2026-01-13T21:14:52","slug":"cinturo-de-piel-marron-con-hebilla-metalica","status":"publish","type":"product","link":"https:\/\/rossymina.cat\/es\/cinturo-de-piel-marron-con-hebilla-metalica\/","title":{"rendered":"Cintur\u00f3n de piel marr\u00f3n con hebilla met\u00e1lica"},"content":{"rendered":"<blockquote>\n<h1>Cintur\u00f3n de cuero marr\u00f3n para mujer u hombre<\/h1>\n<p>Cintur\u00f3n de cuero unisex o apto para g\u00e9nero con <strong>hebilla s\u00f3lida<\/strong> de color plateado o lat\u00f3n.<\/p>\n<p>En Rossymina, hacemos los cinturones de cuero a mano con la mejor calidad de piel de vaca espa\u00f1ola. Compruebe el mismo patr\u00f3n disponible en diferentes colores <a href=\"https:\/\/rossymina.com\/product-category\/belts\/\" target=\"_blank\" rel=\"noopener\">Cinturones pintados a mano<\/a><br \/>\nEste cintur\u00f3n es el accesorio perfecto para su vestido o pantal\u00f3n. No s\u00f3lo sujetar\u00e1 sus vaqueros, sino que tambi\u00e9n har\u00e1 que su conjunto destaque.<\/p>\n<p>Un accesorio IMPRESCINDIBLE.<br \/>\nSe adapta a cualquier persona ya cualquier estilo. Apto para cualquier armario.<br \/>\nCintur\u00f3n de cuero precioso, moderno y elegante.<br \/>\nUn cintur\u00f3n de cuero para mujer que combina perfectamente con sus vaqueros y vestidos.<br \/>\nHacemos 6 agujeros en todos los cinturones de cuero personalizados.<\/p>\n<p>\u2014\u2014-TALLAS\u2014\u2014-<\/p>\n<p>Hacemos tres tama\u00f1os de ANCHOS diferentes:<\/p>\n<p>2 cm 3\/4\u201d o 0,75\u201d<br \/>\n3 cm 1-1\/4\u201d o 1,25\u201d<br \/>\n4 cm 1-1\/2\u201d o 1,5\u2033<\/p>\n<p>Para elegir el LARGO correcto:<\/p>\n<p>Mide tu TALLA DE CINTURA exactamente ad\u00f3nde quieres llevar el cintur\u00f3n.<\/p>\n<p>Tambi\u00e9n puedes medir un cintur\u00f3n viejo, desde la pasadora de la hebilla hasta el agujero que utilizas m\u00e1s.<\/p>\n<p>Elige entre los tama\u00f1os disponibles de 60 cm 24 pulgadas a 110 cm 42\u201d<\/p>\n<p>Tu cintur\u00f3n tambi\u00e9n se puede ajustar exactamente a tus medidas personales.<\/p>\n<p>Si tienes alguna consulta, env\u00edanos un mensaje y estaremos encantados de ayudarte \ud83d\ude42<\/p>\n<p>\u00a1Podemos garantizar que tu producto te mantendr\u00e1 feliz y satisfecho durante a\u00f1os!<\/p><\/blockquote>","protected":false},"excerpt":{"rendered":"<p>Cinturones de cuero pintados a mano con hebilla s\u00f3lida<\/p>","protected":false},"featured_media":0,"template":"","meta":[],"product_brand":[],"product_cat":[253],"product_tag":[254,255],"class_list":{"0":"post-12665","1":"product","2":"type-product","3":"status-publish","5":"product_cat-cinturons-de-cuir","6":"product_tag-cinturo-de-cuir-fet-a-ma","7":"product_tag-cuir-pintat-a-ma","9":"first","10":"instock","11":"shipping-taxable","12":"purchasable","13":"product-type-simple"},"booking_location":null,"booking_location_type":null,"booking_duration":null,"booking_duration_unit":null,"booking_buffer":null,"booking_cost":null,"booking_resources":null,"_links":{"self":[{"href":"https:\/\/rossymina.cat\/es\/wp-json\/wp\/v2\/product\/12665","targetHints":{"allow":["GET"]}}],"collection":[{"href":"https:\/\/rossymina.cat\/es\/wp-json\/wp\/v2\/product"}],"about":[{"href":"https:\/\/rossymina.cat\/es\/wp-json\/wp\/v2\/types\/product"}],"wp:attachment":[{"href":"https:\/\/rossymina.cat\/es\/wp-json\/wp\/v2\/media?parent=12665"}],"wp:term":[{"taxonomy":"product_brand","embeddable":true,"href":"https:\/\/rossymina.cat\/es\/wp-json\/wp\/v2\/product_brand?post=12665"},{"taxonomy":"product_cat","embeddable":true,"href":"https:\/\/rossymina.cat\/es\/wp-json\/wp\/v2\/product_cat?post=12665"},{"taxonomy":"product_tag","embeddable":true,"href":"https:\/\/rossymina.cat\/es\/wp-json\/wp\/v2\/product_tag?post=12665"}],"curies":[{"name":"wp","href":"https:\/\/api.w.org\/{rel}","templated":true}]}}