{"id":12672,"date":"2025-12-01T19:09:03","date_gmt":"2025-12-01T19:09:03","guid":{"rendered":"https:\/\/rossymina.cat\/producto\/bossa-petita-de-pell-marro-clar-amb-momes\/"},"modified":"2026-01-13T21:14:52","modified_gmt":"2026-01-13T21:14:52","slug":"bossa-petita-de-pell-marro-clar-amb-momes","status":"publish","type":"product","link":"https:\/\/rossymina.cat\/es\/bossa-petita-de-pell-marro-clar-amb-momes\/","title":{"rendered":"Bolsa peque\u00f1a de piel marr\u00f3n claro con momas"},"content":{"rendered":"<blockquote>\n<p>Bossa petita pintada a m\u00e0 amb momes en bordeus i daurats sobre cuir de color marr\u00f3 clar.<\/p>\n<p>Bossa rodona petita de cuir, mida perfecta per sortir. Mini moneder de cuir negre. Fem aquestes bosses en diferents colors, com ara color camel natural, mostassa o cuir verd blav\u00f3s. Hi ha prou espai per a una cartera petita, un tel\u00e8fon, les claus i tot el que necessiteu per a l&#8217;\u00fas diari. Aquesta bossa de color uniforme tamb\u00e9 \u00e9s ultralleugera. La corretja \u00e9s prou llarga per portar-la com a bossa creuada, bossa de m\u00e0 o al voltant dels malucs com a ronyonera si voleu. En una ocasi\u00f3 especial, podeu treure-la i portar-la com a bossa de m\u00e0.<\/p>\n<p>Dimensions: 8&#8243; x 6&#8243; (20cm x 15cm)<\/p>\n<p>Obertura de la cremallera: 6&#8243; (15cm)<\/p>\n<p>La longitud de la corretja s&#8217;escur\u00e7a i s&#8217;allarga de 24&#8243; a 47&#8243; (60 a 125cm)<\/p>\n<\/blockquote>","protected":false},"excerpt":{"rendered":"<p>Bossa bandolera rodona de pell de color marr\u00f3 clar pintada amb flors<\/p>","protected":false},"featured_media":4818,"template":"","meta":[],"product_brand":[],"product_cat":[246,247],"product_tag":[],"class_list":{"0":"post-12672","1":"product","2":"type-product","3":"status-publish","4":"has-post-thumbnail","6":"product_cat-bosses-de-pell","7":"product_cat-bosses-pintats","9":"first","10":"instock","11":"shipping-taxable","12":"purchasable","13":"product-type-simple"},"booking_location":null,"booking_location_type":null,"booking_duration":null,"booking_duration_unit":null,"booking_buffer":null,"booking_cost":null,"booking_resources":null,"_links":{"self":[{"href":"https:\/\/rossymina.cat\/es\/wp-json\/wp\/v2\/product\/12672","targetHints":{"allow":["GET"]}}],"collection":[{"href":"https:\/\/rossymina.cat\/es\/wp-json\/wp\/v2\/product"}],"about":[{"href":"https:\/\/rossymina.cat\/es\/wp-json\/wp\/v2\/types\/product"}],"wp:featuredmedia":[{"embeddable":true,"href":"https:\/\/rossymina.cat\/es\/wp-json\/wp\/v2\/media\/4818"}],"wp:attachment":[{"href":"https:\/\/rossymina.cat\/es\/wp-json\/wp\/v2\/media?parent=12672"}],"wp:term":[{"taxonomy":"product_brand","embeddable":true,"href":"https:\/\/rossymina.cat\/es\/wp-json\/wp\/v2\/product_brand?post=12672"},{"taxonomy":"product_cat","embeddable":true,"href":"https:\/\/rossymina.cat\/es\/wp-json\/wp\/v2\/product_cat?post=12672"},{"taxonomy":"product_tag","embeddable":true,"href":"https:\/\/rossymina.cat\/es\/wp-json\/wp\/v2\/product_tag?post=12672"}],"curies":[{"name":"wp","href":"https:\/\/api.w.org\/{rel}","templated":true}]}}