{"id":12673,"date":"2025-12-01T19:09:03","date_gmt":"2025-12-01T19:09:03","guid":{"rendered":"https:\/\/rossymina.cat\/producto\/ronyonera-de-pell-turquesa-2\/"},"modified":"2025-12-01T19:09:05","modified_gmt":"2025-12-01T19:09:05","slug":"rinonera-de-piel-turquesa-2","status":"publish","type":"product","link":"https:\/\/rossymina.cat\/es\/rinonera-de-piel-turquesa-2\/","title":{"rendered":"Ri\u00f1onera de piel turquesa"},"content":{"rendered":"<blockquote><p>Ri\u00f1onera de cuero, bolsa de cintura, bolsa de cintura, bolsa de cintura de cuero hecha de cuero 100% aut\u00e9ntico\/aut\u00e9ntico de Italia y Espa\u00f1a. Esta bolsa de cintura\/ri\u00f1onera de cuero tiene un \u00fanico compartimento que se cierra con una cremallera met\u00e1lica YKK. Puedes llevar esta ri\u00f1onera tanto en la cintura como en la bandolera gracias al cintur\u00f3n ajustable. Tiene espacio suficiente en el interior para tus peque\u00f1os objetos esenciales como llaves, un tel\u00e9fono m\u00f3vil, una cartera y tus cosm\u00e9ticos.<\/p>\n<p>El cintur\u00f3n se abre y se cierra c\u00f3modamente con un mosquet\u00f3n.<\/p>\n<p>Cada ri\u00f1onera est\u00e1 hecha a mano para garantizar la elegancia y durabilidad.<br \/>\nEl cuero aut\u00e9ntico de piel de vaca puede presentar peque\u00f1as imperfecciones y variaciones de color debido a la naturaleza del material. Esto a\u00f1ade singularidad a cada art\u00edculo.<br \/>\nEl cuero es un material noble, flexible, transpirable y resistente. Madura maravillosamente.<\/p>\n<p>GU\u00cdA DE TALLAS<\/p>\n<p>Longitud: 23 cm o 9\u2033<br \/>\nAltura: 14 cm o 5\u2033 1\/2<br \/>\nAncho: 4 cm o 1\u2033 1\/2<br \/>\nLa longitud de la correa se ajusta al tama\u00f1o de la cadera desde 70 cm o 27\u2033 1\/2 (la m\u00e1s corta) hasta 110 cm o 43\u2033 (la m\u00e1s larga)<\/p>\n<p>H\u00e1ganos saber si necesita un tama\u00f1o especial y lo adaptaremos.<\/p><\/blockquote>","protected":false},"excerpt":{"rendered":"<p>Ronyonera de cuir, bossa de cintura, bossa de cintura, bossa de cintura de cuir feta de cuir 100% aut\u00e8ntic\/aut\u00e8ntic d&#8217;It\u00e0lia i Espanya. Aquesta bossa de cintura\/ronyonera de cuir t\u00e9 un \u00fanic compartiment que es tanca amb una cremallera met\u00e0l\u00b7lica YKK. Pots portar aquesta ronyonera tant a la cintura com com a bandolera gr\u00e0cies al cintur\u00f3 [&hellip;]<\/p>\n","protected":false},"featured_media":4390,"template":"","meta":[],"product_brand":[],"product_cat":[251],"product_tag":[308],"class_list":{"0":"post-12673","1":"product","2":"type-product","3":"status-publish","4":"has-post-thumbnail","6":"product_cat-joieria","7":"product_tag-pell-turquesa-pell-blava","9":"first","10":"instock","11":"shipping-taxable","12":"purchasable","13":"product-type-simple"},"booking_location":null,"booking_location_type":null,"booking_duration":null,"booking_duration_unit":null,"booking_buffer":null,"booking_cost":null,"booking_resources":null,"_links":{"self":[{"href":"https:\/\/rossymina.cat\/es\/wp-json\/wp\/v2\/product\/12673","targetHints":{"allow":["GET"]}}],"collection":[{"href":"https:\/\/rossymina.cat\/es\/wp-json\/wp\/v2\/product"}],"about":[{"href":"https:\/\/rossymina.cat\/es\/wp-json\/wp\/v2\/types\/product"}],"wp:featuredmedia":[{"embeddable":true,"href":"https:\/\/rossymina.cat\/es\/wp-json\/wp\/v2\/media\/4390"}],"wp:attachment":[{"href":"https:\/\/rossymina.cat\/es\/wp-json\/wp\/v2\/media?parent=12673"}],"wp:term":[{"taxonomy":"product_brand","embeddable":true,"href":"https:\/\/rossymina.cat\/es\/wp-json\/wp\/v2\/product_brand?post=12673"},{"taxonomy":"product_cat","embeddable":true,"href":"https:\/\/rossymina.cat\/es\/wp-json\/wp\/v2\/product_cat?post=12673"},{"taxonomy":"product_tag","embeddable":true,"href":"https:\/\/rossymina.cat\/es\/wp-json\/wp\/v2\/product_tag?post=12673"}],"curies":[{"name":"wp","href":"https:\/\/api.w.org\/{rel}","templated":true}]}}