{"id":12674,"date":"2025-12-01T19:09:03","date_gmt":"2025-12-01T19:09:03","guid":{"rendered":"https:\/\/rossymina.cat\/producto\/cinturo-negre-amb-disseny-geometric\/"},"modified":"2026-01-13T21:15:36","modified_gmt":"2026-01-13T21:15:36","slug":"cinturo-negro-con-diseno-geometrico","status":"publish","type":"product","link":"https:\/\/rossymina.cat\/es\/cinturo-negro-con-diseno-geometrico\/","title":{"rendered":"Cintur\u00f3n negro con dise\u00f1o geom\u00e9trico"},"content":{"rendered":"<blockquote>\n<h1>Cintur\u00f3n de cuero negro para mujer u hombre<\/h1>\n<h1>pintado a mano con dise\u00f1o geom\u00e9trico.<\/h1>\n<p>Cintur\u00f3n de cuero unisex o apto para g\u00e9nero con <strong>hebilla s\u00f3lida<\/strong> de color plateado.<\/p>\n<p>En Rossymina, hacemos los cinturones de cuero a mano con la mejor calidad de piel de vaca espa\u00f1ola. Compruebe el mismo patr\u00f3n disponible en diferentes colores <a href=\"https:\/\/rossymina.com\/es\/product-category\/cinturones-es\/\" target=\"_blank\" rel=\"noopener\">Cinturones pintados a mano<\/a><br \/>\nEste cintur\u00f3n es el accesorio perfecto para su vestido o pantal\u00f3n. No s\u00f3lo sujetar\u00e1 sus vaqueros, sino que tambi\u00e9n har\u00e1 que su conjunto destaque.<br \/>\nLos colores que utilizamos son especiales y resistentes y est\u00e1n especialmente hechos para cuero. Utilizamos una hebilla met\u00e1lica robusta en color oro viejo\/lat\u00f3n, que se mantiene firmemente en su sitio mediante un bot\u00f3n de husillo. El uso de un tornillo le permite cambiar la hebilla f\u00e1cilmente por otra de su elecci\u00f3n. Las hebillas plateadas est\u00e1n disponibles bajo petici\u00f3n.<\/p>\n<p>Accesorio destacado.<br \/>\nUn imprescindible para cualquier armario. Cintur\u00f3n de cuero precioso, moderno y elegante.<br \/>\nUn cintur\u00f3n de cuero para mujer que combina perfectamente con tus vaqueros y vestidos.<br \/>\nHacemos 6 agujeros en todos los cinturones de cuero personalizados.<\/p>\n<p>\u2014\u2014-TALLAS\u2014\u2014-<\/p>\n<p>Hacemos tres tama\u00f1os de ANCHOS diferentes:<\/p>\n<p>2 cm o 0,8\u201d<br \/>\n3 cm o 1,2\u201d<br \/>\n3,5 cm o 1,4\u201d<br \/>\n4 cm o 1,6\u2033<\/p>\n<p>Para elegir el LARGO correcto:<\/p>\n<p>Mide tu TALLA DE CINTURA exactamente ad\u00f3nde quieres llevar el cintur\u00f3n.<\/p>\n<p>Tambi\u00e9n puedes medir un cintur\u00f3n viejo, desde la pasadora de la hebilla hasta el agujero que utilizas m\u00e1s.<\/p>\n<p>Elige entre los tama\u00f1os disponibles de 60 cm (24 pulgadas) a 110 cm (42 pulgadas)<\/p>\n<p>Tu cintur\u00f3n tambi\u00e9n puede ajustarse exactamente a tus medidas personales.<\/p>\n<p>Si tienes alguna consulta, env\u00edanos un mensaje y estaremos encantados de ayudarte \ud83d\ude42<\/p>\n<p>Cada pieza de nuestro taller es \u00fanica, pintada a mano y hecha por encargo, por lo que no existen dos cinturones exactamente iguales. igual.<\/p>\n<p>\u00a1Podemos garantizar que su producto le mantendr\u00e1 felices y satisfechos durante a\u00f1os!<\/p><\/blockquote>","protected":false},"excerpt":{"rendered":"<p>Cinturones de cuero pintados a mano con hebilla s\u00f3lida<\/p>","protected":false},"featured_media":4353,"template":"","meta":[],"product_brand":[],"product_cat":[253],"product_tag":[254,255],"class_list":{"0":"post-12674","1":"product","2":"type-product","3":"status-publish","4":"has-post-thumbnail","6":"product_cat-cinturons-de-cuir","7":"product_tag-cinturo-de-cuir-fet-a-ma","8":"product_tag-cuir-pintat-a-ma","10":"first","11":"instock","12":"shipping-taxable","13":"purchasable","14":"product-type-simple"},"booking_location":null,"booking_location_type":null,"booking_duration":null,"booking_duration_unit":null,"booking_buffer":null,"booking_cost":null,"booking_resources":null,"_links":{"self":[{"href":"https:\/\/rossymina.cat\/es\/wp-json\/wp\/v2\/product\/12674","targetHints":{"allow":["GET"]}}],"collection":[{"href":"https:\/\/rossymina.cat\/es\/wp-json\/wp\/v2\/product"}],"about":[{"href":"https:\/\/rossymina.cat\/es\/wp-json\/wp\/v2\/types\/product"}],"wp:featuredmedia":[{"embeddable":true,"href":"https:\/\/rossymina.cat\/es\/wp-json\/wp\/v2\/media\/4353"}],"wp:attachment":[{"href":"https:\/\/rossymina.cat\/es\/wp-json\/wp\/v2\/media?parent=12674"}],"wp:term":[{"taxonomy":"product_brand","embeddable":true,"href":"https:\/\/rossymina.cat\/es\/wp-json\/wp\/v2\/product_brand?post=12674"},{"taxonomy":"product_cat","embeddable":true,"href":"https:\/\/rossymina.cat\/es\/wp-json\/wp\/v2\/product_cat?post=12674"},{"taxonomy":"product_tag","embeddable":true,"href":"https:\/\/rossymina.cat\/es\/wp-json\/wp\/v2\/product_tag?post=12674"}],"curies":[{"name":"wp","href":"https:\/\/api.w.org\/{rel}","templated":true}]}}