{"id":12675,"date":"2025-12-01T19:09:03","date_gmt":"2025-12-01T19:09:03","guid":{"rendered":"https:\/\/rossymina.cat\/producto\/cinturo-marro-amb-disseny-geometric\/"},"modified":"2026-01-13T21:15:01","modified_gmt":"2026-01-13T21:15:01","slug":"cinturo-marron-con-diseno-geometrico","status":"publish","type":"product","link":"https:\/\/rossymina.cat\/es\/cinturo-marron-con-diseno-geometrico\/","title":{"rendered":"Cintur\u00f3n marr\u00f3n con dise\u00f1o geom\u00e9trico"},"content":{"rendered":"<blockquote>\n<h1>Cintur\u00f3n de cuero marr\u00f3n para mujer u hombre<\/h1>\n<h1>pintado a mano con dise\u00f1o geom\u00e9trico.<\/h1>\n<p>cintur\u00f3n de cuero unisex<\/p>\n<p><iframe title=\"Brown belt Rossymina\" width=\"800\" height=\"450\" data-src=\"https:\/\/www.youtube.com\/embed\/JFaNOAXIVPI?feature=oembed\" frameborder=\"0\" allow=\"accelerometer; autoplay; clipboard-write; encrypted-media; gyroscope; picture-in-picture; web-share\" referrerpolicy=\"strict-origin-when-cross-origin\" allowfullscreen src=\"data:image\/svg+xml;base64,PHN2ZyB3aWR0aD0iMSIgaGVpZ2h0PSIxIiB4bWxucz0iaHR0cDovL3d3dy53My5vcmcvMjAwMC9zdmciPjwvc3ZnPg==\" class=\"lazyload\" data-load-mode=\"1\"><\/iframe><\/p>\n<p>En Rossymina, hacemos los cinturones de cuero a mano con la mejor calidad de cuero de vaca espa\u00f1ol. Est\u00e1 disponible en otros colores.<br \/>\nEste cintur\u00f3n pintado a mano es el accesorio perfecto para tu traje o pantal\u00f3n. No s\u00f3lo sujetar\u00e1 a tus vaqueros, sino que tambi\u00e9n har\u00e1 que tu conjunto destaque.<br \/>\nLos colores que utilizamos son especiales y resistentes y est\u00e1n hechos especialmente para cuero. Utilizamos una hebilla met\u00e1lica robusta en color oro viejo\/lat\u00f3n, que se mantiene firmemente en su sitio mediante un bot\u00f3n de husillo. El uso de un caracol te permite cambiar la hebilla f\u00e1cilmente por otra de tu elecci\u00f3n. Las hebillas plateadas est\u00e1n disponibles bajo petici\u00f3n.<\/p>\n<p>Accesorio destacado.<br \/>\nUn imprescindible para cualquier armario.<br \/>\nCintur\u00f3n de cuero moderno y elegante, precioso.<br \/>\nUn cintur\u00f3n de cuero para mujer que combina perfectamente con tus vaqueros y vestidos.<br \/>\nHacemos 6 agujeros en todos los cinturones de cuero personalizados.<\/p>\n<p>\u2014\u2014-MEDIDAS\u2014\u2014-<\/p>\n<p>Hacemos tres tama\u00f1os de ANCHOS diferentes:<\/p>\n<p>2 cm 3\/4\u201d o 0,75\u201d<br \/>\n3 cm 1-1\/4\u201d o 1,25\u201d<br \/>\n4 cm 1-1\/2\u201d o 1,5\u2033<\/p>\n<p>Para elegir el LARGO correcto:<\/p>\n<p>Mide el tama\u00f1o de tu cintura exactamente d\u00f3nde quieres llevar el cintur\u00f3n.<\/p>\n<p>Tambi\u00e9n puedes medir un cintur\u00f3n viejo, desde la pasadora de la hebilla hasta el agujero que m\u00e1s utilizas.<\/p>\n<p>Elige entre los tama\u00f1os disponibles, desde corto 60 cm | 24 pulgadas hasta largo 110 cm | 42\u201d<\/p>\n<p>Tu cintur\u00f3n tambi\u00e9n puede ajustarse exactamente a tus medidas personales.<\/p>\n<p>Si tienes alguna consulta, env\u00edanos un mensaje y estaremos encantados de ayudarte \ud83d\ude42<\/p>\n<p>Cada pieza de nuestro taller es \u00fanica, pintada a mano y hecha a medida, por lo que no existen dos cinturones exactamente iguales.<\/p>\n<p>Podemos asegurarnos de que tu producto te va a mantener contento. y satisfecho durante a\u00f1os!<\/p><\/blockquote>","protected":false},"excerpt":{"rendered":"<p>Cinturones de cuero pintados a mano con hebilla s\u00f3lida<\/p>","protected":false},"featured_media":8805,"template":"","meta":[],"product_brand":[],"product_cat":[251],"product_tag":[254,255],"class_list":{"0":"post-12675","1":"product","2":"type-product","3":"status-publish","4":"has-post-thumbnail","6":"product_cat-joieria","7":"product_tag-cinturo-de-cuir-fet-a-ma","8":"product_tag-cuir-pintat-a-ma","10":"first","11":"instock","12":"shipping-taxable","13":"purchasable","14":"product-type-simple"},"booking_location":null,"booking_location_type":null,"booking_duration":null,"booking_duration_unit":null,"booking_buffer":null,"booking_cost":null,"booking_resources":null,"_links":{"self":[{"href":"https:\/\/rossymina.cat\/es\/wp-json\/wp\/v2\/product\/12675","targetHints":{"allow":["GET"]}}],"collection":[{"href":"https:\/\/rossymina.cat\/es\/wp-json\/wp\/v2\/product"}],"about":[{"href":"https:\/\/rossymina.cat\/es\/wp-json\/wp\/v2\/types\/product"}],"wp:featuredmedia":[{"embeddable":true,"href":"https:\/\/rossymina.cat\/es\/wp-json\/wp\/v2\/media\/8805"}],"wp:attachment":[{"href":"https:\/\/rossymina.cat\/es\/wp-json\/wp\/v2\/media?parent=12675"}],"wp:term":[{"taxonomy":"product_brand","embeddable":true,"href":"https:\/\/rossymina.cat\/es\/wp-json\/wp\/v2\/product_brand?post=12675"},{"taxonomy":"product_cat","embeddable":true,"href":"https:\/\/rossymina.cat\/es\/wp-json\/wp\/v2\/product_cat?post=12675"},{"taxonomy":"product_tag","embeddable":true,"href":"https:\/\/rossymina.cat\/es\/wp-json\/wp\/v2\/product_tag?post=12675"}],"curies":[{"name":"wp","href":"https:\/\/api.w.org\/{rel}","templated":true}]}}