{"id":12677,"date":"2025-12-01T19:09:03","date_gmt":"2025-12-01T19:09:03","guid":{"rendered":"https:\/\/rossymina.cat\/producto\/cinturo-blanc-amb-flors-2\/"},"modified":"2025-12-01T19:09:19","modified_gmt":"2025-12-01T19:09:19","slug":"cinturo-blanco-con-flores-2","status":"publish","type":"product","link":"https:\/\/rossymina.cat\/es\/cinturo-blanco-con-flores-2\/","title":{"rendered":"Cintur\u00f3n blanco con flores"},"content":{"rendered":"<blockquote><p>Cintur\u00f3n de cuero moderno para mujer con un dise\u00f1o de flores de colores y toque dorado. En Rossymina, hacemos los cinturones de cuero a mano con la mejor calidad de piel de vaca espa\u00f1ola.<br \/>\nEstos cinturones pintados a mano son el accesorio perfecto para tu vestido o pantal\u00f3n. No s\u00f3lo sujetar\u00e1n a tus vaqueros, sino que tambi\u00e9n har\u00e1n que tu conjunto destaque.<br \/>\nLos colores que utilizamos son especiales y resistentes, y est\u00e1n hechos especialmente para cuero. Utilizamos una hebilla met\u00e1lica robusta en color oro viejo\/lat\u00f3n, que se mantiene firmemente en su sitio mediante un bot\u00f3n de husillo. El uso de un caracol te permite cambiar la hebilla f\u00e1cilmente por otra de tu elecci\u00f3n. Las hebillas plateadas est\u00e1n disponibles bajo petici\u00f3n.<\/p>\n<p>Disponible en negro, blanco, turquesa y rojo.<\/p>\n<p>Accesorio destacado.<br \/>\nUn imprescindible para cualquier armario.<br \/>\nCintur\u00f3n de cuero moderno, elegante y precioso.<br \/>\nUn cintur\u00f3n de cuero para mujer que combina perfectamente con tus vaqueros y vestidos.<br \/>\nHacemos 6 agujeros en todos los cinturones de cuero personalizados.<\/p>\n<p>\u2014\u2014-MEDIDAS\u2014\u2014-<\/p>\n<p>Hacemos tres tama\u00f1os de ANCHOS diferentes:<\/p>\n<p>2 cm 3\/4\u201d o 0,75\u201d<br \/>\n3 cm 1-1\/4\u201d o 1,25\u201d<br \/>\n4 cm 1-1\/2\u201d o 1,5\u2033<\/p>\n<p>Para elegir el LARGO correcto:<\/p>\n<p>Mide el tama\u00f1o de tu cintura exactamente d\u00f3nde quieres llevar el cintur\u00f3n.<\/p>\n<p>Tambi\u00e9n puedes medir un cintur\u00f3n viejo, desde la pasadora de la hebilla hasta el agujero que m\u00e1s utilizas.<\/p>\n<p>Elige entre los tama\u00f1os disponibles desde XXXS 60 cm 24 pulgadas hasta XXXL 110 cm 42\u201d<\/p>\n<p>Tu cintur\u00f3n tambi\u00e9n puede ajustarse exactamente a tus medidas personales.<\/p>\n<p>Si tienes alguna consulta, env\u00edanos un mensaje y estaremos encantados de ayudarte \ud83d\ude42<\/p>\n<p>Cada pieza de nuestro taller es \u00fanica, pintada a mano y hecha a medida, por lo que no existen dos cinturones exactamente iguales.<\/p>\n<p>Podemos garantizar que tu producto se mantendr\u00e1 \u00a1Eres feliz y satisfecho durante a\u00f1os!<\/p><\/blockquote>","protected":false},"excerpt":{"rendered":"<p>Cinturones de cuero pintados a mano con hebilla s\u00f3lida<\/p>","protected":false},"featured_media":8895,"template":"","meta":[],"product_brand":[],"product_cat":[253],"product_tag":[314,255,315],"class_list":{"0":"post-12677","1":"product","2":"type-product","3":"status-publish","4":"has-post-thumbnail","6":"product_cat-cinturons-de-cuir","7":"product_tag-cinturo-de-pell-fet-a-ma","8":"product_tag-cuir-pintat-a-ma","9":"product_tag-flors-mejicanos","11":"first","12":"instock","13":"shipping-taxable","14":"purchasable","15":"product-type-simple"},"booking_location":null,"booking_location_type":null,"booking_duration":null,"booking_duration_unit":null,"booking_buffer":null,"booking_cost":null,"booking_resources":null,"_links":{"self":[{"href":"https:\/\/rossymina.cat\/es\/wp-json\/wp\/v2\/product\/12677","targetHints":{"allow":["GET"]}}],"collection":[{"href":"https:\/\/rossymina.cat\/es\/wp-json\/wp\/v2\/product"}],"about":[{"href":"https:\/\/rossymina.cat\/es\/wp-json\/wp\/v2\/types\/product"}],"wp:featuredmedia":[{"embeddable":true,"href":"https:\/\/rossymina.cat\/es\/wp-json\/wp\/v2\/media\/8895"}],"wp:attachment":[{"href":"https:\/\/rossymina.cat\/es\/wp-json\/wp\/v2\/media?parent=12677"}],"wp:term":[{"taxonomy":"product_brand","embeddable":true,"href":"https:\/\/rossymina.cat\/es\/wp-json\/wp\/v2\/product_brand?post=12677"},{"taxonomy":"product_cat","embeddable":true,"href":"https:\/\/rossymina.cat\/es\/wp-json\/wp\/v2\/product_cat?post=12677"},{"taxonomy":"product_tag","embeddable":true,"href":"https:\/\/rossymina.cat\/es\/wp-json\/wp\/v2\/product_tag?post=12677"}],"curies":[{"name":"wp","href":"https:\/\/api.w.org\/{rel}","templated":true}]}}