{"id":12678,"date":"2025-12-01T19:09:03","date_gmt":"2025-12-01T19:09:03","guid":{"rendered":"https:\/\/rossymina.cat\/producto\/bolsito-rodo-de-pell\/"},"modified":"2026-01-13T21:15:12","modified_gmt":"2026-01-13T21:15:12","slug":"bolsito-redondo-de-piel","status":"publish","type":"product","link":"https:\/\/rossymina.cat\/es\/bolsito-redondo-de-piel\/","title":{"rendered":"Bolsito redondo de piel"},"content":{"rendered":"<p>Bolso redondo peque\u00f1o de piel, tama\u00f1o perfecto para salir. Mini monedero de piel negra. Hacemos estos bolsos en distintos colores como el color camel natural, el mostaza o los colores de cuero verde azul. Hay espacio suficiente para una cartera peque\u00f1a, un tel\u00e9fono, las llaves y todo lo que necesite para el uso diario. Esta bolsa de color uniforme tambi\u00e9n es ultraligera. La correa es lo suficientemente larga como para usarla como bandolera, bandolera o alrededor de los caderos como ri\u00f1onera si lo desea. En una ocasi\u00f3n especial, puede dejar la correa y llevarla como cuencos de mano.<\/p>\n<p>Medidas: 8 &quot;x 6&quot; (20 cm x 15 cm)<\/p>\n<p>Apertura de la cremallera: 6\u201c (15 cm)<\/p>\n<p>La longitud de la correa se escolta y se extiende de 24 a 47 (60 a 125 cm)<\/p>","protected":false},"excerpt":{"rendered":"<p>bolsa peque\u00f1a y redonda<\/p>","protected":false},"featured_media":8688,"template":"","meta":[],"product_brand":[],"product_cat":[251],"product_tag":[],"class_list":{"0":"post-12678","1":"product","2":"type-product","3":"status-publish","4":"has-post-thumbnail","6":"product_cat-joieria","7":"pa_color-cuir","8":"pa_color-marro","9":"pa_color-morado","10":"pa_color-mostasa","11":"pa_color-negre","12":"pa_color-roig","13":"pa_color-turquesa","15":"first","16":"instock","17":"shipping-taxable","18":"purchasable","19":"product-type-variable"},"booking_location":null,"booking_location_type":null,"booking_duration":null,"booking_duration_unit":null,"booking_buffer":null,"booking_cost":null,"booking_resources":null,"_links":{"self":[{"href":"https:\/\/rossymina.cat\/es\/wp-json\/wp\/v2\/product\/12678","targetHints":{"allow":["GET"]}}],"collection":[{"href":"https:\/\/rossymina.cat\/es\/wp-json\/wp\/v2\/product"}],"about":[{"href":"https:\/\/rossymina.cat\/es\/wp-json\/wp\/v2\/types\/product"}],"wp:featuredmedia":[{"embeddable":true,"href":"https:\/\/rossymina.cat\/es\/wp-json\/wp\/v2\/media\/8688"}],"wp:attachment":[{"href":"https:\/\/rossymina.cat\/es\/wp-json\/wp\/v2\/media?parent=12678"}],"wp:term":[{"taxonomy":"product_brand","embeddable":true,"href":"https:\/\/rossymina.cat\/es\/wp-json\/wp\/v2\/product_brand?post=12678"},{"taxonomy":"product_cat","embeddable":true,"href":"https:\/\/rossymina.cat\/es\/wp-json\/wp\/v2\/product_cat?post=12678"},{"taxonomy":"product_tag","embeddable":true,"href":"https:\/\/rossymina.cat\/es\/wp-json\/wp\/v2\/product_tag?post=12678"}],"curies":[{"name":"wp","href":"https:\/\/api.w.org\/{rel}","templated":true}]}}