{"id":12686,"date":"2025-12-01T19:09:09","date_gmt":"2025-12-01T19:09:09","guid":{"rendered":"https:\/\/rossymina.cat\/producto\/bossa-convertible-de-pell-negra\/"},"modified":"2026-01-13T21:14:57","modified_gmt":"2026-01-13T21:14:57","slug":"bolsa-convertible-de-piel-negra","status":"publish","type":"product","link":"https:\/\/rossymina.cat\/es\/bolsa-convertible-de-piel-negra\/","title":{"rendered":"Bolsa convertible de piel negra"},"content":{"rendered":"<h1><a href=\"https:\/\/studio.youtube.com\/video\/ALk4MWzbiZ4\" target=\"_blank\" rel=\"noopener\">Mochila tote f\u00e1cilmente convertible<\/a><\/h1>\n<h1>Bolsa convertible fina de piel negra<\/h1>\n<p>Mochila convertible de piel marr\u00f3n en bolsa tote. Mochila convertible de piel marr\u00f3n en bolsa de compra.<br \/>\nEste dise\u00f1o inteligente de nuestra mochila puede convertirse f\u00e1cilmente en una bolsa tote con un solo gesto de la mano. S\u00f3lo tiene que estirar la correa hacia arriba para llevarla como bolsa de compra. No es necesario llevar correas adicionales ni cambiar de posici\u00f3n. Puede ajustar la longitud de las correas para mayor comodidad. Organice sus pertenencias personales y su port\u00e1til mediante los dos compartimentos con cremallera. La bolsa de mochila de piel es lo suficientemente grande para un ordenador. Nuestra piel suave de alta calidad procede de empresas locales espa\u00f1olas o italianas.<br \/>\nEste bolso convertible es ligero y tiene un tacto muy suave.<br \/>\nConsulte las otras opciones de color disponibles. <\/p>\n<p>DIMENSIONES:<\/p>\n<p>30 cm x 41 cm<\/p>\n<p>Bolsillo frontal:<\/p>\n<p>30 cm x 30 cm<\/p>","protected":false},"excerpt":{"rendered":"<h1><a href=\"https:\/\/studio.youtube.com\/video\/ALk4MWzbiZ4\">Mochila tote f\u00e1cilmente convertible<\/a><\/h1>\n<p>Mochila de cuero marr\u00f3n convertible en bolsa tote. Est\u00e1 hecha como mochila y bolso, dos cosas en una.<\/p>","protected":false},"featured_media":11378,"template":"","meta":[],"product_brand":[],"product_cat":[318],"product_tag":[],"class_list":{"0":"post-12686","1":"product","2":"type-product","3":"status-publish","4":"has-post-thumbnail","6":"product_cat-motxilles","8":"first","9":"instock","10":"shipping-taxable","11":"purchasable","12":"product-type-simple"},"booking_location":null,"booking_location_type":null,"booking_duration":null,"booking_duration_unit":null,"booking_buffer":null,"booking_cost":null,"booking_resources":null,"_links":{"self":[{"href":"https:\/\/rossymina.cat\/es\/wp-json\/wp\/v2\/product\/12686","targetHints":{"allow":["GET"]}}],"collection":[{"href":"https:\/\/rossymina.cat\/es\/wp-json\/wp\/v2\/product"}],"about":[{"href":"https:\/\/rossymina.cat\/es\/wp-json\/wp\/v2\/types\/product"}],"wp:featuredmedia":[{"embeddable":true,"href":"https:\/\/rossymina.cat\/es\/wp-json\/wp\/v2\/media\/11378"}],"wp:attachment":[{"href":"https:\/\/rossymina.cat\/es\/wp-json\/wp\/v2\/media?parent=12686"}],"wp:term":[{"taxonomy":"product_brand","embeddable":true,"href":"https:\/\/rossymina.cat\/es\/wp-json\/wp\/v2\/product_brand?post=12686"},{"taxonomy":"product_cat","embeddable":true,"href":"https:\/\/rossymina.cat\/es\/wp-json\/wp\/v2\/product_cat?post=12686"},{"taxonomy":"product_tag","embeddable":true,"href":"https:\/\/rossymina.cat\/es\/wp-json\/wp\/v2\/product_tag?post=12686"}],"curies":[{"name":"wp","href":"https:\/\/api.w.org\/{rel}","templated":true}]}}