{"id":12687,"date":"2025-12-01T19:09:09","date_gmt":"2025-12-01T19:09:09","guid":{"rendered":"https:\/\/rossymina.cat\/producto\/moneder-de-canvi-peacock\/"},"modified":"2026-01-13T21:14:56","modified_gmt":"2026-01-13T21:14:56","slug":"monedero-de-cambio-peacock","status":"publish","type":"product","link":"https:\/\/rossymina.cat\/es\/monedero-de-cambio-peacock\/","title":{"rendered":"Monedero de cambio Peacock"},"content":{"rendered":"<p>Monedero peque\u00f1o con cremallera. Tambi\u00e9n se adapta a tarjetas de cr\u00e9dito<\/p>\n<p>Monedero peque\u00f1o con cierre de cremallera en diferentes colores de cuero. Capacidad para tarjetas, as\u00ed como billetes y monedas juntos<\/p>\n<p>Pintado a mano con diferentes dise\u00f1os para acompa\u00f1arte todos los d\u00edas.<\/p>","protected":false},"excerpt":{"rendered":"<p>Monedero peque\u00f1o con cierre de cremallera en diferentes colores de piel. Apto para tarjetas, as\u00ed como billetes y monedas juntos.<\/p>","protected":false},"featured_media":5591,"template":"","meta":[],"product_brand":[],"product_cat":[272],"product_tag":[289],"class_list":{"0":"post-12687","1":"product","2":"type-product","3":"status-publish","4":"has-post-thumbnail","6":"product_cat-carteres-i-targeters","7":"product_tag-moneder-de-canvi-de-cuir","8":"pa_color-lila","9":"pa_color-marro","10":"pa_color-mostassa","11":"pa_color-negre","12":"pa_color-sollicitat","13":"pa_color-tan","14":"pa_color-verd-verde","16":"first","17":"instock","18":"shipping-taxable","19":"purchasable","20":"product-type-variable"},"booking_location":null,"booking_location_type":null,"booking_duration":null,"booking_duration_unit":null,"booking_buffer":null,"booking_cost":null,"booking_resources":null,"_links":{"self":[{"href":"https:\/\/rossymina.cat\/es\/wp-json\/wp\/v2\/product\/12687","targetHints":{"allow":["GET"]}}],"collection":[{"href":"https:\/\/rossymina.cat\/es\/wp-json\/wp\/v2\/product"}],"about":[{"href":"https:\/\/rossymina.cat\/es\/wp-json\/wp\/v2\/types\/product"}],"wp:featuredmedia":[{"embeddable":true,"href":"https:\/\/rossymina.cat\/es\/wp-json\/wp\/v2\/media\/5591"}],"wp:attachment":[{"href":"https:\/\/rossymina.cat\/es\/wp-json\/wp\/v2\/media?parent=12687"}],"wp:term":[{"taxonomy":"product_brand","embeddable":true,"href":"https:\/\/rossymina.cat\/es\/wp-json\/wp\/v2\/product_brand?post=12687"},{"taxonomy":"product_cat","embeddable":true,"href":"https:\/\/rossymina.cat\/es\/wp-json\/wp\/v2\/product_cat?post=12687"},{"taxonomy":"product_tag","embeddable":true,"href":"https:\/\/rossymina.cat\/es\/wp-json\/wp\/v2\/product_tag?post=12687"}],"curies":[{"name":"wp","href":"https:\/\/api.w.org\/{rel}","templated":true}]}}