{"id":12702,"date":"2025-12-01T19:09:09","date_gmt":"2025-12-01T19:09:09","guid":{"rendered":"https:\/\/rossymina.cat\/producto\/motxilla-de-pell-convertible-a-bossa-de-ma\/"},"modified":"2026-01-13T21:15:25","modified_gmt":"2026-01-13T21:15:25","slug":"mochila-de-piel-convertible-a-bolsa-de-mano","status":"publish","type":"product","link":"https:\/\/rossymina.cat\/es\/mochila-de-piel-convertible-a-bolsa-de-mano\/","title":{"rendered":"Mochila de piel convertible a bolso"},"content":{"rendered":"<h1><a href=\"https:\/\/youtu.be\/CBCUvWmb9C4\" target=\"_blank\" rel=\"noopener\">Mochila tote f\u00e1cilmente convertible<\/a><\/h1>\n<h1>Bolsa tote convertible de piel negra en mochila<\/h1>\n<p>Mochila de piel convertible hecha a mano para hombre o mujer con forro de algod\u00f3n y cremallera met\u00e1lica.<\/p>\n<p>Este dise\u00f1o inteligente de nuestra mochila puede convertirse f\u00e1cilmente en una bolsa tote con s\u00f3lo un gesto de la mano. S\u00f3lo tiene que estirar la correa hacia arriba para llevarla como bolsa de compra. No es necesario llevar correas adicionales ni cambiar de posici\u00f3n. Puede ajustar la longitud de las correas para mayor comodidad.<br \/>\nEsta bolsa tote y mochila negra est\u00e1 hecha a mano y est\u00e1 hecha de piel de vaca 100% de alta calidad. Hemos dise\u00f1ado esta bolsa minimalista con un compartimento grande y un gran bolsillo frontal con cremallera. Lo guarda todo dentro de forma segura y se cierra con una cremallera met\u00e1lica. Est\u00e1 forrada con tela de algod\u00f3n.<\/p>\n<p>Ofrecemos esta mochila en piel negra, bronceada, marr\u00f3n, verde, azul y amarilla.<\/p>\n<p>Organice sus pertenencias personales utilizando los dos compartimentos con cremallera. Podr\u00e1s llevar un ordenador port\u00e1til de 17 pulgadas, documentos o cuaderno y una carpeta A4. El bolsillo es perfecto para m\u00f3viles, la cartera o cosm\u00e9ticos y clavos.<\/p>\n<p>Este bolso convertible es ligero y tiene un tacto muy suave.<\/p>\n<p>Tambi\u00e9n puedes pedir esta bolsa con cremallera plateada.<br \/>\nNuestras bolsas est\u00e1n hechas completamente a mano y la piel es un material vivo. Cada prenda de piel tiene su color y textura individuales; la calidad de la piel cambia continuamente.<\/p>","protected":false},"excerpt":{"rendered":"<p>Mochila de cuero convertible en bolsa tote para mujer u hombre.<\/p>\n<p>Mochila de cuero unisex hecha a mano con forro de algod\u00f3n y cremallera met\u00e1lica.<\/p>","protected":false},"featured_media":8880,"template":"","meta":[],"product_brand":[],"product_cat":[318],"product_tag":[310,330,331,326,327,328,329],"class_list":{"0":"post-12702","1":"product","2":"type-product","3":"status-publish","4":"has-post-thumbnail","6":"product_cat-motxilles","7":"product_tag-pell-groc-mostassa","8":"product_tag-bossa-convertible-feta-a-ma","9":"product_tag-bossa-tote-convertible-de-pell","10":"product_tag-motxilla-convertible-negra","11":"product_tag-motxilla-de-pell-blava","12":"product_tag-motxilla-de-pell-marro","13":"product_tag-pell-verda","15":"first","16":"instock","17":"shipping-taxable","18":"purchasable","19":"product-type-simple"},"booking_location":null,"booking_location_type":null,"booking_duration":null,"booking_duration_unit":null,"booking_buffer":null,"booking_cost":null,"booking_resources":null,"_links":{"self":[{"href":"https:\/\/rossymina.cat\/es\/wp-json\/wp\/v2\/product\/12702","targetHints":{"allow":["GET"]}}],"collection":[{"href":"https:\/\/rossymina.cat\/es\/wp-json\/wp\/v2\/product"}],"about":[{"href":"https:\/\/rossymina.cat\/es\/wp-json\/wp\/v2\/types\/product"}],"wp:featuredmedia":[{"embeddable":true,"href":"https:\/\/rossymina.cat\/es\/wp-json\/wp\/v2\/media\/8880"}],"wp:attachment":[{"href":"https:\/\/rossymina.cat\/es\/wp-json\/wp\/v2\/media?parent=12702"}],"wp:term":[{"taxonomy":"product_brand","embeddable":true,"href":"https:\/\/rossymina.cat\/es\/wp-json\/wp\/v2\/product_brand?post=12702"},{"taxonomy":"product_cat","embeddable":true,"href":"https:\/\/rossymina.cat\/es\/wp-json\/wp\/v2\/product_cat?post=12702"},{"taxonomy":"product_tag","embeddable":true,"href":"https:\/\/rossymina.cat\/es\/wp-json\/wp\/v2\/product_tag?post=12702"}],"curies":[{"name":"wp","href":"https:\/\/api.w.org\/{rel}","templated":true}]}}