{"id":12735,"date":"2025-12-01T19:09:22","date_gmt":"2025-12-01T19:09:22","guid":{"rendered":"https:\/\/rossymina.cat\/producto\/bossa-bandolera-negra-amb-cremallera\/"},"modified":"2026-01-13T21:15:22","modified_gmt":"2026-01-13T21:15:22","slug":"bolsa-bandolera-negra-con-cremallera","status":"publish","type":"product","link":"https:\/\/rossymina.cat\/es\/bolsa-bandolera-negra-con-cremallera\/","title":{"rendered":"Bolsa bandolera negra con cremallera"},"content":{"rendered":"<p>Bolsa bandolera de piel negra con cremallera<br \/>\nMedida 25 x 20 cm<\/p>\n<p>Bolsa bandolera peque\u00f1a de piel tersa con un dise\u00f1o elegante y cremallera en piel negra, marr\u00f3n claro o amarilla.<\/p>\n<p>Hemos hecho esta bolsa de piel ligera y c\u00f3moda para llevarla en cualquier ocasi\u00f3n y estilo.<\/p>\n<p>Forrada de algod\u00f3n, tiene un bolsillo interior con cremallera.<\/p>\n<p>\u00a1Ll\u00e9vate tus imprescindibles a cualquier sitio con esta bolsa minimalista y nunca pasa de moda!<br \/>\nTambi\u00e9n es muy vers\u00e1til, puede ser elegante o m\u00e1s deportiva, dependiendo de tu conjunto.<\/p>","protected":false},"excerpt":{"rendered":"<p>Bolsa cl\u00e1sica de piel con cierre de cremallera y bolsillo interior.<\/p>\n<p>Bolso de dise\u00f1o<br \/>\nBolsas y monederos de mujer<br \/>\nBolsas de boda<br \/>\nBolsos \u00fanicos hechos a mano<br \/>\nHecho a mano en Barcelona<\/p>\n<p>Bolsa bandolera de piel de color negro puro<\/p>","protected":false},"featured_media":8398,"template":"","meta":[],"product_brand":[],"product_cat":[273,246],"product_tag":[333,334,336,256,335],"class_list":{"0":"post-12735","1":"product","2":"type-product","3":"status-publish","4":"has-post-thumbnail","6":"product_cat-bosses-llises-pell","7":"product_cat-bosses-de-pell","8":"product_tag-bossa-de-cuir-feta-a-ma","9":"product_tag-cuir-de-color-marro-clar","10":"product_tag-bossa-de-cuir-marro-clar","11":"product_tag-bossa-de-cuir-negre","12":"product_tag-bosses-creuades","13":"pa_size-smaller","15":"first","16":"instock","17":"shipping-taxable","18":"purchasable","19":"product-type-variable"},"booking_location":null,"booking_location_type":null,"booking_duration":null,"booking_duration_unit":null,"booking_buffer":null,"booking_cost":null,"booking_resources":null,"_links":{"self":[{"href":"https:\/\/rossymina.cat\/es\/wp-json\/wp\/v2\/product\/12735","targetHints":{"allow":["GET"]}}],"collection":[{"href":"https:\/\/rossymina.cat\/es\/wp-json\/wp\/v2\/product"}],"about":[{"href":"https:\/\/rossymina.cat\/es\/wp-json\/wp\/v2\/types\/product"}],"wp:featuredmedia":[{"embeddable":true,"href":"https:\/\/rossymina.cat\/es\/wp-json\/wp\/v2\/media\/8398"}],"wp:attachment":[{"href":"https:\/\/rossymina.cat\/es\/wp-json\/wp\/v2\/media?parent=12735"}],"wp:term":[{"taxonomy":"product_brand","embeddable":true,"href":"https:\/\/rossymina.cat\/es\/wp-json\/wp\/v2\/product_brand?post=12735"},{"taxonomy":"product_cat","embeddable":true,"href":"https:\/\/rossymina.cat\/es\/wp-json\/wp\/v2\/product_cat?post=12735"},{"taxonomy":"product_tag","embeddable":true,"href":"https:\/\/rossymina.cat\/es\/wp-json\/wp\/v2\/product_tag?post=12735"}],"curies":[{"name":"wp","href":"https:\/\/api.w.org\/{rel}","templated":true}]}}