{"id":12766,"date":"2025-12-01T19:09:32","date_gmt":"2025-12-01T19:09:32","guid":{"rendered":"https:\/\/rossymina.cat\/producto\/bossa-de-disseny-de-pell-amb-disseny-geometric\/"},"modified":"2026-01-13T21:15:25","modified_gmt":"2026-01-13T21:15:25","slug":"bolsa-de-diseno-de-piel-con-diseno-geometrico","status":"publish","type":"product","link":"https:\/\/rossymina.cat\/es\/bolsa-de-diseno-de-piel-con-diseno-geometrico\/","title":{"rendered":"Bolsa de dise\u00f1o de piel con dise\u00f1o geom\u00e9trico"},"content":{"rendered":"<h1>Bolsa de piel informal con dise\u00f1o geom\u00e9trico<\/h1>\n<p>Bolsa peque\u00f1a \u00fanica para mujer, esta mini bolsa multifuncional se adapta a cualquier ocasi\u00f3n. Pintada a mano con colores neutros, esta bolsa bandolera redonda de piel de vaca suave de color negro es el accesorio imprescindible para el d\u00eda o la noche. Est\u00e1 disponible en piel negra o marr\u00f3n chocolate. Lleva un monedero, el tel\u00e9fono y las llaves, y tienes el bolso perfecto para un paseo de un d\u00eda o una discoteca. Pintamos cuidadosamente estas bolsas, una por una, sobre la piel de la mejor calidad, para que tengas el mini regalo perfecto para una amiga o para ti misma. Bolsa de fiesta o bolsa de noche para salir.<\/p>\n<p>La longitud de la correa se acorta y se alarga de 60 a 125 cm (24\u2033 a 47\u2033)<\/p>\n<p>Hacemos esta bolsa en 3 tama\u00f1os<\/p>\n<p>Es la bolsa del tama\u00f1o perfecto de 25 cm de ancho \/ 19 cm de altura (25 cm), lo suficientemente grande para todos tus objetos esenciales (hacia un port\u00e1til, tel\u00e9fono, cartera, dinero, llaves). Es una gran opci\u00f3n para cualquier ocasi\u00f3n, elegante o informal. La correa es ajustable, lo suficientemente larga para llevar la bolsa cruzada o corta como bolso.<\/p>\n<p>El forro es 100% algod\u00f3n y tiene un bolsillo interior de 15 cm de ancho \/ 11 cm de altura (15 cm) con cremallera, lo suficientemente grande para cabre el tel\u00e9fono o la cartera.<\/p>\n<p>Est\u00e1 disponible en varios colores<\/p>\n<ul>\n<li>en <span style=\"color: #993300;\">marr\u00f3n chocolate intenso\u00a0<\/span><\/span><\/li>\n<li>Negro aut\u00e9ntico<\/strong><\/li>\n<\/ul>\n<p>y se adapta a los gustos y tendencias m\u00e1s exigentes.<\/p>\n<p>\u2022 Pintado a mano con colores especiales resistentes<br \/>\n\u2022 Piel espa\u00f1ola e italiana de la mejor calidad<br \/>\n\u2022 F\u00e1cil de limpiar y resistente al agua<br \/>\n\u2022 Seguro con cremallera<br \/>\n\u2022 Correa de piel duradera con herrajes de lat\u00f3n de alta calidad<br \/>\n\u2022 Bolsillo interior<\/p>\n<p>Tambi\u00e9n disponible en un tama\u00f1o <a href=\"https:\/\/rossymina.com\/shop\/bags\/handpainted-bags\/crossbody-leather-bag-with-geometrical-design\" target=\"_blank\" rel=\"noopener\">M\u00c1S GRANDE<\/a> de 12\u2033 de ancho \/ 8\u2033 de altura (30 cm \/ 21 cm)<\/p>","protected":false},"excerpt":{"rendered":"<p>Esta bolsa bandolera \u00fanica est\u00e1 pintada a mano con un dise\u00f1o geom\u00e9trico y est\u00e1 hecha completamente a mano con piel de vaca espa\u00f1ola de mejor calidad.<\/p>","protected":false},"featured_media":3433,"template":"","meta":[],"product_brand":[],"product_cat":[246,247],"product_tag":[333,341,281,256],"class_list":{"0":"post-12766","1":"product","2":"type-product","3":"status-publish","4":"has-post-thumbnail","6":"product_cat-bosses-de-pell","7":"product_cat-bosses-pintats","8":"product_tag-bossa-de-cuir-feta-a-ma","9":"product_tag-cuir-pintada-a-ma","10":"product_tag-bossa-de-cuir-marro","11":"product_tag-bossa-de-cuir-negre","12":"pa_size-small","14":"first","15":"instock","16":"shipping-taxable","17":"purchasable","18":"product-type-variable"},"booking_location":null,"booking_location_type":null,"booking_duration":null,"booking_duration_unit":null,"booking_buffer":null,"booking_cost":null,"booking_resources":null,"_links":{"self":[{"href":"https:\/\/rossymina.cat\/es\/wp-json\/wp\/v2\/product\/12766","targetHints":{"allow":["GET"]}}],"collection":[{"href":"https:\/\/rossymina.cat\/es\/wp-json\/wp\/v2\/product"}],"about":[{"href":"https:\/\/rossymina.cat\/es\/wp-json\/wp\/v2\/types\/product"}],"wp:featuredmedia":[{"embeddable":true,"href":"https:\/\/rossymina.cat\/es\/wp-json\/wp\/v2\/media\/3433"}],"wp:attachment":[{"href":"https:\/\/rossymina.cat\/es\/wp-json\/wp\/v2\/media?parent=12766"}],"wp:term":[{"taxonomy":"product_brand","embeddable":true,"href":"https:\/\/rossymina.cat\/es\/wp-json\/wp\/v2\/product_brand?post=12766"},{"taxonomy":"product_cat","embeddable":true,"href":"https:\/\/rossymina.cat\/es\/wp-json\/wp\/v2\/product_cat?post=12766"},{"taxonomy":"product_tag","embeddable":true,"href":"https:\/\/rossymina.cat\/es\/wp-json\/wp\/v2\/product_tag?post=12766"}],"curies":[{"name":"wp","href":"https:\/\/api.w.org\/{rel}","templated":true}]}}