{"id":12775,"date":"2025-12-01T19:09:32","date_gmt":"2025-12-01T19:09:32","guid":{"rendered":"https:\/\/rossymina.cat\/producto\/cinturo-de-disseny-amb-libel%c2%b7lules-pintades\/"},"modified":"2026-01-13T21:15:36","modified_gmt":"2026-01-13T21:15:36","slug":"cinturo-de-diseno-con-libelulas-pintadas","status":"publish","type":"product","link":"https:\/\/rossymina.cat\/es\/cinturo-de-diseno-con-libelulas-pintadas\/","title":{"rendered":"Cintur\u00f3n de dise\u00f1o con lib\u00e9lulas pintadas"},"content":{"rendered":"<h1>Cintur\u00f3n de cuero hecho a mano para mujer con dise\u00f1o de lib\u00e9lulas pintadas<\/h1>\n<h1>En Rossymina, hacemos los cinturones de cuero a mano con la mejor calidad de piel de vaca espa\u00f1ola.<br \/>\nEste cintur\u00f3n pintado a mano es el accesorio perfecto para tu traje o pantal\u00f3n. No s\u00f3lo sujetar\u00e1 a tus vaqueros, sino que tambi\u00e9n har\u00e1 que tu conjunto destaque.<br \/>\nLos colores que utilizamos son especiales y resistentes, y est\u00e1n hechos especialmente para cuero. Utilizamos una hebilla met\u00e1lica robusta en color oro viejo\/lat\u00f3n, que se mantiene firmemente en su sitio mediante un bot\u00f3n de husillo. El uso de un caracol te permite cambiar la hebilla f\u00e1cilmente por otra de tu elecci\u00f3n. Hay hebillas plateadas disponibles bajo petici\u00f3n. Hacemos 6 agujeros en todos los cinturones de cuero personalizados.<\/p>\n<p>Para elegir el LARGO correcto:<\/p>\n<p>Mide el tama\u00f1o de tu cintura exactamente d\u00f3nde quieres llevar el cintur\u00f3n.<\/p>\n<p>Tambi\u00e9n puedes medir un cintur\u00f3n antiguo, desde el pasador de la hebilla hasta el agujero que m\u00e1s utilizas.<\/p>\n<p>Elige entre los tama\u00f1os disponibles de 60 a 110 cm (de 24\u201d a 42\u201d pulgadas)<\/p>","protected":false},"excerpt":{"rendered":"<p>Cinturones de cuero pintados a mano con hebilla s\u00f3lida<\/p>","protected":false},"featured_media":5099,"template":"","meta":[],"product_brand":[],"product_cat":[253],"product_tag":[314,255,349,125],"class_list":{"0":"post-12775","1":"product","2":"type-product","3":"status-publish","4":"has-post-thumbnail","6":"product_cat-cinturons-de-cuir","7":"product_tag-cinturo-de-pell-fet-a-ma","8":"product_tag-cuir-pintat-a-ma","9":"product_tag-cinturo-de-pell-de-disseny","10":"product_tag-libelulas-pitnadas","12":"first","13":"instock","14":"shipping-taxable","15":"purchasable","16":"product-type-simple"},"booking_location":null,"booking_location_type":null,"booking_duration":null,"booking_duration_unit":null,"booking_buffer":null,"booking_cost":null,"booking_resources":null,"_links":{"self":[{"href":"https:\/\/rossymina.cat\/es\/wp-json\/wp\/v2\/product\/12775","targetHints":{"allow":["GET"]}}],"collection":[{"href":"https:\/\/rossymina.cat\/es\/wp-json\/wp\/v2\/product"}],"about":[{"href":"https:\/\/rossymina.cat\/es\/wp-json\/wp\/v2\/types\/product"}],"wp:featuredmedia":[{"embeddable":true,"href":"https:\/\/rossymina.cat\/es\/wp-json\/wp\/v2\/media\/5099"}],"wp:attachment":[{"href":"https:\/\/rossymina.cat\/es\/wp-json\/wp\/v2\/media?parent=12775"}],"wp:term":[{"taxonomy":"product_brand","embeddable":true,"href":"https:\/\/rossymina.cat\/es\/wp-json\/wp\/v2\/product_brand?post=12775"},{"taxonomy":"product_cat","embeddable":true,"href":"https:\/\/rossymina.cat\/es\/wp-json\/wp\/v2\/product_cat?post=12775"},{"taxonomy":"product_tag","embeddable":true,"href":"https:\/\/rossymina.cat\/es\/wp-json\/wp\/v2\/product_tag?post=12775"}],"curies":[{"name":"wp","href":"https:\/\/api.w.org\/{rel}","templated":true}]}}