{"id":12780,"date":"2025-12-01T19:09:32","date_gmt":"2025-12-01T19:09:32","guid":{"rendered":"https:\/\/rossymina.cat\/producto\/ronyonera-de-pell-suau\/"},"modified":"2026-01-13T21:15:24","modified_gmt":"2026-01-13T21:15:24","slug":"rinonera-de-piel-suave","status":"publish","type":"product","link":"https:\/\/rossymina.cat\/es\/rinonera-de-piel-suave\/","title":{"rendered":"Ri\u00f1onera de piel suave"},"content":{"rendered":"<h1>Ri\u00f1era de piel con dos bolsillos<\/h1>\n<p>El compartimento principal est\u00e1 cerrado con una cremallera met\u00e1lica ykk y el bolsillo frontal tiene una solapa que se cierra con un cierre magn\u00e9tico. La forma perfecta de llevar el tel\u00e9fono m\u00f3vil. Puedes llevar esta ri\u00f1onera tanto en la cintura como en bandolera, ya que tiene un cintur\u00f3n ancho ajustable, suave y c\u00f3modo. La ri\u00f1onera tiene suficiente espacio en el interior para peque\u00f1os objetos esenciales como llaves, tel\u00e9fono m\u00f3vil, cartera y cosm\u00e9ticos.<br \/>\nCada prenda est\u00e1 hecha a mano para garantizar la elegancia y la durabilidad.<br \/>\nLa piel aut\u00e9ntica de vaca puede presentar peque\u00f1as imperfecciones y variaciones de color a causa de la naturaleza del material. Esto a\u00f1ade singularidad a cada art\u00edculo.<br \/>\nLa piel es un material noble, flexible, transpirable y resistente. Madura de maravilla.<\/p>\n<p>DIMENSIONES:<\/p>\n<p>Longitud: 23 cm o 9\u2033<br \/>\nAltura: 14 cm o 5\u2033 1\/2<br \/>\nAncho: 4 cm o 1\u2033 1\/2<br \/>\nCintur\u00f3n: 4 cm de ancho, la longitud se ajusta al tama\u00f1o de la cadera desde 70 cm o 27\u2033 1\/2 (la parte m\u00e1s corta) hasta 110 cm o 43\u2033 (la m\u00e1s larga)<\/p>","protected":false},"excerpt":{"rendered":"<p>Ri\u00f1onera de piel suave y c\u00f3moda con cremallera y cintur\u00f3n ajustable. Se puede llevar a las caderas, a la cintura y como bolsa cruzada. El bolsillo frontal hacia el tel\u00e9fono. Elija entre los colores amarillo, marr\u00f3n, negro o bronceado.<\/p>","protected":false},"featured_media":8702,"template":"","meta":[],"product_brand":[],"product_cat":[260],"product_tag":[333,350,347,311,297,295,265,313,351],"class_list":{"0":"post-12780","1":"product","2":"type-product","3":"status-publish","4":"has-post-thumbnail","6":"product_cat-ronyoneres","7":"product_tag-bossa-de-cuir-feta-a-ma","8":"product_tag-cuir-groc-mostassa","9":"product_tag-bossa-de-cuir-de-color-marro-clar","10":"product_tag-ronyonera","11":"product_tag-ronyonera-de-cuir","12":"product_tag-ronyonera-de-cuir-negre","13":"product_tag-ronyonera-feta-a-ma","14":"product_tag-ronyonera-groga","15":"product_tag-ronyonera-marro","16":"pa_color-bronzejat","17":"pa_color-groc-mostassa","18":"pa_color-marro","19":"pa_color-negre","20":"pa_color-verd-turquesa","21":"pa_color-vi","23":"first","24":"instock","25":"shipping-taxable","26":"purchasable","27":"product-type-variable"},"booking_location":null,"booking_location_type":null,"booking_duration":null,"booking_duration_unit":null,"booking_buffer":null,"booking_cost":null,"booking_resources":null,"_links":{"self":[{"href":"https:\/\/rossymina.cat\/es\/wp-json\/wp\/v2\/product\/12780","targetHints":{"allow":["GET"]}}],"collection":[{"href":"https:\/\/rossymina.cat\/es\/wp-json\/wp\/v2\/product"}],"about":[{"href":"https:\/\/rossymina.cat\/es\/wp-json\/wp\/v2\/types\/product"}],"wp:featuredmedia":[{"embeddable":true,"href":"https:\/\/rossymina.cat\/es\/wp-json\/wp\/v2\/media\/8702"}],"wp:attachment":[{"href":"https:\/\/rossymina.cat\/es\/wp-json\/wp\/v2\/media?parent=12780"}],"wp:term":[{"taxonomy":"product_brand","embeddable":true,"href":"https:\/\/rossymina.cat\/es\/wp-json\/wp\/v2\/product_brand?post=12780"},{"taxonomy":"product_cat","embeddable":true,"href":"https:\/\/rossymina.cat\/es\/wp-json\/wp\/v2\/product_cat?post=12780"},{"taxonomy":"product_tag","embeddable":true,"href":"https:\/\/rossymina.cat\/es\/wp-json\/wp\/v2\/product_tag?post=12780"}],"curies":[{"name":"wp","href":"https:\/\/api.w.org\/{rel}","templated":true}]}}