{"id":12795,"date":"2025-12-01T19:09:37","date_gmt":"2025-12-01T19:09:37","guid":{"rendered":"https:\/\/rossymina.cat\/producto\/arracades-de-dissenyador-vermelles-2\/"},"modified":"2025-12-01T19:09:40","modified_gmt":"2025-12-01T19:09:40","slug":"pendientes-de-disenador-rojas-2","status":"publish","type":"product","link":"https:\/\/rossymina.cat\/es\/pendientes-de-disenador-rojas-2\/","title":{"rendered":"Pendientes de dise\u00f1ador rojos"},"content":{"rendered":"<h1>Pendientes de dise\u00f1o de cuero rojo<\/h1>\n<p>Estos pendientes ligeros y colgantes est\u00e1n dise\u00f1ados con cuero fino cortado a mano para una sensaci\u00f3n de flecos muy suaves y fluidos. Estos pendientes destacados son originales y atrevidos, y un complemento para la mayor versatilidad! \u00a1Recibir\u00e1s elogios all\u00e1 donde las lleves!<\/p>\n<p>Estos pendientes de flecos de esp\u00edritu libre son perfectos para cualquier ocasi\u00f3n, ya sea vestida de forma elegante o combinadas con una camiseta y unos vaqueros.<\/p>\n<p>Los pendientes de cuero son muy ligeros en las orejas, as\u00ed que ll\u00e9valas con las partes traseras de silicona para evitar perderlas.<\/p>\n<p>Preciosos pendientes de pavo real<\/p>\n<div data-appears-component-name=\"listing_page_policy_shipping_variant\">\n<div id=\"shipping-variant-div\" class=\"wt-mb-xs-6 appears-ready\" data-shipping-variant-div=\"\">\n<div class=\"wt-position-relative\">\n<div class=\"wt-grid wt-mb-xs-3\" data-delivery-data=\"\">\n<p>Medida aproximada: 7 cm x 2 cm (2 3\/4\u2033 x 3\/4\u2033). <\/p>\n<p>Los pendientes hechos a mano de color turquesa est\u00e1n disponibles para orejas perforadas con esferas de lat\u00f3n o ganchos de alambre sin n\u00edquel o plateados, bajo petici\u00f3n. <\/p>\n<p>Tambi\u00e9n disponibles en NARANJA, <a href=\"https:\/\/rossymina.com\/shop\/bisuteria-es\/teal-earrings\/\" target=\"_blank\" rel=\"noopener\">TURQUESA<\/a>, AMARILLO y purpurina. <\/p>\n<\/div>\n<\/div>\n<\/div>\n<\/div>\n<div data-appears-component-name=\"listing_page_policy_shipping_variant\">\n<div id=\"shipping-variant-div\" class=\"wt-mb-xs-6 appears-ready\" data-shipping-variant-div=\"\">\n<div class=\"wt-position-relative\">\n<div class=\"wt-grid wt-mb-xs-3\" data-delivery-data=\"\">\n<div class=\"wt-grid__item-xs-12 wt-text-gray\" data-calculate-shipping-cost=\"\"><\/div>\n<\/div>\n<\/div>\n<\/div>\n<\/div>\n<\/div>","protected":false},"excerpt":{"rendered":"<p>Ligeras y colgantes, los pendientes est\u00e1n hechos con gancho o botones en cuatro variantes.<\/p>","protected":false},"featured_media":3141,"template":"","meta":[],"product_brand":[],"product_cat":[251],"product_tag":[255,249,355,354,359,352,353,268,267,358],"class_list":{"0":"post-12795","1":"product","2":"type-product","3":"status-publish","4":"has-post-thumbnail","6":"product_cat-joieria","7":"product_tag-cuir-pintat-a-ma","8":"product_tag-plomes-de-pao","9":"product_tag-arracades-de-boto","10":"product_tag-arracades-fetes-a-ma","11":"product_tag-arracades-vermelles","12":"product_tag-arracades-xules","13":"product_tag-cadena-darracades","14":"product_tag-joieria-casolana","15":"product_tag-joieria-feta-a-ma","16":"product_tag-joieria-vermella-i-negra","18":"first","19":"instock","20":"shipping-taxable","21":"purchasable","22":"product-type-variable"},"booking_location":null,"booking_location_type":null,"booking_duration":null,"booking_duration_unit":null,"booking_buffer":null,"booking_cost":null,"booking_resources":null,"_links":{"self":[{"href":"https:\/\/rossymina.cat\/es\/wp-json\/wp\/v2\/product\/12795","targetHints":{"allow":["GET"]}}],"collection":[{"href":"https:\/\/rossymina.cat\/es\/wp-json\/wp\/v2\/product"}],"about":[{"href":"https:\/\/rossymina.cat\/es\/wp-json\/wp\/v2\/types\/product"}],"wp:featuredmedia":[{"embeddable":true,"href":"https:\/\/rossymina.cat\/es\/wp-json\/wp\/v2\/media\/3141"}],"wp:attachment":[{"href":"https:\/\/rossymina.cat\/es\/wp-json\/wp\/v2\/media?parent=12795"}],"wp:term":[{"taxonomy":"product_brand","embeddable":true,"href":"https:\/\/rossymina.cat\/es\/wp-json\/wp\/v2\/product_brand?post=12795"},{"taxonomy":"product_cat","embeddable":true,"href":"https:\/\/rossymina.cat\/es\/wp-json\/wp\/v2\/product_cat?post=12795"},{"taxonomy":"product_tag","embeddable":true,"href":"https:\/\/rossymina.cat\/es\/wp-json\/wp\/v2\/product_tag?post=12795"}],"curies":[{"name":"wp","href":"https:\/\/api.w.org\/{rel}","templated":true}]}}