{"id":12809,"date":"2025-12-01T19:09:42","date_gmt":"2025-12-01T19:09:42","guid":{"rendered":"https:\/\/rossymina.cat\/producto\/motxilla-de-pell-convertible-extra-gran-en-bossa-tote\/"},"modified":"2026-01-13T21:16:10","modified_gmt":"2026-01-13T21:16:10","slug":"mochila-de-piel-convertible-extra-grande-en-bolsa-tote","status":"publish","type":"product","link":"https:\/\/rossymina.cat\/es\/mochila-de-piel-convertible-extra-grande-en-bolsa-tote\/","title":{"rendered":"Mochila de piel convertible extra grande en bolsa tote"},"content":{"rendered":"<h1>Mochila grande de cuero negro convertible en bolsa tote con cremallera. Mochila para port\u00e1til\/bolsa de compra minimalista. Mochila extragrande.<\/h1>\n<p>Bolsa extragrande \u00fanica.<br \/>\nBolsa mochila de cuero negro convertible en bolsa tote para mujer u hombre.<br \/>\nEste dise\u00f1o inteligente de nuestra mochila puede convertirse f\u00e1cilmente en una bolsa tote con un solo gesto de la mano. Basta con estirar la correa hacia arriba para llevarla como bolsa de compra. No es necesario llevar correas adicionales ni cambiar de posici\u00f3n. Puede ajustar la longitud de las correas para mayor comodidad.<br \/>\nLa mochila est\u00e1 hecha a mano y est\u00e1 hecha de cuero de vaca 100% nubuck de alta calidad. Hemos dise\u00f1ado esta bolsa minimalista con un compartimento grande y un gran bolsillo frontal con cremallera. Lo guarda todo dentro de forma segura y se cierra con una cremallera met\u00e1lica. Est\u00e1 forrada con algod\u00f3n 100% ligero.<br \/>\nPodr\u00e1 llevar un port\u00e1til de 17 pulgadas, documentos o un cuaderno y una carpeta A4. El bolsillo es perfecto para m\u00f3viles, cartera o cosm\u00e9ticos y llaves.<\/p>\n<p>Este dise\u00f1o inteligente y convertible de nuestra mochila puede convertirse f\u00e1cilmente en una bolsa tote con un solo gesto de la mano. Basta con estirar la correa para llevarla como bolsa de compra. No es necesario llevar correas adicionales ni cambiar de posici\u00f3n. Puede ajustar la longitud de las correas para mayor comodidad.<\/p>\n<p>Esta vers\u00e1til bolsa tote y mochila negra est\u00e1 hecha a mano y est\u00e1 hecha de piel de vaca 100% de alta calidad. Hemos dise\u00f1ado esta bolsa minimalista con un compartimento grande y un gran bolsillo frontal con cremallera. Lo guarda todo dentro de forma segura y se cierra con una cremallera met\u00e1lica. Est\u00e1 forrada en algod\u00f3n 100% de color claro.<\/p>\n<p>Organice sus pertenencias personales con los dos compartimentos con cremallera. Podr\u00e1 llevar un ordenador port\u00e1til de 16 pulgadas, documentos, una botella de agua, un cuaderno, una carpeta A4 y mucho m\u00e1s. Los bolsillos ser\u00e1n perfectos para m\u00f3viles, cartera o cosm\u00e9ticos y clavos.<\/p>\n<p>Este bolso convertible es ligero y tiene un tacto muy suave.<br \/>\nNuestra mochila de piel Rossymina es una gran opci\u00f3n para un d\u00eda a d\u00eda para la escuela, el trabajo, los viajes y mucho m\u00e1s\u2026 Tambi\u00e9n ser\u00e1 un regalo maravilloso para alguien que amas<br \/>\nTambi\u00e9n puedes pedir esta bolsa con cremallera plateada.<br \/>\nNo dudes en pedir m\u00e1s colores. La realizaremos por encargo en pocos d\u00edas.<\/p>\n<p>\u2726Dimensiones:\u2726<br \/>\n40 x 38 x 14 cm<br \/>\nBolsillo frontal:<br \/>\n36 x 26 cm<\/p>\n<p>Este bolso convertible es ligero y tiene un tacto muy suave.<br \/>\nNuestra mochila de piel ser\u00e1 una bolsa ideal para un d\u00eda a d\u00eda para la escuela, el trabajo, los viajes y mucho m\u00e1s\u2026 Tambi\u00e9n ser\u00e1 un regalo maravilloso para alguien que amas<\/p>","protected":false},"excerpt":{"rendered":"<p>Motxilla gran de cuir negre convertible en bossa tote amb cremallera. Motxilla per a port\u00e0til \/ bossa de compra minimalista. Motxilla extragrande. Bossa extragrande \u00fanica. Bossa motxilla de cuir negre convertible en bossa tote per a dona o home. Aquest disseny intel\u00b7ligent de la nostra motxilla es pot convertir f\u00e0cilment en una bossa tote amb [&hellip;]<\/p>\n","protected":false},"featured_media":10844,"template":"","meta":[],"product_brand":[],"product_cat":[318],"product_tag":[369,241,370,331],"class_list":{"0":"post-12809","1":"product","2":"type-product","3":"status-publish","4":"has-post-thumbnail","6":"product_cat-motxilles","7":"product_tag-motxilla-de-pell-feta-a-ma","8":"product_tag-pell-de-color-marro-clar","9":"product_tag-bossa-de-color-marro-clar","10":"product_tag-bossa-tote-convertible-de-pell","12":"first","13":"instock","14":"shipping-taxable","15":"purchasable","16":"product-type-simple"},"booking_location":null,"booking_location_type":null,"booking_duration":null,"booking_duration_unit":null,"booking_buffer":null,"booking_cost":null,"booking_resources":null,"_links":{"self":[{"href":"https:\/\/rossymina.cat\/es\/wp-json\/wp\/v2\/product\/12809","targetHints":{"allow":["GET"]}}],"collection":[{"href":"https:\/\/rossymina.cat\/es\/wp-json\/wp\/v2\/product"}],"about":[{"href":"https:\/\/rossymina.cat\/es\/wp-json\/wp\/v2\/types\/product"}],"wp:featuredmedia":[{"embeddable":true,"href":"https:\/\/rossymina.cat\/es\/wp-json\/wp\/v2\/media\/10844"}],"wp:attachment":[{"href":"https:\/\/rossymina.cat\/es\/wp-json\/wp\/v2\/media?parent=12809"}],"wp:term":[{"taxonomy":"product_brand","embeddable":true,"href":"https:\/\/rossymina.cat\/es\/wp-json\/wp\/v2\/product_brand?post=12809"},{"taxonomy":"product_cat","embeddable":true,"href":"https:\/\/rossymina.cat\/es\/wp-json\/wp\/v2\/product_cat?post=12809"},{"taxonomy":"product_tag","embeddable":true,"href":"https:\/\/rossymina.cat\/es\/wp-json\/wp\/v2\/product_tag?post=12809"}],"curies":[{"name":"wp","href":"https:\/\/api.w.org\/{rel}","templated":true}]}}