{"id":12810,"date":"2025-12-01T19:09:42","date_gmt":"2025-12-01T19:09:42","guid":{"rendered":"https:\/\/rossymina.cat\/producto\/bossa-de-pell-negra-de-mitja-lluna\/"},"modified":"2026-01-13T21:15:21","modified_gmt":"2026-01-13T21:15:21","slug":"bolsa-de-piel-negra-de-media-luna","status":"publish","type":"product","link":"https:\/\/rossymina.cat\/es\/bolsa-de-piel-negra-de-media-luna\/","title":{"rendered":"Bolsa de piel negra de media luna"},"content":{"rendered":"<h1>Bolsa redonda de piel<\/h1>\n<p>El bolso del tama\u00f1o perfecto para el d\u00eda a d\u00eda. Mini bolsa de piel negra. Hacemos estas bolsas en diferentes colores, como color camel natural, mostaza o color turquesa. Hay espacio suficiente para una cartera peque\u00f1a, un tel\u00e9fono, las llaves y todo lo que necesita para el uso diario. Esta bolsa de color uniforme tambi\u00e9n es ultraligera. La correa es suficientemente larga para llevarla como bolsa cruzada, bolso o alrededor de las caderas como ri\u00f1onera si lo desea. En una ocasi\u00f3n especial, puede sacarla y llevarla como manga de mano.<\/p>\n<p>La longitud de la correa se acorta y se alarga de 24\u2033 a 50\u2033 (60 a 130 cm)<\/p>","protected":false},"excerpt":{"rendered":"<p>bolsa redonda peque\u00f1a<\/p>","protected":false},"featured_media":8482,"template":"","meta":[],"product_brand":[],"product_cat":[273,246],"product_tag":[376,374,372,371,377,375,373],"class_list":{"0":"post-12810","1":"product","2":"type-product","3":"status-publish","4":"has-post-thumbnail","6":"product_cat-bosses-llises-pell","7":"product_cat-bosses-de-pell","8":"product_tag-bossa-de-color-bronzejat","9":"product_tag-bossa-de-pell-groc-mostassa","10":"product_tag-bossa-de-pell-marro","11":"product_tag-bossa-de-pell-negra","12":"product_tag-bossa-de-pell-turquesa","13":"product_tag-bossa-petita","14":"product_tag-moneder-minimalista","16":"first","17":"instock","18":"shipping-taxable","19":"purchasable","20":"product-type-simple"},"booking_location":null,"booking_location_type":null,"booking_duration":null,"booking_duration_unit":null,"booking_buffer":null,"booking_cost":null,"booking_resources":null,"_links":{"self":[{"href":"https:\/\/rossymina.cat\/es\/wp-json\/wp\/v2\/product\/12810","targetHints":{"allow":["GET"]}}],"collection":[{"href":"https:\/\/rossymina.cat\/es\/wp-json\/wp\/v2\/product"}],"about":[{"href":"https:\/\/rossymina.cat\/es\/wp-json\/wp\/v2\/types\/product"}],"wp:featuredmedia":[{"embeddable":true,"href":"https:\/\/rossymina.cat\/es\/wp-json\/wp\/v2\/media\/8482"}],"wp:attachment":[{"href":"https:\/\/rossymina.cat\/es\/wp-json\/wp\/v2\/media?parent=12810"}],"wp:term":[{"taxonomy":"product_brand","embeddable":true,"href":"https:\/\/rossymina.cat\/es\/wp-json\/wp\/v2\/product_brand?post=12810"},{"taxonomy":"product_cat","embeddable":true,"href":"https:\/\/rossymina.cat\/es\/wp-json\/wp\/v2\/product_cat?post=12810"},{"taxonomy":"product_tag","embeddable":true,"href":"https:\/\/rossymina.cat\/es\/wp-json\/wp\/v2\/product_tag?post=12810"}],"curies":[{"name":"wp","href":"https:\/\/api.w.org\/{rel}","templated":true}]}}