{"id":12818,"date":"2025-12-01T19:09:42","date_gmt":"2025-12-01T19:09:42","guid":{"rendered":"https:\/\/rossymina.cat\/producto\/bossa-bandolera-de-pell-negra\/"},"modified":"2026-01-13T21:15:22","modified_gmt":"2026-01-13T21:15:22","slug":"bolsa-bandolera-de-piel-negra","status":"publish","type":"product","link":"https:\/\/rossymina.cat\/es\/bolsa-bandolera-de-piel-negra\/","title":{"rendered":"Bolsa bandolera de piel negra"},"content":{"rendered":"<p><iframe title=\"black crossbody flap\" width=\"800\" height=\"450\" data-src=\"https:\/\/www.youtube.com\/embed\/PdPMeQwqB5Y?feature=oembed\" frameborder=\"0\" allow=\"accelerometer; autoplay; clipboard-write; encrypted-media; gyroscope; picture-in-picture; web-share\" referrerpolicy=\"strict-origin-when-cross-origin\" allowfullscreen src=\"data:image\/svg+xml;base64,PHN2ZyB3aWR0aD0iMSIgaGVpZ2h0PSIxIiB4bWxucz0iaHR0cDovL3d3dy53My5vcmcvMjAwMC9zdmciPjwvc3ZnPg==\" class=\"lazyload\" data-load-mode=\"1\"><\/iframe> <\/p>\n<h1>Bolsa de piel negra<\/h1>\n<div>Con o sin solapa<\/div>\n<p>Esta bolsa bandolera de piel negra est\u00e1 hecha a mano con piel de vaca de la mejor calidad. La bolsa est\u00e1 elaborada con piel suave y tersa. Es ligera y delgada, pero lo suficientemente grande para todo lo esencial. Esta c\u00f3moda bolsa cl\u00e1sica tiene una solapa y cierre con cremallera para mayor seguridad.<\/p>\n<p>La bolsa de mujer de piel negra fina tambi\u00e9n es muy vers\u00e1til, puede ser elegante o m\u00e1s deportiva. La correa de piel resistente es ajustable para que la puedas llevar como bolsa bandolera o como bolso.<\/p>\n<p>Tiene un forro 100% algod\u00f3n e incluye un bolsillo interior<\/p>\n<p>Tama\u00f1o:<br \/>\n30 cm de ancho x 20 cm de altura (30 cm\/21 cm)<\/p>\n<p>CAPACIDAD:<br \/>\nCaben una mesita peque\u00f1a o un libro, una botella peque\u00f1a de agua, una cartera, clavos, maquillaje, etc.<\/p>\n<p>La piel es robusta, pero suave, resistente y vibrante; La atenci\u00f3n al por menor es fant\u00e1stica.<\/p>\n<p>DETALLES<\/p>\n<p>\u2022 Piel espa\u00f1ola e italiana de la mejor calidad<br \/>\n\u2022 Seguridad con cremallera<br \/>\n\u2022 Correa ajustable de piel duradera con herrajes de lat\u00f3n de alta calidad<br \/>\n\u2022 Bolsillo interior<\/p>\n<p>&nbsp;<\/p>","protected":false},"excerpt":{"rendered":"<p>La bolsa de mujer de piel fina negra tambi\u00e9n es muy vers\u00e1til, puede ser elegante o m\u00e1s deportiva. La correa de piel resistente es ajustable, por lo que se puede llevar como bolsa cruzada o como bolso.<\/p>","protected":false},"featured_media":8722,"template":"","meta":[],"product_brand":[],"product_cat":[273,246],"product_tag":[333,378,379],"class_list":{"0":"post-12818","1":"product","2":"type-product","3":"status-publish","4":"has-post-thumbnail","6":"product_cat-bosses-llises-pell","7":"product_cat-bosses-de-pell","8":"product_tag-bossa-de-cuir-feta-a-ma","9":"product_tag-bossa-de-cuir-posterior","10":"product_tag-moneda-de-cuir-negra","12":"first","13":"instock","14":"shipping-taxable","15":"purchasable","16":"product-type-simple"},"booking_location":null,"booking_location_type":null,"booking_duration":null,"booking_duration_unit":null,"booking_buffer":null,"booking_cost":null,"booking_resources":null,"_links":{"self":[{"href":"https:\/\/rossymina.cat\/es\/wp-json\/wp\/v2\/product\/12818","targetHints":{"allow":["GET"]}}],"collection":[{"href":"https:\/\/rossymina.cat\/es\/wp-json\/wp\/v2\/product"}],"about":[{"href":"https:\/\/rossymina.cat\/es\/wp-json\/wp\/v2\/types\/product"}],"wp:featuredmedia":[{"embeddable":true,"href":"https:\/\/rossymina.cat\/es\/wp-json\/wp\/v2\/media\/8722"}],"wp:attachment":[{"href":"https:\/\/rossymina.cat\/es\/wp-json\/wp\/v2\/media?parent=12818"}],"wp:term":[{"taxonomy":"product_brand","embeddable":true,"href":"https:\/\/rossymina.cat\/es\/wp-json\/wp\/v2\/product_brand?post=12818"},{"taxonomy":"product_cat","embeddable":true,"href":"https:\/\/rossymina.cat\/es\/wp-json\/wp\/v2\/product_cat?post=12818"},{"taxonomy":"product_tag","embeddable":true,"href":"https:\/\/rossymina.cat\/es\/wp-json\/wp\/v2\/product_tag?post=12818"}],"curies":[{"name":"wp","href":"https:\/\/api.w.org\/{rel}","templated":true}]}}