{"id":12825,"date":"2025-12-01T19:09:42","date_gmt":"2025-12-01T19:09:42","guid":{"rendered":"https:\/\/rossymina.cat\/producto\/bossa-de-cinturo-de-cuir-de-disseny\/"},"modified":"2026-01-13T21:15:22","modified_gmt":"2026-01-13T21:15:22","slug":"bolsa-de-cinturo-de-cuero-de-diseno","status":"publish","type":"product","link":"https:\/\/rossymina.cat\/es\/bolsa-de-cinturo-de-cuero-de-diseno\/","title":{"rendered":"Bolsa de cintur\u00f3n de cuero de dise\u00f1o"},"content":{"rendered":"<h1>Ri\u00f1ola de cuero de dise\u00f1o con dos compartimentos<\/h1>\n<p>Esta peque\u00f1a ri\u00f1onera est\u00e1 hecha de cuero negro suave y tiene una fina hebilla doblada. El compartimento principal est\u00e1 cerrado con una cremallera YKK met\u00e1lica y hay un bolsillo frontal que se cierra con un bot\u00f3n.<\/p>\n<p>La forma perfecta de llevar el tel\u00e9fono m\u00f3vil. Puedes llevar esta ri\u00f1onera tanto en la cintura como en bandolera. La ri\u00f1onera tiene suficiente espacio en el interior para peque\u00f1os objetos esenciales como llaves, tel\u00e9fono m\u00f3vil o cartera.<br \/>\nPor favor deja una nota con las medidas de la talla m\u00e1s corta con la que la llevar\u00e1s.<\/p>","protected":false},"excerpt":{"rendered":"<p>Ri\u00f1onera peque\u00f1a de cuero negro minimalista con cremallera y cintur\u00f3n ajustable. Se puede llevar a las caderas, a la cintura y como bandolera.<\/p>","protected":false},"featured_media":10866,"template":"","meta":[],"product_brand":[],"product_cat":[260],"product_tag":[309,311],"class_list":{"0":"post-12825","1":"product","2":"type-product","3":"status-publish","4":"has-post-thumbnail","6":"product_cat-ronyoneres","7":"product_tag-bossa-de-pell-feta-a-ma","8":"product_tag-ronyonera","10":"first","11":"instock","12":"shipping-taxable","13":"purchasable","14":"product-type-simple"},"booking_location":null,"booking_location_type":null,"booking_duration":null,"booking_duration_unit":null,"booking_buffer":null,"booking_cost":null,"booking_resources":null,"_links":{"self":[{"href":"https:\/\/rossymina.cat\/es\/wp-json\/wp\/v2\/product\/12825","targetHints":{"allow":["GET"]}}],"collection":[{"href":"https:\/\/rossymina.cat\/es\/wp-json\/wp\/v2\/product"}],"about":[{"href":"https:\/\/rossymina.cat\/es\/wp-json\/wp\/v2\/types\/product"}],"wp:featuredmedia":[{"embeddable":true,"href":"https:\/\/rossymina.cat\/es\/wp-json\/wp\/v2\/media\/10866"}],"wp:attachment":[{"href":"https:\/\/rossymina.cat\/es\/wp-json\/wp\/v2\/media?parent=12825"}],"wp:term":[{"taxonomy":"product_brand","embeddable":true,"href":"https:\/\/rossymina.cat\/es\/wp-json\/wp\/v2\/product_brand?post=12825"},{"taxonomy":"product_cat","embeddable":true,"href":"https:\/\/rossymina.cat\/es\/wp-json\/wp\/v2\/product_cat?post=12825"},{"taxonomy":"product_tag","embeddable":true,"href":"https:\/\/rossymina.cat\/es\/wp-json\/wp\/v2\/product_tag?post=12825"}],"curies":[{"name":"wp","href":"https:\/\/api.w.org\/{rel}","templated":true}]}}