{"id":12830,"date":"2025-12-01T19:09:46","date_gmt":"2025-12-01T19:09:46","guid":{"rendered":"https:\/\/rossymina.cat\/producto\/cartera-petita-de-pell-amb-boto\/"},"modified":"2026-01-13T21:15:25","modified_gmt":"2026-01-13T21:15:25","slug":"cartera-pequena-de-piel-con-boto","status":"publish","type":"product","link":"https:\/\/rossymina.cat\/es\/cartera-pequena-de-piel-con-boto\/","title":{"rendered":"Cartera peque\u00f1a de piel con bot\u00f3n"},"content":{"rendered":"<h1>cartera peque\u00f1a de cuero para monedas y tarjetas<\/h1>\n<p>Esta cartera peque\u00f1a y compacta de cuero tiene capacidad para monedas, tarjetas y billetes.<\/p>\n<p>Se cierra bien con un bot\u00f3n a presi\u00f3n que se mantiene unido de forma segura y compacta.<\/p>\n<p>Esta cartera de forma ovalada es ligera y delgada, a la vez que funcional y minimalista. La piel de vaca que utilizamos es aut\u00e9ntica, abonada naturalmente y tiene un tacto suave y agradable. Seleccionamos y escogemos cuidadosamente cada combinaci\u00f3n de colores para crear una pieza \u00fanica para que disfrute de su piel hecha a mano. En el interior encontrar\u00e1 un compartimento para tarjetas y un compartimento para monedas con cremallera. El bot\u00f3n a presi\u00f3n es para mayor seguridad y comodidad.<br \/>\nLl\u00e1mala como desee: cartera, monedero o monedero, sus tarjetas y billetes estar\u00e1n seguros y ajustados.<\/p>\n<p>DIMENSIONES<\/p>\n<p>Una vez abierta, mide 11,5 x 14 cm o 4,5\u2033 x 5,5\u2033.<br \/>\nUna vez cerrada, mide 11,5 por 8 cm o 4,4\u2033 x 3,2\u2033.<\/p>\n<p>1 ranura para tarjetas o billetes plegados.<\/p>\n<p>1 compartimento con cremallera para monedas.<\/p>\n<p>Bot\u00f3n de cierre de seguridad.<\/p>","protected":false},"excerpt":{"rendered":"<p>Organizador de cartera compacto<\/p>","protected":false},"featured_media":8022,"template":"","meta":[],"product_brand":[],"product_cat":[272],"product_tag":[],"class_list":{"0":"post-12830","1":"product","2":"type-product","3":"status-publish","4":"has-post-thumbnail","6":"product_cat-carteres-i-targeters","7":"pa_color-bronzejat","8":"pa_color-marro","9":"pa_color-multicolor","10":"pa_color-negre","12":"first","13":"instock","14":"shipping-taxable","15":"purchasable","16":"product-type-variable"},"booking_location":null,"booking_location_type":null,"booking_duration":null,"booking_duration_unit":null,"booking_buffer":null,"booking_cost":null,"booking_resources":null,"_links":{"self":[{"href":"https:\/\/rossymina.cat\/es\/wp-json\/wp\/v2\/product\/12830","targetHints":{"allow":["GET"]}}],"collection":[{"href":"https:\/\/rossymina.cat\/es\/wp-json\/wp\/v2\/product"}],"about":[{"href":"https:\/\/rossymina.cat\/es\/wp-json\/wp\/v2\/types\/product"}],"wp:featuredmedia":[{"embeddable":true,"href":"https:\/\/rossymina.cat\/es\/wp-json\/wp\/v2\/media\/8022"}],"wp:attachment":[{"href":"https:\/\/rossymina.cat\/es\/wp-json\/wp\/v2\/media?parent=12830"}],"wp:term":[{"taxonomy":"product_brand","embeddable":true,"href":"https:\/\/rossymina.cat\/es\/wp-json\/wp\/v2\/product_brand?post=12830"},{"taxonomy":"product_cat","embeddable":true,"href":"https:\/\/rossymina.cat\/es\/wp-json\/wp\/v2\/product_cat?post=12830"},{"taxonomy":"product_tag","embeddable":true,"href":"https:\/\/rossymina.cat\/es\/wp-json\/wp\/v2\/product_tag?post=12830"}],"curies":[{"name":"wp","href":"https:\/\/api.w.org\/{rel}","templated":true}]}}