{"id":12851,"date":"2025-12-01T19:09:58","date_gmt":"2025-12-01T19:09:58","guid":{"rendered":"https:\/\/rossymina.cat\/producto\/bossa-bandolera-de-pell-lletosa\/"},"modified":"2026-01-22T12:00:21","modified_gmt":"2026-01-22T12:00:21","slug":"bolsa-bandolera-de-piel-lechosa","status":"publish","type":"product","link":"https:\/\/rossymina.cat\/es\/bolsa-bandolera-de-piel-lechosa\/","title":{"rendered":"Bolsa bandolera de piel lechosa"},"content":{"rendered":"<p><strong>Bolsa peque\u00f1a de piel con solapa<br \/>\n<\/strong><br \/>\nMedida 21 x 17 cm<\/p>\n<p>Bolsa peque\u00f1a de piel lisa con solapa y un dise\u00f1o elegante con solapa de piel negra, marr\u00f3n claro o amarilla.<\/p>\n<p>Hemos creado esta bolsa de piel ligera y c\u00f3moda para llevarla en cualquier ocasi\u00f3n y estilo.<\/p>\n<p>\u00a1Ll\u00e9vate tus imprescindibles a cualquier sitio con esta bolsa minimalista y nunca pasar\u00e1 de moda!<\/p>\n<p>La bolsa de tama\u00f1o perfecto para todos los d\u00edas.<\/p>\n<p>Tambi\u00e9n es muy vers\u00e1til, puede ser elegante o m\u00e1s deportiva, dependiendo de tu conjunto.<\/p>","protected":false},"excerpt":{"rendered":"<p><strong>Bolsa bandolera de piel negra o marr\u00f3n claro con Cremallera<br \/>\n<\/strong>Bolsa cl\u00e1sica de piel con cierre de cremallera y bolsillo interior. Bolsa peque\u00f1a y minimalista para todos los d\u00edas.<\/p>\n<p>Bolso de dise\u00f1o<br \/>\nBolsas y monederos de mujer<br \/>\nBolsas de boda<br \/>\nBolsos \u00fanicos hechos a mano<br \/>\nHecho a mano en Barcelona<\/p>","protected":false},"featured_media":8173,"template":"","meta":[],"product_brand":[],"product_cat":[273,246],"product_tag":[333,334,386,387,381,388,385,336,335,383,382,384],"class_list":{"0":"post-12851","1":"product","2":"type-product","3":"status-publish","4":"has-post-thumbnail","6":"product_cat-bosses-llises-pell","7":"product_cat-bosses-de-pell","8":"product_tag-bossa-de-cuir-feta-a-ma","9":"product_tag-cuir-de-color-marro-clar","10":"product_tag-bossa-destiu","11":"product_tag-bossa-de-casament","12":"product_tag-bossa-de-cuir-beix","13":"product_tag-bossa-de-cuir-blanca","14":"product_tag-bossa-de-cuir-gris-pedra","15":"product_tag-bossa-de-cuir-marro-clar","16":"product_tag-bosses-creuades","17":"product_tag-cuir-de-color-clar","18":"product_tag-cuir-de-color-ivori","19":"product_tag-cuir-de-llet","21":"first","22":"instock","23":"shipping-taxable","24":"purchasable","25":"product-type-simple"},"booking_location":null,"booking_location_type":null,"booking_duration":null,"booking_duration_unit":null,"booking_buffer":null,"booking_cost":null,"booking_resources":null,"_links":{"self":[{"href":"https:\/\/rossymina.cat\/es\/wp-json\/wp\/v2\/product\/12851","targetHints":{"allow":["GET"]}}],"collection":[{"href":"https:\/\/rossymina.cat\/es\/wp-json\/wp\/v2\/product"}],"about":[{"href":"https:\/\/rossymina.cat\/es\/wp-json\/wp\/v2\/types\/product"}],"wp:featuredmedia":[{"embeddable":true,"href":"https:\/\/rossymina.cat\/es\/wp-json\/wp\/v2\/media\/8173"}],"wp:attachment":[{"href":"https:\/\/rossymina.cat\/es\/wp-json\/wp\/v2\/media?parent=12851"}],"wp:term":[{"taxonomy":"product_brand","embeddable":true,"href":"https:\/\/rossymina.cat\/es\/wp-json\/wp\/v2\/product_brand?post=12851"},{"taxonomy":"product_cat","embeddable":true,"href":"https:\/\/rossymina.cat\/es\/wp-json\/wp\/v2\/product_cat?post=12851"},{"taxonomy":"product_tag","embeddable":true,"href":"https:\/\/rossymina.cat\/es\/wp-json\/wp\/v2\/product_tag?post=12851"}],"curies":[{"name":"wp","href":"https:\/\/api.w.org\/{rel}","templated":true}]}}