{"id":12857,"date":"2025-12-01T19:09:58","date_gmt":"2025-12-01T19:09:58","guid":{"rendered":"https:\/\/rossymina.cat\/producto\/polsera-o-puny-ample-i-corbat\/"},"modified":"2026-01-13T21:15:29","modified_gmt":"2026-01-13T21:15:29","slug":"pulsera-o-puno-ancho-y-curvado","status":"publish","type":"product","link":"https:\/\/rossymina.cat\/es\/pulsera-o-puno-ancho-y-curvado\/","title":{"rendered":"Pulsera o pu\u00f1o ancho y curvado"},"content":{"rendered":"<p>Pulseras de cuero suave con formas curvas.<\/p>\n<p>Se ajustan con un peque\u00f1o bot\u00f3n de tuerca.<\/p>\n<p>Pintadas a mano con dise\u00f1os inspirados en el Parc G\u00fcell y los mosaicos de Gaud\u00ed.<\/p>","protected":false},"excerpt":{"rendered":"<p>Pulsera de cuero suave hecha a mano.<br \/>\nPulsera ancha para ella.<\/p>","protected":false},"featured_media":8241,"template":"","meta":[],"product_brand":[],"product_cat":[251],"product_tag":[],"class_list":{"0":"post-12857","1":"product","2":"type-product","3":"status-publish","4":"has-post-thumbnail","6":"product_cat-joieria","8":"first","9":"instock","10":"shipping-taxable","11":"purchasable","12":"product-type-simple"},"booking_location":null,"booking_location_type":null,"booking_duration":null,"booking_duration_unit":null,"booking_buffer":null,"booking_cost":null,"booking_resources":null,"_links":{"self":[{"href":"https:\/\/rossymina.cat\/es\/wp-json\/wp\/v2\/product\/12857","targetHints":{"allow":["GET"]}}],"collection":[{"href":"https:\/\/rossymina.cat\/es\/wp-json\/wp\/v2\/product"}],"about":[{"href":"https:\/\/rossymina.cat\/es\/wp-json\/wp\/v2\/types\/product"}],"wp:featuredmedia":[{"embeddable":true,"href":"https:\/\/rossymina.cat\/es\/wp-json\/wp\/v2\/media\/8241"}],"wp:attachment":[{"href":"https:\/\/rossymina.cat\/es\/wp-json\/wp\/v2\/media?parent=12857"}],"wp:term":[{"taxonomy":"product_brand","embeddable":true,"href":"https:\/\/rossymina.cat\/es\/wp-json\/wp\/v2\/product_brand?post=12857"},{"taxonomy":"product_cat","embeddable":true,"href":"https:\/\/rossymina.cat\/es\/wp-json\/wp\/v2\/product_cat?post=12857"},{"taxonomy":"product_tag","embeddable":true,"href":"https:\/\/rossymina.cat\/es\/wp-json\/wp\/v2\/product_tag?post=12857"}],"curies":[{"name":"wp","href":"https:\/\/api.w.org\/{rel}","templated":true}]}}