{"id":12907,"date":"2025-12-01T19:10:15","date_gmt":"2025-12-01T19:10:15","guid":{"rendered":"https:\/\/rossymina.cat\/producto\/bossa-de-pell-de-color-negre-amb-cremallera\/"},"modified":"2026-01-13T21:15:39","modified_gmt":"2026-01-13T21:15:39","slug":"bolsa-de-piel-de-color-negro-con-cremallera","status":"publish","type":"product","link":"https:\/\/rossymina.cat\/es\/bolsa-de-piel-de-color-negro-con-cremallera\/","title":{"rendered":"Bolsa de piel de color negro con cremallera"},"content":{"rendered":"<p>Bolsa de piel negra informal<\/p>\n<p>Bolsa de piel para todos los d\u00edas<\/p>\n<p>Hacemos esta sencilla bolsa de piel negra en tres tama\u00f1os<\/p>\n<p>peque\u00f1a 10\u2033 o 22\u00d717 cm<\/p>\n<p>mediana 12\u2033 o 25\u00d720 cm<\/p>\n<p>larga 13,5\u2033 o 30\u00d724 cm<\/p>\n<p>El tama\u00f1o m\u00e1s peque\u00f1o tiene un compartimento y no tiene forro, las otras dos tienen bolsillo interior y forro de algod\u00f3n.<\/p>\n<p>Hemos hecho a mano esta bolsa de piel cruzada en tres tama\u00f1os diferentes: peque\u00f1o, mediano o mayor. Esta bolsa minimalista y funcional, lisa, est\u00e1 hecha con piel italiana suave de la mejor calidad. Lo hemos dise\u00f1ado con cremallera y solapa.<br \/>\nEsta bolsa de piel est\u00e1 disponible en negro, marr\u00f3n claro, marr\u00f3n claro, color camel, beige, blanco y otros colores.<br \/>\nHemos hecho que esta bolsa de piel sea ligera y c\u00f3moda de llevar en cualquier ocasi\u00f3n y estilo, y lo suficientemente grande para caber todos los elementos esenciales.<br \/>\nLos tama\u00f1os mediano y grande tienen un forro hecho de 100% algod\u00f3n y un bolsillo interior.<br \/>\nIncluye una correa ajustable de piel resistente con herrajes de lat\u00f3n de alta calidad.<\/p>\n<p>&nbsp; <\/p>\n<p>\u2714 M\u00c1S PEQUE\u00d1O:<br \/>\nUn \u00fanico compartimiento, sin forro.<br \/>\n\u2014DIMENSIONES:<br \/>\nAncho: 8\u2033 | 21cm<br \/>\nAltura: 6\u2033 | 16cm<br \/>\nCorrea: Correa de hombro ajustable 27\u201d \u2013 47,6\u201d (70 cm \u2013 120 cm)<br \/>\n\u2014CAPACIDAD: Cabe el tel\u00e9fono, una cartera peque\u00f1a, llaves, maquillaje, etc. <\/p>\n<p>\u2714 MEDIO:<br \/>\nForro 100% algod\u00f3n.<br \/>\nIncluye bolsillo interior de seguridad con cremallera. 6\u2033 de ancho x 4 1\/3 de altura (15cm\/11cm)<br \/>\n\u2014DIMENSIONES:<br \/>\nAncho: 9,6\u2033 | 25 cm<br \/>\nAltura: 7,5\u2033 | 19 cm<br \/>\nCorrea: Correa de hombro ajustable 27\u201d \u2013 47,6\u201d (70 cm \u2013 120 cm)<br \/>\n\u2014CAPACIDAD: Puedes caber una tablilla peque\u00f1a o un libro, una cartera, clavos, maquillaje, etc.<\/p>\n<p>\u2714 M\u00c1S GRANDE:<br \/>\nForro 100% algod\u00f3n.<\/p>\n<p>Incluye bolsillo interior de seguridad con cremallera<br \/>\n\u2014DIMENSIONES:<br \/>\nAncho: 12\u2033 | 30 cm<br \/>\nAltura: 8\u2033 | 21 cm<br \/>\n\u2014CAPACIDAD: Puedes caber una mesita peque\u00f1a o un libro, una botella de agua peque\u00f1a, una cartera, clavos, maquillaje, etc.<\/p>\n<p>Podemos a\u00f1adir un bolsillo adicional a medida para ti con un coste adicional. Compra la bolsa del tama\u00f1o deseado junto con el pedido personalizado\/personalizaci\u00f3n de la ficha.<\/p>","protected":false},"excerpt":{"rendered":"<p>Bolsa sencilla y divertida<\/p>\n<p>Bolso de dise\u00f1o<br \/>\nBolsas y monederos de mujer<br \/>\nBolsas de boda<br \/>\nBolsos \u00fanicos hechos a mano<br \/>\nHecho a mano en Barcelona<\/p>\n<p>Bolsa de piel de color negro puro con o sin solapa.<\/p>","protected":false},"featured_media":8398,"template":"","meta":[],"product_brand":[],"product_cat":[273,246],"product_tag":[397,401,402,400],"class_list":{"0":"post-12907","1":"product","2":"type-product","3":"status-publish","4":"has-post-thumbnail","6":"product_cat-bosses-llises-pell","7":"product_cat-bosses-de-pell","8":"product_tag-bossa-creuada","9":"product_tag-bossa-de-pell-de-color-negre","10":"product_tag-bossa-negra","11":"product_tag-pell-de-color-negre","13":"first","14":"instock","15":"shipping-taxable","16":"purchasable","17":"product-type-simple"},"booking_location":null,"booking_location_type":null,"booking_duration":null,"booking_duration_unit":null,"booking_buffer":null,"booking_cost":null,"booking_resources":null,"_links":{"self":[{"href":"https:\/\/rossymina.cat\/es\/wp-json\/wp\/v2\/product\/12907","targetHints":{"allow":["GET"]}}],"collection":[{"href":"https:\/\/rossymina.cat\/es\/wp-json\/wp\/v2\/product"}],"about":[{"href":"https:\/\/rossymina.cat\/es\/wp-json\/wp\/v2\/types\/product"}],"wp:featuredmedia":[{"embeddable":true,"href":"https:\/\/rossymina.cat\/es\/wp-json\/wp\/v2\/media\/8398"}],"wp:attachment":[{"href":"https:\/\/rossymina.cat\/es\/wp-json\/wp\/v2\/media?parent=12907"}],"wp:term":[{"taxonomy":"product_brand","embeddable":true,"href":"https:\/\/rossymina.cat\/es\/wp-json\/wp\/v2\/product_brand?post=12907"},{"taxonomy":"product_cat","embeddable":true,"href":"https:\/\/rossymina.cat\/es\/wp-json\/wp\/v2\/product_cat?post=12907"},{"taxonomy":"product_tag","embeddable":true,"href":"https:\/\/rossymina.cat\/es\/wp-json\/wp\/v2\/product_tag?post=12907"}],"curies":[{"name":"wp","href":"https:\/\/api.w.org\/{rel}","templated":true}]}}